{"id":3534,"date":"2023-03-24T11:02:52","date_gmt":"2023-03-24T10:02:52","guid":{"rendered":"https:\/\/samaniegolaw.com\/?page_id=3534"},"modified":"2023-03-24T11:02:54","modified_gmt":"2023-03-24T10:02:54","slug":"docencia","status":"publish","type":"page","link":"https:\/\/samaniegolaw.com\/es\/quienes-somos\/docencia\/","title":{"rendered":"Docencia"},"content":{"rendered":"<h2 class=\"title-sidebar\">Nuestros Valores<\/h2>\n<p>no-repeat;center top;;<\/p>\n<p>auto<\/p>\n<p><img decoding=\"async\" src=\"\"><\/p>\n<p>Nuestros clientes conf\u00edan en nuestra actitud persistente (orientada a encontrar soluciones sin regatear esfuerzos), en nuestros planteamientos razonables de honorarios, en nuestro pragmatismo y capacidad de sacrificio y en nuestras cualidades personales.No nos permitimos \u201cdormirnos en nuestros laurales\u201d y nos esforzamos por superar las expectativas puestas en nosotros en cada asunto.<\/p>\n<p>Asimismo, queremos ser siempre leales a los siguientes principios:<\/p>\n<ul>\n<li><strong>Libertad e Independencia:<\/strong> de cualquier interferencia o inter\u00e9s. En casos extremos, cuando sintamos que nuestra independencia puede verse comprometida, este compromiso puede incluso conllevar el no aceptar la encomienda de un asunto o dejar de actuar para un cliente.<\/li>\n<li><strong>Nuestros Miembros de Equipo:<\/strong> Valoramos enormemente la libertad individual de nuestros equipos y profesionales, que deben llevar a cabo su trabajo sin restricciones innecesarias. Y lo que es m\u00e1s importante, nuestra estructura est\u00e1 dise\u00f1ada para conseguir un sano equilibrio entre trabajo y vida privada, con \u00e9nfasis en la flexibilidad y la responsabilidad individual.<\/li>\n<li><strong>\u00c9tica:<\/strong> estamos absolutamente comprometidos con los m\u00e1s altos est\u00e1ndares de comportamiento \u00e9tico y profesional con respecto a nuestros clientes, socios, organizaciones profesionales, reguladores y colegas de profesi\u00f3n.<\/li>\n<\/ul>\n<p><i>\u201cNo ejercer\u00e1s de manera \u00e9tica \u2014puesto que no se puede ejercer de manera \u00e9tica\u2014 a no ser que actuar \u00e9ticamente sea habitual en ti. Debes tener el h\u00e1bito de ser honesto. Debes tener el h\u00e1bito de ser justo. Debes tener el h\u00e1bito de ser compasivo. Estas cualidades deben estar profundamente arraigadas en ti de manera que no puedas encenderlas y apagarlas seg\u00fan tu gusto.\u201d<\/i> (Sobre c\u00f3mo ser un miembro feliz, sano y \u00e9tico de una profesi\u00f3n infeliz, insana y poco \u00e9tica, Patrick J. Schultz).<\/p>\n<p>Para m\u00e1s informaci\u00f3n sobre nuestras obligaciones profesionales, puede leer nuestro <a href=\"\/es\/aviso-legal\/\" target=\"_blank\" rel=\"noopener\">Aviso Legal<\/a>.<\/p>\n<p><strong>Excelencia:<\/strong> buscamos superar las expectativas de nuestros clientes. La calidad de nuestro servicio proviene de dar a nuestros abogados y consultores el espacio necesario para ejercer sus obligaciones, as\u00ed como de equiparles con la tecnolog\u00eda, las herramientas disponibles y las estrategias m\u00e1s inteligentes para defender nuestros casos.<\/p>\n<p><strong>Eficacia:<\/strong> prestamos especial atenci\u00f3n a la metodolog\u00eda y al an\u00e1lisis. Todo lo que hagamos debe a\u00f1adir valor, y debemos saber distinguir entre las tareas que hacen avanzar a un asunto hasta que prospere, de aquellas que no.<\/p>\n<p><strong>Brevedad:<\/strong> somos muy conscientes de que nuestros clientes disponen de poco tiempo y de lo precioso que es. Nuestra comunicaci\u00f3n escrita y verbal ofrece una s\u00edntesis clara y sucinta de los asuntos que tenemos encomendados. Simplificamos y aclaramos, no inundamos con informaci\u00f3n in\u00fatil al cliente.<\/p>\n<p><strong>Desarrollo del Conocimiento:<\/strong> estamos comprometidos con el desarrollo del conocimiento, la educaci\u00f3n y docencia y la investigaci\u00f3n. Nuestros equipos colaboran con think tanks e imparten conferencias y casos pr\u00e1cticos en prestigiosas universidades y en organizaciones profesionales. Entre ellas, podemos destacar <a href=\"https:\/\/www.cpradr.org\/\" target=\"_blank\" rel=\"noopener\">CPR<\/a>, el Club Espa\u00f1ol del Arbitraje <a href=\"https:\/\/www.clubarbitraje.com\/en\" target=\"_blank\" rel=\"noopener\">(CEA)<\/a>, <a href=\"https:\/\/www.jamsadr.com\/\" target=\"_blank\" rel=\"noopener\">JAMS<\/a>, <a href=\"https:\/\/www.icdr.org\/\" target=\"_blank\" rel=\"noopener\">ICDR\/AAA<\/a>, <a href=\"https:\/\/www.cedr.com\/\" target=\"_blank\" rel=\"noopener\">CEDR<\/a>, <a href=\"http:\/\/www.arbitramadrid.com\/web\/corte\/home\/\" target=\"_blank\" rel=\"noopener\">la Corte de Arbitraje de la C\u00e1mara de Comercio de Madrid<\/a>, <a href=\"http:\/\/www.asociacioneuropeadearbitraje.org\/Es\/index.php\/es\/\" target=\"_blank\" rel=\"noopener\">AEADE<\/a>, el <a href=\"https:\/\/www.ie.edu\/\" target=\"_blank\" rel=\"noopener\">IE<\/a>, la <a href=\"http:\/\/www.uspceu.com\/international_website\/uk\/la_universidad.aspx\" target=\"_blank\" rel=\"noopener\">Universidad CEU-San Pablo<\/a>, la <a href=\"http:\/\/www.unav.edu\/en\/home\" target=\"_blank\" rel=\"noopener\">Universidad de Navarra<\/a>, la <a href=\"https:\/\/www.fiu.edu\/\" target=\"_blank\" rel=\"noopener\">Florida International University<\/a>, <a href=\"https:\/\/www.isdemasters.com\/en\" target=\"_blank\" rel=\"noopener\">ISDE<\/a>, <a href=\"http:\/\/www.institutoatlanticodegobierno.org\/\" target=\"_blank\" rel=\"noopener\">IADG<\/a>, <a href=\"https:\/\/www.fidefundacion.es\/The-Foundation-for-Research-in-Law-and-Business-a-reflexive-network-amongst-professionals-of-the-business-and-legal_a36.html\" target=\"_blank\" rel=\"noopener\">FIDE<\/a>, <a href=\"https:\/\/privacylawsalon.com\/\" target=\"_blank\" rel=\"noopener\">Privacy Law Salon<\/a>, la <a href=\"http:\/\/www.uspceu.com\/es\/investigacion\/catedras-investigacion\/google.aspx\" target=\"_blank\" rel=\"noopener\">C\u00e1tedra Google-CEU de Privacidad<\/a>, <a href=\"http:\/\/informationaccountability.org\/\" target=\"_blank\" rel=\"noopener\">Information Accountability Foundation<\/a>, <a href=\"https:\/\/www.privacylaws.com\/\" target=\"_blank\" rel=\"noopener\">Privacy Law &amp; Business<\/a>, <a href=\"https:\/\/www.acc.com\/chapters\/euro\/\" target=\"_blank\" rel=\"noopener\">ACC Europe<\/a>, o la <a href=\"https:\/\/iccwbo.org\/global-issues-trends\/digital-growth\/\" target=\"_blank\" rel=\"noopener\">comisi\u00f3n de Econom\u00eda Digital de ICC<\/a>.<\/p>\n<p><strong>Nuestro peque\u00f1o \u201cgranito de arena\u201d<\/strong>: apoyamos decididamente a personas y organizaciones que se preocupan por tener un impacto positivo y duradero en los actuales retos sociales, medioambientales y econ\u00f3micos. Nos hemos inspirado en ellos para realizar nuestra humilde contribuci\u00f3n a varias actividades de voluntariado y pro bono que sean capaces de marcar la diferencia en beneficio de nuestra comunidad, del medio ambiente y de la sociedad en general. Para m\u00e1s informaci\u00f3n sobre nuestras actividades de RSC: <a href=\"\/es\/rsc\/\">pinche aqu\u00ed<\/a>.<\/p>\n<p>no-repeat;center top;;<\/p>\n<p>auto<\/p>\n","protected":false},"excerpt":{"rendered":"<p>Nuestros Valores no-repeat;center top;; auto Nuestros clientes conf\u00edan en nuestra actitud persistente (orientada a encontrar soluciones sin regatear esfuerzos), en nuestros planteamientos razonables de honorarios, en<span class=\"excerpt-hellip\"> [\u2026]<\/span><\/p>\n","protected":false},"author":2,"featured_media":0,"parent":576,"menu_order":2,"comment_status":"closed","ping_status":"closed","template":"","meta":{"footnotes":""},"class_list":["post-3534","page","type-page","status-publish","hentry"],"_links":{"self":[{"href":"https:\/\/samaniegolaw.com\/es\/wp-json\/wp\/v2\/pages\/3534","targetHints":{"allow":["GET"]}}],"collection":[{"href":"https:\/\/samaniegolaw.com\/es\/wp-json\/wp\/v2\/pages"}],"about":[{"href":"https:\/\/samaniegolaw.com\/es\/wp-json\/wp\/v2\/types\/page"}],"author":[{"embeddable":true,"href":"https:\/\/samaniegolaw.com\/es\/wp-json\/wp\/v2\/users\/2"}],"replies":[{"embeddable":true,"href":"https:\/\/samaniegolaw.com\/es\/wp-json\/wp\/v2\/comments?post=3534"}],"version-history":[{"count":1,"href":"https:\/\/samaniegolaw.com\/es\/wp-json\/wp\/v2\/pages\/3534\/revisions"}],"predecessor-version":[{"id":3582,"href":"https:\/\/samaniegolaw.com\/es\/wp-json\/wp\/v2\/pages\/3534\/revisions\/3582"}],"up":[{"embeddable":true,"href":"https:\/\/samaniegolaw.com\/es\/wp-json\/wp\/v2\/pages\/576"}],"wp:attachment":[{"href":"https:\/\/samaniegolaw.com\/es\/wp-json\/wp\/v2\/media?parent=3534"}],"curies":[{"name":"wp","href":"https:\/\/api.w.org\/{rel}","templated":true}]}}