{"id":576,"date":"2017-11-21T15:19:25","date_gmt":"2017-11-21T14:19:25","guid":{"rendered":"http:\/\/samaniegolaw.com\/who-we-are\/"},"modified":"2022-06-23T21:26:58","modified_gmt":"2022-06-23T20:26:58","slug":"quienes-somos","status":"publish","type":"page","link":"https:\/\/samaniegolaw.com\/es\/quienes-somos\/","title":{"rendered":"QUI\u00c9NES SOMOS"},"content":{"rendered":"<h2 class=\"title-sidebar\">Sobre Nosotros<\/h2>\n<p>no-repeat;center top;;<\/p>\n<p>auto<\/p>\n<p><img decoding=\"async\" src=\"\"><\/p>\n<h2 id=\"NuestraHistoria\" class=\"title\">Historia<\/h2>\n<p>SAMANIEGO LAW abri\u00f3 sus puertas en enero de 2017 bajo la iniciativa de Javier Fern\u00e1ndez-Samaniego, uno de los abogados l\u00edderes en Europa tanto en Derecho de las Tecnolog\u00edas como en Resoluci\u00f3n de Conflictos, con m\u00e1s de 20 a\u00f1os de experiencia en el sector en Europa y acreditado tambi\u00e9n como \u201cForeign Legal Consultant\u201d por el Colegio de Abogados de Florida (EEUU).<\/p>\n<p>El despacho abri\u00f3 simult\u00e1neamente sus oficinas en Madrid y Miami, en el centro neur\u00e1lgico del tri\u00e1ngulo de negocios formado por EEUU, Iberoam\u00e9rica y Europa.<\/p>\n<p>Nuestra firma tiene a sus espaldas m\u00e1s de 20 a\u00f1os de largas jornadas y miles de horas de experiencia adquirida en algunos de los principales despachos nacionales e internacionales que operan en Europa. En vanguardia, contamos con la magia de un proyecto joven y la humilde convicci\u00f3n de que estamos liderando una nueva forma de prestar servicios jur\u00eddicos.<\/p>\n<h2 id=\"NuestroModeloDeNegocioYFilosofia\" class=\"title\">Nuestro modelo de negocio y filosof\u00eda<\/h2>\n<p>SAMANIEGO LAW es un h\u00edbrido entre un despacho de abogac\u00eda de negocios, una consultora estrat\u00e9gico-jur\u00eddica y una plataforma tecnol\u00f3gica que provee soluciones a problemas complejos.<\/p>\n<p>SAMANIEGO LAW ofrece soluciones y equipos adaptados a cada problema concreto al que nos enfrentamos. La firma provee un servicio adaptado a las nuevas necesidades que exige el mundo corporativo, en constante cambio, en el que el modelo de \u201cone-stop-shop\u201d (cuando un solo despacho proclamaba tener los equipos y profesionales id\u00f3neos para cada caso) no es en muchos casos la opci\u00f3n necesaria o cre\u00edble. Nuestro innovador modelo de firma se empieza a calificar ya como \u201calternativo\u201d o \u201cvirtual\u201d, pero para nosotros es el modelo l\u00f3gico y la respuesta que exigen nuestros clientes en un mundo transformado tecnol\u00f3gicamente.<\/p>\n<p>Creemos en soluciones jur\u00eddicas abiertas, sencillas y dise\u00f1adas totalmente a medida. Esa creencia orienta todo nuestro servicio al cliente: la manera en la que organizamos nuestros equipos de trabajo, nuestro modelo de honorarios y la gesti\u00f3n de nuestras relaciones.<\/p>\n<h2 id=\"NuestroEquipo\" class=\"title\">Nuestro equipo<\/h2>\n<p>Nuestro equipo est\u00e1 formado por abogados de negocios internacionales y consultores, tanto estrat\u00e9gicos como tecnol\u00f3gicos, centrados en Tecnolog\u00eda y Resoluci\u00f3n de Conflictos. Contamos con el apoyo de una consolidada red de reconocidos profesionales y legal interim managers que trabajan \u201cpor proyectos\u201d.<\/p>\n<p>Asimismo, contamos con una alianza privilegiada con <a href=\"https:\/\/www.unitedlex.com\/\" target=\"_blank\" rel=\"noopener\">United Lex<\/a> , proveedor global de soluciones tecnol\u00f3gicas y de inteligencia artificial para el sector legal. Tanto los miembros de nuestro equipo como los de nuestra red de legal interim managers cuentan con s\u00f3lidos conocimientos y habilidades t\u00e9cnicas y empresariales necesarias para ofrecer soluciones hol\u00edsticas y personalizadas a los retos a los que se enfrentan nuestros clientes. Con una mentalidad positiva, abierta y siempre diligente y dedicada.<\/p>\n<h2 id=\"AmbitoGeografico\" class=\"title\">\u00c1mbito geogr\u00e1fico<\/h2>\n<p>Si bien operamos globalmente, nos enfocamos en la que denominamos regi\u00f3n \u201cibero-atl\u00e1ntica\u201d y asesoramos habitualmente a empresas del continente americano (tanto de Am\u00e9rica del Norte como de Iberoam\u00e9rica) que tienen inter\u00e9s en expandirse hacia Europa, y viceversa, empresas europeas con proyectos de expansi\u00f3n en las dos Am\u00e9ricas.<\/p>\n<p>No obstante, muchos de nuestros clientes cuentan con nosotros como asesores de confianza a la hora de hacer frente a sus retos en otras regiones como Rusia, \u00c1frica Oriental u Oriente Medio, donde les hemos ayudado con \u00e9xito mediante co-counseling con nuestros colaboradores locales de confianza en esas regiones.<\/p>\n<h2 id=\"NuestrosClientes\" class=\"title\">Nuestros clientes<\/h2>\n<p>Nuestros clientes son t\u00edpicamente tanto los proveedores de soluciones tecnol\u00f3gicas o implantadores de proyectos de desarrollo transformacional o transformaci\u00f3n digital, como tambi\u00e9n aquellas entidades -clientes de los anteriores- que reinventan sus negocios. Los \u201cdisruptores\u201d y los afectados por la disrupci\u00f3n tecnol\u00f3gica que necesitan asesoramiento, defensa o acompa\u00f1amiento ya para apoyar sus nuevos modelos de negocio (ayudando a definir la nueva regulaci\u00f3n que exige) o bien dando soluciones a la gesti\u00f3n y negociaci\u00f3n de sus complejas realidades contractuales, sus proyectos complejos o las exigencias de compliance (cumplimiento normativo que afecta a sus industrias).<\/p>\n<h2 id=\"NuestraFormaEntenderClientes\" class=\"title\">Nuestra forma de entender la relaci\u00f3n con nuestros clientes<\/h2>\n<p>Nuestra aspiraci\u00f3n es construir relaciones fuertes, sanas y duraderas con nuestros clientes. Dise\u00f1amos meticulosamente nuestras propuestas de colaboraci\u00f3n y servicios para estar siempre alineados con los objetivos de nuestros clientes, ofreciendo esquemas de honorarios equilibrados, razonables, justos y predecibles.<\/p>\n<p>Nuestra relaci\u00f3n con los clientes se extiende m\u00e1s all\u00e1 del encargo encomendado, inform\u00e1ndoles sobre las \u00faltimas noticias jur\u00eddicas, cambios regulatorios o \u00e1reas que puedan afectar a sus negocios, y ayudando a identificar nuevas oportunidades de negocio. Nuestra relaci\u00f3n va m\u00e1s all\u00e1 de las cl\u00e1sicas newsletters, y estamos orgullosos de haber ayudado a algunos de nuestros clientes a identificar nuevos modelos empresariales, nuevos mercados geogr\u00e1ficos o bien a crear nuevas relaciones comerciales fruct\u00edferas.<\/p>\n<h2 id=\"NuestrosHonorarios\" class=\"title\">Nuestros honorarios<\/h2>\n<p>Gracias a nuestra estructura organizativa (radicalmente nueva, simple y flexible, aligerada de grandes costes fijos), nuestro uso inteligente de la tecnolog\u00eda y nuestra meticulosa selecci\u00f3n de profesionales (cualificados de todas partes del mundo para cada asunto), ofrecemos a los clientes un servicio de excepcional calidad que puede conllevar ahorros de hasta un 60% de promedio en nuestros honorarios, compar\u00e1ndolos con las ofertas tradicionales. Ello con independencia de la ubicaci\u00f3n en la que se presten los servicios.<\/p>\n<p>Nuestros clientes llevan muchos a\u00f1os diciendo que \u201cla facturaci\u00f3n por horas ha muerto\u201d, y compartimos su opini\u00f3n. Con algunas excepciones, la facturaci\u00f3n por horas ha quedado obsoleta. Por eso, nos preocupamos por dise\u00f1ar cuidadosamente propuestas de honorarios que garanticen que el cliente obtiene un verdadero valor por el servicio que paga.<\/p>\n<p>no-repeat;center top;;<\/p>\n<p>auto<\/p>\n","protected":false},"excerpt":{"rendered":"<p>Sobre Nosotros no-repeat;center top;; auto Historia SAMANIEGO LAW abri\u00f3 sus puertas en enero de 2017 bajo la iniciativa de Javier Fern\u00e1ndez-Samaniego, uno de los abogados l\u00edderes<span class=\"excerpt-hellip\"> [\u2026]<\/span><\/p>\n","protected":false},"author":2,"featured_media":0,"parent":0,"menu_order":1,"comment_status":"closed","ping_status":"closed","template":"","meta":{"footnotes":""},"class_list":["post-576","page","type-page","status-publish","hentry"],"_links":{"self":[{"href":"https:\/\/samaniegolaw.com\/es\/wp-json\/wp\/v2\/pages\/576","targetHints":{"allow":["GET"]}}],"collection":[{"href":"https:\/\/samaniegolaw.com\/es\/wp-json\/wp\/v2\/pages"}],"about":[{"href":"https:\/\/samaniegolaw.com\/es\/wp-json\/wp\/v2\/types\/page"}],"author":[{"embeddable":true,"href":"https:\/\/samaniegolaw.com\/es\/wp-json\/wp\/v2\/users\/2"}],"replies":[{"embeddable":true,"href":"https:\/\/samaniegolaw.com\/es\/wp-json\/wp\/v2\/comments?post=576"}],"version-history":[{"count":11,"href":"https:\/\/samaniegolaw.com\/es\/wp-json\/wp\/v2\/pages\/576\/revisions"}],"predecessor-version":[{"id":3475,"href":"https:\/\/samaniegolaw.com\/es\/wp-json\/wp\/v2\/pages\/576\/revisions\/3475"}],"wp:attachment":[{"href":"https:\/\/samaniegolaw.com\/es\/wp-json\/wp\/v2\/media?parent=576"}],"curies":[{"name":"wp","href":"https:\/\/api.w.org\/{rel}","templated":true}]}}