{"id":596,"date":"2017-11-29T10:03:49","date_gmt":"2017-11-29T09:03:49","guid":{"rendered":"http:\/\/samaniegolaw.com\/leadership\/"},"modified":"2022-09-22T11:58:51","modified_gmt":"2022-09-22T10:58:51","slug":"liderazgo","status":"publish","type":"page","link":"https:\/\/samaniegolaw.com\/es\/liderazgo\/","title":{"rendered":"LIDERAZGO"},"content":{"rendered":"<h2 class=\"title-sidebar\">Liderazgo<\/h2>\n<p>no-repeat;center top;;<\/p>\n<p>auto<\/p>\n<p><img decoding=\"async\" src=\"\"><\/p>\n<p>No solo aspiramos a tener una gran reputaci\u00f3n dentro de nuestro \u00e1mbito de especialidad, sino que tambi\u00e9n nos esforzamos en ser l\u00edderes de los cambios que est\u00e1 experimentando nuestra profesi\u00f3n, con nuestro modelo de negocio innovador y alternativo.<\/p>\n<p>Los proyectos de liderazgo con los que contribuimos suponen una generosa \u2014pero gratificante\u2014 cesi\u00f3n de nuestro tiempo. Las contribuciones m\u00e1s destacadas en las que hemos participado recientemente son:<\/p>\n<ul>\n<li>Coordinaci\u00f3n de la <strong>Latin Atlantic Tech Law Collaborative<\/strong> en la <a href=\"https:\/\/law.fiu.edu\/latlc\/\" target=\"_blank\" rel=\"noopener\">Florida International University<\/a><\/li>\n<li>Participaci\u00f3n en la <strong>Comisi\u00f3n de Econom\u00eda Digital<\/strong> de la C\u00e1mara de Comercio Internacional (<a href=\"https:\/\/iccwbo.org\/about-us\/\" target=\"_blank\" rel=\"noopener\">ICC<\/a>)<\/li>\n<li>Participaci\u00f3n en el grupo de trabajo para  la creaci\u00f3n del denominado GDPR Legitimate Interests Assessment Project en la IAF Information Accountability Foundation \u2013 <a href=\"http:\/\/informationaccountability.org\/projects\/\" target=\"_blank\" rel=\"noopener\">IAF<\/a><\/li>\n<li>Miembros del <a href=\"http:\/\/www.fidefundacion.es\/mjuridico\/\" target=\"_blank\" rel=\"noopener\">Consejo Acad\u00e9mico de la Fundaci\u00f3n FIDE<\/a>, a major think-tank in Spain, donde Javier F. Samaniego coordina el blog \u201cMetamorfosis\u201d, sobre los problemas legales asociados a la innovaci\u00f3n y la disrupci\u00f3n tecnol\u00f3gica. \u2022\tJavier F. Samaniego tambi\u00e9n coordina el Grupo de trabajo para la implementaci\u00f3n del RGPD (Reglamento General de Protecci\u00f3n de Datos) en Espa\u00f1a y participa habitualmente en los seminarios FIDE sobre problemas legales asociados a la Econom\u00eda Digital como Big Data, FinTech, Rob\u00f3tica, etc<\/li>\n<li>Colaboraci\u00f3n con la <strong>C\u00e1tedra Google de Privacidad<\/strong> en la <a href=\"http:\/\/www.uspceu.com\/es\/investigacion\/catedras-investigacion\/index.aspx\" target=\"_blank\" rel=\"noopener\">Universidad CEU-San Pablo<\/a> CEU (Espa\u00f1a)<\/li>\n<li>Miembros del Comit\u00e9 Ejecutivo de <a href=\"https:\/\/www.cpradr.org\/\" target=\"_blank\" rel=\"noopener\">CPR<\/a> \u2013 <strong>Center of Conflict Prevention and Resolution <\/strong>, NY, USA<\/li>\n<\/ul>\n<p>Nuestro liderazgo tambi\u00e9n es reconocido por los directorios legales internacionales independientes. Los miembros de nuestro equipo est\u00e1n muy valorados en estos rankings y han sido distinguidos con prestigiosos premios:<\/p>\n<ul>\n<li><a href=\"https:\/\/www.ft.com\/reports\/innovative-lawyers\" target=\"_blank\" rel=\"noopener\">Financial Times Innovative Lawyers Report and Awards<\/a> en Europa. SAMANIEGO LAW ha sido reconocido entre los despachos m\u00e1s innovadores de Europa por el prestigioso ranking y Javier Fern\u00e1ndez-Samaniego entre los diez innovadores jur\u00eddicos del a\u00f1o 2017 (Sept 2017).<\/li>\n<li><a href=\"https:\/\/www.chambersandpartners.com\/Europe\/firm\/22958388\/samaniego-law\" target=\"_blank\" rel=\"noopener\">Chambers &amp; Partners Europa <\/a> directorio legal: Banda 1 para IT (Espa\u00f1a) y Reconocidos Profesionales en su secci\u00f3n de Resoluci\u00f3n de Conflictos (also Global edition)<\/li>\n<li>Formamos parte de la red de <a href=\"http:\/\/www.selectcounsel.law\/index.php\" target=\"_blank\" rel=\"noopener\">Select Counsel<\/a>.<\/li>\n<li>Javier F. Samaniego ha sido reconocido por el directorio jur\u00eddico <a href=\"https:\/\/www.bestlawyers.com\/lawyers\/javier-fern-ndez-samaniego\/94693\" target=\"_blank\" rel=\"noopener\">Best Lawyers<\/a> como el Mejor Abogado en Espa\u00f1a en Derecho de las Tecnolog\u00edas (2017), Privacidad y Protecci\u00f3n de Datos (2014 y 2016), Tecnolog\u00edas de la Informaci\u00f3n (2015)<\/li>\n<li><a href=\"http:\/\/whoswholegal.com\/profiles\/76184\/0\/fernandez-samaniego\/javier-fernandez-samaniego\/\" target=\"_blank\" rel=\"noopener\">Who\u00b4s Who Legal<\/a> en \u00e1rea TMT (IT) y Transporte (Regulaci\u00f3n de la Aviaci\u00f3n)<\/li>\n<li>Javier F. Samaniego fue ganador de los Client Choice Awards de International Law Office  (<a href=\"https:\/\/www.clientchoice.com\/javier-fern%C3%A1ndez-samaniego\" target=\"_blank\" rel=\"noopener\">ILO<\/a>) en 2010, 2011, 2013 y 2015.<\/li>\n<li>Javier F. Samaniego fue reconocido por los premios <a href=\"http:\/\/www.iberianlawyer.com\/\" target=\"_blank\" rel=\"noopener\">Iberian Lawyer<\/a> 40 under 40 awards en 2007 y 2011<\/li>\n<\/ul>\n<p>no-repeat;center top;;<\/p>\n<p>auto<\/p>\n<p><img decoding=\"async\" src=\"\" alt=\"\"><\/p>\n<p><a href=\"http:\/\/whoswholegal.com\/profiles\/76184\/0\/fernandez-samaniego\/javier-fernandez-samaniego\/\">http:\/\/whoswholegal.com\/profiles\/76184\/0\/fernandez-samaniego\/javier-fernandez-samaniego\/<\/a><\/p>\n<p><img decoding=\"async\" src=\"http:\/\/samaniegolaw.com\/wp-content\/uploads\/2018\/03\/Leadership_ChambersEurope2018logo.jpeg\" alt=\"Leadership_ChambersEurope2018logo\"><\/p>\n<p>medium<\/p>\n<p><a href=\"https:\/\/www.chambersandpartners.com\/Europe\/person\/28332\/javier-fernandez-samaniego\">https:\/\/www.chambersandpartners.com\/Europe\/person\/28332\/javier-fernandez-samaniego<\/a><\/p>\n<p><img decoding=\"async\" src=\"\" alt=\"\"><\/p>\n<p><a href=\"https:\/\/www.bestlawyers.com\/lawyers\/javier-fernandez-samaniego\/94693\">https:\/\/www.bestlawyers.com\/lawyers\/javier-fernandez-samaniego\/94693<\/a><\/p>\n<p><img decoding=\"async\" src=\"http:\/\/samaniegolaw.com\/wp-content\/uploads\/2018\/03\/LogoSelectCounsel.png\" alt=\"LogoSelectCounsel\"><\/p>\n<p>large<\/p>\n<p><a href=\"http:\/\/www.selectcounsel.law\/index.php\">http:\/\/www.selectcounsel.law\/index.php<\/a><\/p>\n<p>default<\/p>\n<p><img decoding=\"async\" src=\"\" alt=\"\"><\/p>\n<p><img decoding=\"async\" src=\"\" alt=\"\"><\/p>\n<p><a href=\"https:\/\/www.clientchoice.com\/javier-fern%C3%A1ndez-samaniego\">https:\/\/www.clientchoice.com\/javier-fern%C3%A1ndez-samaniego<\/a><\/p>\n<p><img decoding=\"async\" src=\"\" alt=\"\"><\/p>\n<p><a href=\"https:\/\/www.ft.com\/reports\/innovative-lawyers\">https:\/\/www.ft.com\/reports\/innovative-lawyers<\/a><\/p>\n<p><a href=\"http:\/\/www.legal500.com\/firms\/18194-samaniego-law-sl\/offices\/24735-madrid-spain\/lawyers\">http:\/\/www.legal500.com\/firms\/18194-samaniego-law-sl\/offices\/24735-madrid-spain\/lawyers<\/a><\/p>\n","protected":false},"excerpt":{"rendered":"<p>Liderazgo no-repeat;center top;; auto No solo aspiramos a tener una gran reputaci\u00f3n dentro de nuestro \u00e1mbito de especialidad, sino que tambi\u00e9n nos esforzamos en ser l\u00edderes<span class=\"excerpt-hellip\"> [\u2026]<\/span><\/p>\n","protected":false},"author":2,"featured_media":0,"parent":0,"menu_order":3,"comment_status":"closed","ping_status":"closed","template":"","meta":{"footnotes":""},"class_list":["post-596","page","type-page","status-publish","hentry"],"_links":{"self":[{"href":"https:\/\/samaniegolaw.com\/es\/wp-json\/wp\/v2\/pages\/596","targetHints":{"allow":["GET"]}}],"collection":[{"href":"https:\/\/samaniegolaw.com\/es\/wp-json\/wp\/v2\/pages"}],"about":[{"href":"https:\/\/samaniegolaw.com\/es\/wp-json\/wp\/v2\/types\/page"}],"author":[{"embeddable":true,"href":"https:\/\/samaniegolaw.com\/es\/wp-json\/wp\/v2\/users\/2"}],"replies":[{"embeddable":true,"href":"https:\/\/samaniegolaw.com\/es\/wp-json\/wp\/v2\/comments?post=596"}],"version-history":[{"count":11,"href":"https:\/\/samaniegolaw.com\/es\/wp-json\/wp\/v2\/pages\/596\/revisions"}],"predecessor-version":[{"id":3352,"href":"https:\/\/samaniegolaw.com\/es\/wp-json\/wp\/v2\/pages\/596\/revisions\/3352"}],"wp:attachment":[{"href":"https:\/\/samaniegolaw.com\/es\/wp-json\/wp\/v2\/media?parent=596"}],"curies":[{"name":"wp","href":"https:\/\/api.w.org\/{rel}","templated":true}]}}