{"id":611,"date":"2017-11-23T10:35:14","date_gmt":"2017-11-23T09:35:14","guid":{"rendered":"http:\/\/samaniegolaw.com\/__trashed\/legal-solutions\/"},"modified":"2022-03-16T21:26:56","modified_gmt":"2022-03-16T20:26:56","slug":"soluciones-juridicas","status":"publish","type":"page","link":"https:\/\/samaniegolaw.com\/es\/que-hacemos\/soluciones-juridicas\/","title":{"rendered":"SOLUCIONES JUR\u00cdDICAS"},"content":{"rendered":"<h2 class=\"title-sidebar\">Soluciones<br \/>\nJur\u00eddicas<\/h2>\n<p>no-repeat;center top;;<\/p>\n<p>auto<\/p>\n<p><img decoding=\"async\" src=\"\"><\/p>\n<p>Nuestros servicios se adaptan a los sectores industriales en los que nuestros clientes desarrollan sus actividades y a sus necesidades concretas.<\/p>\n<p>Los directores de nuestro equipo jur\u00eddico han ejercido la abogac\u00eda en algunos de los despachos internacionales l\u00edderes en derecho de negocios, y cuentan con un alto reconocimiento por parte de los directorios legales. Asimismo, nuestro equipo legal cuenta con una dilatada experiencia tanto en operaciones como en proyectos, cumplimiento normativo o \u201ccompliance\u201d y resoluci\u00f3n de conflictos.<\/p>\n<p>Estamos convencidos de que no se puede ser un buen especialista sin tener s\u00f3lidos conocimientos generales y de la realidad de los conflictos empresariales. Por ello, todos nuestros equipos tienen formaci\u00f3n y experiencia en prevenci\u00f3n y resoluci\u00f3n de conflictos. Asimismo, nuestros equipos conocen los retos regulatorios a los que las empresas deben hacer frente, y est\u00e1n entrenados para asesorar y gestionar proyectos y operaciones complejos.<\/p>\n<p>Nuestra oferta de servicios va m\u00e1s all\u00e1 de la asesor\u00eda jur\u00eddica tradicional. Esto es posible gracias a nuestro enfoque h\u00edbrido y flexible y a nuestra alianza con United Lex, que permite ofrecer soluciones tecnol\u00f3gicas a problemas complejos (por su car\u00e1cter multi-jurisdiccional, intensidad documental, etc.) de manera eficiente y con costes muy competitivos.<\/p>\n<p>no-repeat;center top;;<\/p>\n<p>auto<\/p>\n<p>no-margin<\/p>\n<p><a href=\"\/es\/que-hacemos\/soluciones-juridicas\/resolucion-de-conflictos\/\"><\/a><\/p>\n<p><a href=\"\/es\/que-hacemos\/soluciones-juridicas\/resolucion-de-conflictos\/\"><\/p>\n<div class=\"green-column\">\n<p>Resoluci\u00f3n de Conflictos<\/p>\n<\/div>\n<p><\/a><a href=\"\/es\/que-hacemos\/soluciones-juridicas\/resolucion-de-conflictos\/\"><\/a><\/p>\n<p>no-repeat;center top;;<\/p>\n<p>auto<\/p>\n<p>cajas-legal<\/p>\n<p><a href=\"\/es\/que-hacemos\/soluciones-juridicas\/derecho-de-las-tecnologias-y-proyectos-de-transformacion-digital\/\"><\/a><\/p>\n<p><a href=\"\/es\/que-hacemos\/soluciones-juridicas\/derecho-de-las-tecnologias-y-proyectos-de-transformacion-digital\/\"><\/p>\n<div class=\"green-column\">\n<p>Derecho de las Tecnolog\u00edas y Proyectos de IT y Transformaci\u00f3n Digital<\/p>\n<\/div>\n<p><\/a><a href=\"\/es\/que-hacemos\/soluciones-juridicas\/derecho-de-las-tecnologias-y-proyectos-de-transformacion-digital\/\"><\/a><\/p>\n<p>no-repeat;center top;;<\/p>\n<p>auto<\/p>\n<p>cajas-legal<\/p>\n<p>default<\/p>\n<p><a href=\"\/es\/que-hacemos\/soluciones-juridicas\/ciberseguridad-y-privacidad\/\"><\/a><\/p>\n<p><a href=\"\/es\/que-hacemos\/soluciones-juridicas\/ciberseguridad-y-privacidad\/\"><\/p>\n<div class=\"green-column\">\n<p>Ciberseguridad  y Privacidad<\/p>\n<\/div>\n<p><\/a><a href=\"\/es\/que-hacemos\/soluciones-juridicas\/ciberseguridad-y-privacidad\/\"><\/a><\/p>\n<p>no-repeat;center top;;<\/p>\n<p>auto<\/p>\n<p>cajas-legal<\/p>\n<p><a href=\"\/es\/que-hacemos\/soluciones-juridicas\/lobbying-y-asuntos-gubernamentales\/\"><\/a><\/p>\n<p><a href=\"\/es\/que-hacemos\/soluciones-juridicas\/lobbying-y-asuntos-gubernamentales\/\"><\/p>\n<div class=\"green-column\">\n<p>Lobbying y Asuntos Gubernamentales<\/p>\n<\/div>\n<p><\/a><a href=\"\/es\/que-hacemos\/soluciones-juridicas\/lobbying-y-asuntos-gubernamentales\/\"><\/a><\/p>\n<p>no-repeat;center top;;<\/p>\n<p>auto<\/p>\n<p>cajas-legal<\/p>\n","protected":false},"excerpt":{"rendered":"<p>Soluciones Jur\u00eddicas no-repeat;center top;; auto Nuestros servicios se adaptan a los sectores industriales en los que nuestros clientes desarrollan sus actividades y a sus necesidades concretas.<span class=\"excerpt-hellip\"> [\u2026]<\/span><\/p>\n","protected":false},"author":2,"featured_media":0,"parent":624,"menu_order":5,"comment_status":"closed","ping_status":"closed","template":"","meta":{"footnotes":""},"class_list":["post-611","page","type-page","status-publish","hentry"],"_links":{"self":[{"href":"https:\/\/samaniegolaw.com\/es\/wp-json\/wp\/v2\/pages\/611","targetHints":{"allow":["GET"]}}],"collection":[{"href":"https:\/\/samaniegolaw.com\/es\/wp-json\/wp\/v2\/pages"}],"about":[{"href":"https:\/\/samaniegolaw.com\/es\/wp-json\/wp\/v2\/types\/page"}],"author":[{"embeddable":true,"href":"https:\/\/samaniegolaw.com\/es\/wp-json\/wp\/v2\/users\/2"}],"replies":[{"embeddable":true,"href":"https:\/\/samaniegolaw.com\/es\/wp-json\/wp\/v2\/comments?post=611"}],"version-history":[{"count":12,"href":"https:\/\/samaniegolaw.com\/es\/wp-json\/wp\/v2\/pages\/611\/revisions"}],"predecessor-version":[{"id":3438,"href":"https:\/\/samaniegolaw.com\/es\/wp-json\/wp\/v2\/pages\/611\/revisions\/3438"}],"up":[{"embeddable":true,"href":"https:\/\/samaniegolaw.com\/es\/wp-json\/wp\/v2\/pages\/624"}],"wp:attachment":[{"href":"https:\/\/samaniegolaw.com\/es\/wp-json\/wp\/v2\/media?parent=611"}],"curies":[{"name":"wp","href":"https:\/\/api.w.org\/{rel}","templated":true}]}}