{"id":616,"date":"2017-11-23T10:41:46","date_gmt":"2017-11-23T09:41:46","guid":{"rendered":"http:\/\/samaniegolaw.com\/__trashed\/soluciones-juridicas\/dispute-resolution\/"},"modified":"2023-03-24T08:52:32","modified_gmt":"2023-03-24T07:52:32","slug":"resolucion-de-conflictos","status":"publish","type":"page","link":"https:\/\/samaniegolaw.com\/es\/que-hacemos\/soluciones-juridicas\/resolucion-de-conflictos\/","title":{"rendered":"RESOLUCI\u00d3N DE CONFLICTOS"},"content":{"rendered":"<h2 class=\"title-sidebar\">Resoluci\u00f3n<br \/>\nde Conflictos<\/h2>\n<p>no-repeat;center top;;<\/p>\n<p>auto<\/p>\n<p>titulo<\/p>\n<p><img decoding=\"async\" src=\"\"><\/p>\n<p>Nuestro equipo de resoluci\u00f3n de conflictos est\u00e1 formado por abogados con una dilatada pr\u00e1ctica forense, tanto ante la jurisdicci\u00f3n como en arbitraje dom\u00e9stico e internacional. A ellos se suman \u00e1rbitros a tiempo completo y mediadores internacionales debidamente acreditados.<\/p>\n<p>Nuestro equipo contencioso domina las distintas herramientas existentes para la resoluci\u00f3n efectiva de conflictos (negociaci\u00f3n, mediaci\u00f3n, disputes boards y sus mecanismos h\u00edbridos) que emplea conforme a las necesidades concretas de nuestros clientes, mediante un an\u00e1lisis estrat\u00e9gico-jur\u00eddico de cada situaci\u00f3n.<\/p>\n<p>Somos conscientes de que, en muchas ocasiones, es fundamental preservar las relaciones comerciales con la parte contraria. Los Mecanismos de Resoluci\u00f3n Alternativa de Conflictos (ADRs) son una herramienta fundamental dentro de nuestra pr\u00e1ctica contenciosa, habitualmente resolvemos conflictos a trav\u00e9s de acuerdos de transacci\u00f3n o utilizando la mediaci\u00f3n.<\/p>\n<p>Nuestros abogados litigantes llevar\u00e1n su caso a juicio y dedicar\u00e1n cada gramo de su esfuerzo a la causa, al igual que nuestros abogados en los procedimientos de arbitraje. Dise\u00f1ar\u00e1n estrategias ganadoras efectivas y creativas y luchar\u00e1n por sus intereses, estableciendo acuerdos de facturaci\u00f3n que est\u00e9n en l\u00ednea con sus objetivos.<\/p>\n<p>no-repeat;center top;;<\/p>\n<p>auto<\/p>\n<p id=\"Litigacion\">Litigaci\u00f3n<\/p>\n<p>:<\/p>\n<p>Nuestros litigadores defender\u00e1n su caso ante los tribunales judiciales o arbitrales empleando todos sus esfuerzos jur\u00eddico-estrat\u00e9gicos. Dise\u00f1ar\u00e1n estrategias efectivas y creativas en defensa de sus intereses y se preocupar\u00e1n por establecer propuestas de honorarios que se alineen con sus objetivos<\/p>\n<p>Nuestros litigadores cuentan con pr\u00e1ctica forense en todas las instancias \u2013incluido el Tribunal Supremo- y est\u00e1n acostumbrados a asumir casos de gran complejidad t\u00e9cnica y f\u00e1ctica. Nuestro equipo de litigaci\u00f3n tiene profundos conocimientos procesales y de las din\u00e1micas de los procedimientos y las estrategias m\u00e1s adecuadas, sin olvidar los aspectos de fondo o sustantivos objeto de discusi\u00f3n en cada caso. Nuestro equipo es reconocido por jueces, \u00e1rbitros, abogados contrarios, peritos o procuradores, y sabe c\u00f3mo establecer equipos de co-asesor\u00eda, siendo capaces de conformar el \u201cdream teams\u201d cuando la complejidad del asunto lo hace necesario.<\/p>\n<p>Hemos representado a nuestros clientes en muchas jurisdicciones europeas y nuestra experiencia abarca pr\u00e1cticamente todos los sectores de actividad empresarial. La importancia, el tama\u00f1o, la complejidad, la diversidad y el n\u00famero de clientes que hemos representado hace que los principales directorios legales nos hayan seleccionado entre los mejores litigadores de Espa\u00f1a.<\/p>\n<p>Nuestra experiencia contenciosa incluye:<\/p>\n<h4>Litigaci\u00f3n en sector de Tecnolog\u00edas<\/h4>\n<p>Los <a href=\"\/es\/que-hacemos\/soluciones-juridicas\/derecho-de-las-tecnologias-y-proyectos-de-transformacion-digital\/#ITProjects\">proyectos de Tecnolog\u00edas o IT<\/a> altamente complejos. Junto con la problem\u00e1tica propia de cualquier proyecto de construcci\u00f3n a largo plazo o la relativa a los grandes proyectos de infraestructuras, estos proyectos plantean retos adicionales en caso de conflicto debido a la intangibilidad de las pruebas, la peculiar \u2013y a veces confusa- terminolog\u00eda empleada en el sector y la elevada complejidad t\u00e9cnica de los conflictos subyacentes.<\/p>\n<p>A lo largo de m\u00e1s de veinte a\u00f1os, hemos consolidado nuestra reputaci\u00f3n por defender tanto a proveedores como a sus empresas clientes ante distintas instancias judiciales, y hemos obtenido resoluciones hist\u00f3ricas en el sector ante el Tribunal Supremo espa\u00f1ol.<\/p>\n<p>A pesar de que, en teor\u00eda, es recomendable resolver este tipo de disputas en sede de arbitraje o utilizando otros M\u00e9todos Alternativos de Soluci\u00f3n de Conflictos (ADRs en su terminolog\u00eda en ingl\u00e9s), no siempre es posible o apropiado hacerlo. Trabajamos con los peritos y compa\u00f1\u00edas de IT Forensic m\u00e1s apropiados, y tenemos gran experiencia en el aseguramiento de pruebas y el dise\u00f1o de estrategias eficaces. Nuestra experiencia en este campo incluye:<\/p>\n<ul>\n<li>Litigaci\u00f3n relativa a proyectos fallidos de implantaci\u00f3n de sistemas de planificaci\u00f3n de recursos empresariales (ERP por sus siglas en ingl\u00e9s: Enterprise Resource Planning)<\/li>\n<li>Litigaci\u00f3n sobre grandes proyectos de Outsourcing y proyectos de desarrollo transformacional fallidos.<\/li>\n<li>Disputas sobre licencias de software, incluyendo pr\u00e1cticas abusivas en relaci\u00f3n con las mismas.<\/li>\n<li>Disputas relativos a derechos sobre bases de datos.<\/li>\n<\/ul>\n<p><i>Javier Fern\u00e1ndez-Samaniego recibe de manera un\u00e1nime un \u201cfeedbak\u201d positivo por su experiencia en el sector de IT. Los clientes dicen: \u201ctiene una gran habilidad para comprender las complejas materias de la litigaci\u00f3n y propone fant\u00e1sticos argumentos\u201d. Otra fuente a\u00f1ade: \u201cEs excepcional. Tiene una total maestr\u00eda en su campo, una gran reputaci\u00f3n tanto en Espa\u00f1a como en el extranjero y adem\u00e1s tiene una gran visi\u00f3n empresarial\u201d<\/i><\/p>\n<p><i><br \/>\n<\/i><i>Chambers Europe Guide, 2014, Banda 1<\/i><\/p>\n<h4>Litigaci\u00f3n en materia mercantil propia de los Juzgados de lo Mercantil<\/h4>\n<p>Todas las actividades empresariales conllevan la existencia de conflictos. Ayudamos a nuestros clientes a anticipar y prevenir esos conflictos, tomar medidas para minimizarlos o ser capaces de dar una respuesta efectiva cuando emergen. Gracias a la combinaci\u00f3n de nuestra experiencia consultiva y contenciosa, a la hora de ayudar a nuestros clientes a negociar sus contratos les asesoramos en los aspectos potencialmente contenciosos de los mismos. En los supuestos en los que el conflicto resulta inevitable, defendemos el caso y dise\u00f1amos la mejor estrategia tanto a nivel dom\u00e9stico como internacional.<\/p>\n<p>Los Juzgados de lo Mercantil son nuestras \u201caguas naturales\u201d; llevamos actuando ante los mismos desde su creaci\u00f3n en Espa\u00f1a hace aproximadamente quince a\u00f1os, en una gran variedad de asuntos tales como:<\/p>\n<ul>\n<li>Concursal<\/li>\n<li>Estuvimos implicados en el primer caso de concurso de acreedores de una compa\u00f1\u00eda aseguradora bajo la nueva normativa en aquel momento.<\/li>\n<li>Competencia Desleal<\/li>\n<li>Publicidad Desleal<\/li>\n<li>Litigaci\u00f3n en materia de Derecho de la Competencia, incluyendo la aplicaci\u00f3n privada del Derecho de la Competencia.<\/li>\n<li>Comercio Internacional, incluyendo compraventa internacional de mercanc\u00edas, mar\u00edtimo, etc.<\/li>\n<li>Litigaci\u00f3n sobre licencias de software y bases de datos<\/li>\n<\/ul>\n<p>Nuestra experiencia en materia de litigaci\u00f3n en el \u00e1mbito mercantil tambi\u00e9n incluye:<\/p>\n<ul>\n<li>Disputas derivadas de operaciones de Fusiones y Adquisiciones de empresas (M&amp;A)<\/li>\n<li>Contencioso societario<\/li>\n<li>Localizaci\u00f3n y recuperaci\u00f3n de activos y cobro transfronterizo de deudas<\/li>\n<li>Litigaci\u00f3n ante el Tribunal Supremo<\/li>\n<\/ul>\n<p>Al igual que otros notables colegas europeos, lo que nos diferencia es nuestra capacidad de anticiparnos o, dicho de otro modo, nuestra aproximaci\u00f3n estrat\u00e9gica a la litigaci\u00f3n. Somos muy conscientes de que de nada sirve obtener pronunciamientos favorables (laudos o sentencias) si estos no pueden llegar a hacerse efectivos por no poderse dar cumplimiento a los mismos debido a ausencia de activos que ejecutar, problemas de notificaci\u00f3n o de localizaci\u00f3n del deudor, etc.<\/p>\n<p>No concebimos un equipo contencioso sin experiencia en lo que concierne a las <strong>medidas cautelares<\/strong>. Nuestra pr\u00e1ctica en medidas cautelares conlleva la habilidad de trabajar contrarreloj, un profundo conocimiento de la forma de articular las peticiones de naturaleza cautelar, unido a una buena coordinaci\u00f3n transfronteriza para eliminar todos los obst\u00e1culos para el buen t\u00e9rmino de los proyectos de negocio. Tenemos una gran experiencia avalada por excelentes resultados en:<\/p>\n<ul>\n<li>Solicitud y obtenci\u00f3n de medidas cautelares<\/li>\n<li>Defensa de nuestros clientes frente a medidas cautelares planteadas de contrario<\/li>\n<\/ul>\n<h4>Contencioso comunitario y procedimientos ante el TJUE<\/h4>\n<p>En los \u00faltimos a\u00f1os hemos desarrollado una fuerte pr\u00e1ctica contenciosa comunitaria ante la creciente importancia que la normativa europea (derecho primario y secundario) tiene en la regulaci\u00f3n de la actividad empresarial de nuestros clientes. Nuestra experiencia en esta \u00e1rea incluye:<\/p>\n<ul>\n<li>Presentaci\u00f3n de quejas por infracci\u00f3n del Derecho comunitario ante la Comisi\u00f3n Europea.<\/li>\n<li>Cuestiones prejudiciales ante el Tribunal de Justicia de la Uni\u00f3n Europea (TJUE)<\/li>\n<\/ul>\n<p>Hemos dise\u00f1ado la estrategia y el fondo de algunos de los casos m\u00e1s relevantes en materia contencioso-comunitaria de Protecci\u00f3n de Datos, incluyendo la solicitud de cuestiones prejudiciales que los tribunales nacionales competentes han aceptado plantear al TJUE.<\/p>\n<p>Esta pr\u00e1ctica, en coordinaci\u00f3n con nuestras \u00e1reas de <a href=\"\/es\/que-hacemos\/soluciones-juridicas\/lobbying-y-asuntos-gubernamentales\/\">\u201cLobbying\u201d y Asuntos Gubernamentales<\/a> y nuestros v\u00ednculos con los lobistas profesionales con los que colaboramos regularmente, posiciona a nuestra firma entre una de las mejores opciones que puede encontrar en esta \u00e1rea tan compleja. Con la entrada en vigor del Reglamento General de Protecci\u00f3n de Datos (RGPD) el 25 de mayo de 2018, este servicio y nuestra experiencia en esta materia resultan particularmente relevantes.<\/p>\n<div class=\"success-box\">\n<h4>Casos de \u00e9xito<\/h4>\n<p>Dise\u00f1o de estrategia legal y de relaciones gubernamentales a uno de los proveedores estadounidenses l\u00edderes en soluciones vacacionales, en relaci\u00f3n con la litigaci\u00f3n en masa seguida contra la industria del time-sharing en Espa\u00f1a.<\/p>\n<p>Representar a un integrador global de TIC enfocado en \u00e1reas de trabajo, aplicaciones, comunicaciones unificadas y servicios gestionados en la nube en una acci\u00f3n de competencia desleal.<\/p>\n<p>Representaci\u00f3n a uno de los proveedores globales de soluciones de IT en relaci\u00f3n con las acciones de competencia desleal iniciadas contra uno de sus competidores.<\/p>\n<\/div>\n<p>accordion<\/p>\n<p>click-litigation<\/p>\n<p id=\"ArbitrajeInternacional\">Arbitraje Internacional<\/p>\n<p>:<\/p>\n<p>Nuestro equipo de Arbitraje Internacional tiene una amplia experiencia en arbitraje comercial internacional y ha representado a numerosas empresas en una cantidad significativa de casos de arbitraje a lo largo de las pasadas d\u00e9cadas. Conocemos bien los distintos reglamentos de las instituciones de arbitraje internacionales l\u00edderes, y tenemos gran experiencia con todas las cuestiones procedimentales que conllevan.<\/p>\n<p>Con oficinas en Madrid y en Miami (para Iberoam\u00e9rica) y con un fuerte foco en el \u00e1rea \u201clatino-atl\u00e1ntica\u201d, tenemos una amplia experiencia en la representaci\u00f3n de clientes en arbitrajes internacionales y la protecci\u00f3n de defensa de las inversiones internacionales.<\/p>\n<p>En aquellos casos en que resulta necesario, suscribimos acuerdos de co-asesoramiento con los mejores expertos a nivel global. Tenemos un exitoso historial de creaci\u00f3n de equipos multidisciplinares adaptados a las especificidades de cada caso.<\/p>\n<p><i>Javier Fern\u00e1ndez-Samaniego tiene una amplia experiencia como mediador y \u00e1rbitro. Ha recibido un extraordinario \u201cfeedback\u201d de fuentes que dicen: \u201cTiene mucho sentido com\u00fan y experiencia, y realmente es un trabajador incansable, un visionario\u201d.<\/i><\/p>\n<p><i><br \/>\n<\/i><i>Chambers Europe Guide, 2016, Banda 1<br \/>\n<\/i><\/p>\n<div class=\"success-box\">\n<h4>Casos de \u00c9xito<\/h4>\n<p>Representaci\u00f3n del demandante en un arbitraje comercial internacional contra un fabricante de aceros especiales de la Federaci\u00f3n Rusa.<\/p>\n<p>\u00c1rbitro \u00danico (Javier Fern\u00e1ndez-Samaniego) en una disputa entre un inversor de capital riesgo y el fundador de una plataforma de pagos.<\/p>\n<\/div>\n<p>accordion<\/p>\n<p id=\"Mediacion\">Mediaci\u00f3n<\/p>\n<p>:<\/p>\n<p>Somos conscientes de que un prudente acuerdo transaccional celebrado a tiempo suele ser mejor que una prolongada guerra de desgaste y una confrontaci\u00f3n abierta entre empresas. Por ello y siempre que resulta posible, intentamos que los conflictos empresariales se solucionen mediante negociaci\u00f3n, mecanismos alternativos de soluci\u00f3n de conflictos (ADR) y otras soluciones que permitan a nuestros clientes llegar, por s\u00ed mismos, a los resultados deseados.<\/p>\n<p>Cuando resulta apropiado, propugnamos la utilizaci\u00f3n de mecanismos alternativos de soluci\u00f3n de conflictos (ADRs) como herramientas capaces de conseguir una resoluci\u00f3n r\u00e1pida y eficiente, que redunda en una reducci\u00f3n de los costes y los retrasos asociados a la litigaci\u00f3n empresarial, adem\u00e1s de asegurar la preservaci\u00f3n de una buena relaci\u00f3n empresarial entre las partes. Nuestros abogados tienen un profundo conocimiento de dichos mecanismos de soluci\u00f3n amistosa de conflictos (ADRs) y, como pol\u00edtica de despacho, informamos sobre su existencia y la conveniencia o no de su uso a nuestros clientes para que puedan tomar una decisi\u00f3n informada antes de usar estas herramientas o descartar su uso.<\/p>\n<p>Somos uno de los m\u00e1s de 1.500 despachos de abogados que han firmado el CPR Law Firm Policy Statement on Alternatives to Litigation\u00a9, seg\u00fan el cual: \u00ab<i>Somos conscientes de que puede haber m\u00e9todos m\u00e1s eficaces para la resoluci\u00f3n de conflictos que la litigaci\u00f3n tradicional. Los mecanismos alternativos de soluci\u00f3n de conflictos (ADR) \u2014usados en conjunto con la litigaci\u00f3n o de manera aut\u00f3noma e independiente\u2014 pueden dar como frutos una reducci\u00f3n significativa de los costes y cargas derivados de la litigaci\u00f3n tradicional y permite llegar a soluciones a las que no se llegar\u00eda ante un Tribunal. <\/i>\u00bb<\/p>\n<p><a href=\"https:\/\/www.cpradr.org\/resource-center\/adr-pledges\/law-firm-policy-statement\" target=\"_blank\" rel=\"noopener\"><img decoding=\"async\" src=\"\"><\/a><\/p>\n<div class=\"success-box\">\n<h4>Casos de \u00e9xito<\/h4>\n<p>Mediador \u00fanico (Javier Fern\u00e1ndez-Samaniego) facilitando la consecuci\u00f3n de un acuerdo de transacci\u00f3n que puso fin a un conflicto multi-jurisdiccional de cuant\u00eda multimillonaria en el sector GreenTech derivado de un problema de responsabilidad por producto defectuoso.<\/p>\n<p>Training sobre Gesti\u00f3n de Conflictos y mecanismos de soluci\u00f3n alternativa de conflictos a directivos y departamento de Asesor\u00eda Jur\u00eddica de gran multinacional del sector de la distribuci\u00f3n.<\/p>\n<\/div>\n<p>accordion<\/p>\n<h3>Success Cases<\/h3>\n<p>no-repeat;center top;;<\/p>\n<p>auto<\/p>\n<p>dispute<\/p>\n<p>date<\/p>\n<p>DESC<\/p>\n","protected":false},"excerpt":{"rendered":"<p>Resoluci\u00f3n de Conflictos no-repeat;center top;; auto titulo Nuestro equipo de resoluci\u00f3n de conflictos est\u00e1 formado por abogados con una dilatada pr\u00e1ctica forense, tanto ante la jurisdicci\u00f3n<span class=\"excerpt-hellip\"> [\u2026]<\/span><\/p>\n","protected":false},"author":2,"featured_media":0,"parent":611,"menu_order":6,"comment_status":"closed","ping_status":"closed","template":"","meta":{"footnotes":""},"class_list":["post-616","page","type-page","status-publish","hentry"],"_links":{"self":[{"href":"https:\/\/samaniegolaw.com\/es\/wp-json\/wp\/v2\/pages\/616","targetHints":{"allow":["GET"]}}],"collection":[{"href":"https:\/\/samaniegolaw.com\/es\/wp-json\/wp\/v2\/pages"}],"about":[{"href":"https:\/\/samaniegolaw.com\/es\/wp-json\/wp\/v2\/types\/page"}],"author":[{"embeddable":true,"href":"https:\/\/samaniegolaw.com\/es\/wp-json\/wp\/v2\/users\/2"}],"replies":[{"embeddable":true,"href":"https:\/\/samaniegolaw.com\/es\/wp-json\/wp\/v2\/comments?post=616"}],"version-history":[{"count":23,"href":"https:\/\/samaniegolaw.com\/es\/wp-json\/wp\/v2\/pages\/616\/revisions"}],"predecessor-version":[{"id":3395,"href":"https:\/\/samaniegolaw.com\/es\/wp-json\/wp\/v2\/pages\/616\/revisions\/3395"}],"up":[{"embeddable":true,"href":"https:\/\/samaniegolaw.com\/es\/wp-json\/wp\/v2\/pages\/611"}],"wp:attachment":[{"href":"https:\/\/samaniegolaw.com\/es\/wp-json\/wp\/v2\/media?parent=616"}],"curies":[{"name":"wp","href":"https:\/\/api.w.org\/{rel}","templated":true}]}}