{"id":624,"date":"2017-11-21T15:21:17","date_gmt":"2017-11-21T14:21:17","guid":{"rendered":"http:\/\/samaniegolaw.com\/what-we-do\/"},"modified":"2021-04-17T18:50:41","modified_gmt":"2021-04-17T17:50:41","slug":"que-hacemos","status":"publish","type":"page","link":"https:\/\/samaniegolaw.com\/es\/que-hacemos\/","title":{"rendered":"QU\u00c9 HACEMOS"},"content":{"rendered":"<div class=\"animacion\">\n<div class=\"c circulo1\">\n<p><a href=\"\/legal-solutions\/\">Soluciones jur\u00eddicas<\/a><\/p>\n<p><span class=\"circle\"><\/span><\/div>\n<div class=\"c circulo2\">\n<p><a href=\"\/legal-interim-management\/\">Legal Interim Management<\/a><\/p>\n<p><span class=\"circle\"><\/span><\/div>\n<div class=\"c circulo3\">\n<p><a href=\"\/contracts-and-legal-projects-management\/\">\u201cLegal Tech\u201d, \u201cContract Management\u201d y gesti\u00f3n de proyectos de transformaci\u00f3n digital<\/a><\/p>\n<p><span class=\"circle\"><\/span><\/div>\n<\/p><\/div>\n<p>no-repeat;center top;;<\/p>\n<p>auto<\/p>\n<p>tile whatwedo<\/p>\n<p>Nuestra firma se estructura en tres unidades de negocio interconectadas:<\/p>\n<p>1) Una firma \u201ctradicional\u201d de abogac\u00eda de negocios enfocada en la Resoluci\u00f3n de Conflictos y el Derecho de las Tecnolog\u00edas.<\/p>\n<p>2) Un prestador de servicios de Legal Interim Management, y<\/p>\n<p>3) Un prestador de servicios de Legal Tech, Contract Management y gesti\u00f3n de proyectos de transformaci\u00f3n digital (en alianza con <a href=\"https:\/\/www.unitedlex.com\/\" target=\"_blank\">United Lex<\/a>).<\/p>\n<p>Nuestra r\u00e1pida capacidad de respuesta a la hora de conformar grandes equipos internacionales permite a nuestros clientes beneficiarse de una atenci\u00f3n las 24 horas en sus asuntos m\u00e1s urgentes. Asimismo, nuestro profundo conocimiento sectorial nos permite ofrecer soluciones empresariales eficaces.<\/p>\n<p>no-repeat;center top;;<\/p>\n<p>auto<\/p>\n<p>columna<\/p>\n","protected":false},"excerpt":{"rendered":"<p>Soluciones jur\u00eddicas Legal Interim Management \u201cLegal Tech\u201d, \u201cContract Management\u201d y gesti\u00f3n de proyectos de transformaci\u00f3n digital no-repeat;center top;; auto tile whatwedo Nuestra firma se estructura en<span class=\"excerpt-hellip\"> [\u2026]<\/span><\/p>\n","protected":false},"author":2,"featured_media":0,"parent":0,"menu_order":4,"comment_status":"closed","ping_status":"closed","template":"","meta":{"footnotes":""},"class_list":["post-624","page","type-page","status-publish","hentry"],"_links":{"self":[{"href":"https:\/\/samaniegolaw.com\/es\/wp-json\/wp\/v2\/pages\/624","targetHints":{"allow":["GET"]}}],"collection":[{"href":"https:\/\/samaniegolaw.com\/es\/wp-json\/wp\/v2\/pages"}],"about":[{"href":"https:\/\/samaniegolaw.com\/es\/wp-json\/wp\/v2\/types\/page"}],"author":[{"embeddable":true,"href":"https:\/\/samaniegolaw.com\/es\/wp-json\/wp\/v2\/users\/2"}],"replies":[{"embeddable":true,"href":"https:\/\/samaniegolaw.com\/es\/wp-json\/wp\/v2\/comments?post=624"}],"version-history":[{"count":3,"href":"https:\/\/samaniegolaw.com\/es\/wp-json\/wp\/v2\/pages\/624\/revisions"}],"predecessor-version":[{"id":627,"href":"https:\/\/samaniegolaw.com\/es\/wp-json\/wp\/v2\/pages\/624\/revisions\/627"}],"wp:attachment":[{"href":"https:\/\/samaniegolaw.com\/es\/wp-json\/wp\/v2\/media?parent=624"}],"curies":[{"name":"wp","href":"https:\/\/api.w.org\/{rel}","templated":true}]}}