{"id":636,"date":"2017-12-14T18:03:15","date_gmt":"2017-12-14T17:03:15","guid":{"rendered":"http:\/\/samaniegolaw.com\/que-hacemos\/soluciones-juridicas\/technology-law-and-transformational-projects\/"},"modified":"2021-08-20T10:37:16","modified_gmt":"2021-08-20T09:37:16","slug":"derecho-de-las-tecnologias-y-proyectos-de-transformacion-digital","status":"publish","type":"page","link":"https:\/\/samaniegolaw.com\/es\/que-hacemos\/soluciones-juridicas\/derecho-de-las-tecnologias-y-proyectos-de-transformacion-digital\/","title":{"rendered":"DERECHO DE LAS TECNOLOG\u00cdAS Y PROYECTOS DE TRANSFORMACI\u00d3N DIGITAL"},"content":{"rendered":"<h2 class=\"title-sidebar\">Derecho de las <br \/>Tecnolog\u00edas y proyectos de IT y <br \/> Transformaci\u00f3n Digital<\/h2>\n<p>no-repeat;center top;;<\/p>\n<p>auto<\/p>\n<p>titulo largo<\/p>\n<p><img decoding=\"async\" src=\"\"><\/p>\n<p>Reconocidos como l\u00edderes en el sector del IT, tanto por nuestros clientes como por nuestros colegas, tenemos muchos a\u00f1os de experiencia en el mismo y somos conocidos por el enfoque innovador y original en la prestaci\u00f3n de nuestros servicios.<\/p>\n<p>Nuestra experiencia se extiende al amplio espectro de tecnolog\u00edas que est\u00e1n revolucionando la industria tecnol\u00f3gica actual: Big data, FinTech (pagos a trav\u00e9s del m\u00f3vil y de apps); servicios en la nube; ciberseguridad, Internet de las Cosas; SaaS (software como servicio); impresi\u00f3n en 3D y otras tecnolog\u00edas disruptivas.<\/p>\n<p><i>Javier Fern\u00e1ndez-Samaniego de Samaniego Law goza de una reputaci\u00f3n de primera gracias a su: \u201cexcelente conocimiento del IT y asuntos tecnol\u00f3gicos. Su pr\u00e1ctica cubre contratos de Outsourcing, asesor\u00eda sobre protecci\u00f3n de datos y una gran variedad de mandatos en el \u00e1rea de conflictos de ese sector.\u201d Los entrevistados destacan su \u201catenci\u00f3n al cliente, conocimiento importancia al contexto comercial, eficiencia y grandes habilidades ling\u00fc\u00edsticas\u201d.<\/p>\n<p>Chambers Europe Guide, 2017, Banda 1<\/i><\/p>\n<p>no-repeat;center top;;<\/p>\n<p>auto<\/p>\n<h4 id=\"ITProjects\">PROYECTOS DE IT Y TRANSNFORMACI\u00d3N DIGITAL<\/h4>\n<p>Nuestro equipo, pionero en el sector, ha creado una fort\u00edsima pr\u00e1ctica en el \u00e1rea contractual general del sector IT y en la resoluci\u00f3n de conflictos relativos a los proyectos de IT, asesorando tanto a proveedores (generalmente consultoras tecnol\u00f3gicas y grandes fabricantes de IT) como a los clientes de dichos proyectos. Somos una de las pocas firmas que asesora en todo el ciclo contractual de los grandes proyectos de implementaci\u00f3n de ERP, proyectos de BPO (Business Process Outsourcing), Big Data, extendiendo nuestros servicios a la renegociaci\u00f3n de estos proyectos y a la resoluci\u00f3n de conflictos derivados de \u201cproyectos fallidos\u201d.<\/p>\n<p>Como sucede con los grandes proyectos de construcci\u00f3n e infraestructuras, los proyectos de IT son inherentemente complejos: <\/p>\n<ul>\n<li>Implican grandes equipos con diferentes experiencias y formaci\u00f3n (ingenieros, consultores, economistas, etc.);<\/li>\n<li>las distintas fases del proyecto pueden durar meses o incluso a\u00f1os, por lo que las circunstancias y las personas pueden cambiar;<\/li>\n<li>los actores de este mercado utilizan un vocabulario muy t\u00e9cnico, que es una inagotable fuente de malentendidos y problemas. As\u00ed, es muy frecuente que el mismo contrato se interprete de manera radicalmente opuesta por las partes.<\/li>\n<\/ul>\n<p>Sin embargo, a diferencia de los proyectos de construcci\u00f3n e infraestructuras, en estos proyectos las pruebas suelen ser intangibles y f\u00e1cilmente manipulables, por lo que las disputas en esta \u00e1rea requieren una estrategia distinta en lo que concierne al aseguramiento y la utilizaci\u00f3n del acervo probatorio.<\/p>\n<p>Principalmente nos centramos en tres \u00e1reas:<\/p>\n<ul>\n<li>Due Diligence y planificaci\u00f3n previa (selecci\u00f3n de proveedor, planificaci\u00f3n anticipada del proyecto), an\u00e1lisis de riesgos, dise\u00f1o del contrato y sus anexos, coordinaci\u00f3n con departamentos afectados;<\/li>\n<li>Gesti\u00f3n del contrato y tareas de contract management durante la vida del mismo<a href=\"#superindice1\"><sup>1<\/sup><\/a>; y <\/li>\n<li>Resoluci\u00f3n de controversias en proyectos que se complican y cuyo fracaso implica casi inevitablemente graves impactos reputacionales, a veces incluso afectando a la propia cotizaci\u00f3n burs\u00e1til de las partes.<\/li>\n<\/ul>\n<p>A la hora de prestar estos servicios, entendemos que es esencial que nuestros abogados especializados en la materia creen equipos multidisciplinares que, dependiendo de las circunstancias, incluyan especialistas t\u00e9cnicos, consultores de IT, expertos financieros, empresas de forensics, peritos de IT, etc.<\/p>\n<p>En nuestra larga experiencia en el sector hemos creado una s\u00f3lida red de profesionales que complementan nuestro propio equipo, y continuamente estamos actualizando y enriqueciendo nuestra red de especialistas para ofrecer a nuestros clientes un equipo de vanguardia para conseguir sus objetivos.<\/p>\n<p><small id=\"superindice1\"> <sup>1 <\/sup>Servicio de \u00absecondment virtual \u00ab. El servicio de Secondment Virtual (SV) implementado en Madrid es una de las maneras de estrechar y suavizar los lazos vitales entre el despacho y el cliente. Ofrecemos dicho servicio cuando no tiene sentido para el cliente contratar recursos de forma permanente y cuando no es tampoco necesario tener a un abogado permanentemente en las instalaciones del cliente.<\/small><\/p>\n<p>no-repeat;center top;;<\/p>\n<p>auto<\/p>\n<h3>Casos de \u00c9xito<\/h3>\n<p>no-repeat;center top;;<\/p>\n<p>auto<\/p>\n<p>wrap-dispute<\/p>\n<p>technology<\/p>\n<p>date<\/p>\n<p>DESC<\/p>\n","protected":false},"excerpt":{"rendered":"<p>Derecho de las Tecnolog\u00edas y proyectos de IT y Transformaci\u00f3n Digital no-repeat;center top;; auto titulo largo Reconocidos como l\u00edderes en el sector del IT, tanto por<span class=\"excerpt-hellip\"> [\u2026]<\/span><\/p>\n","protected":false},"author":1,"featured_media":0,"parent":611,"menu_order":7,"comment_status":"closed","ping_status":"closed","template":"","meta":{"footnotes":""},"class_list":["post-636","page","type-page","status-publish","hentry"],"_links":{"self":[{"href":"https:\/\/samaniegolaw.com\/es\/wp-json\/wp\/v2\/pages\/636","targetHints":{"allow":["GET"]}}],"collection":[{"href":"https:\/\/samaniegolaw.com\/es\/wp-json\/wp\/v2\/pages"}],"about":[{"href":"https:\/\/samaniegolaw.com\/es\/wp-json\/wp\/v2\/types\/page"}],"author":[{"embeddable":true,"href":"https:\/\/samaniegolaw.com\/es\/wp-json\/wp\/v2\/users\/1"}],"replies":[{"embeddable":true,"href":"https:\/\/samaniegolaw.com\/es\/wp-json\/wp\/v2\/comments?post=636"}],"version-history":[{"count":13,"href":"https:\/\/samaniegolaw.com\/es\/wp-json\/wp\/v2\/pages\/636\/revisions"}],"predecessor-version":[{"id":925,"href":"https:\/\/samaniegolaw.com\/es\/wp-json\/wp\/v2\/pages\/636\/revisions\/925"}],"up":[{"embeddable":true,"href":"https:\/\/samaniegolaw.com\/es\/wp-json\/wp\/v2\/pages\/611"}],"wp:attachment":[{"href":"https:\/\/samaniegolaw.com\/es\/wp-json\/wp\/v2\/media?parent=636"}],"curies":[{"name":"wp","href":"https:\/\/api.w.org\/{rel}","templated":true}]}}