{"id":646,"date":"2017-11-23T10:42:12","date_gmt":"2017-11-23T09:42:12","guid":{"rendered":"http:\/\/samaniegolaw.com\/que-hacemos\/soluciones-juridicas\/security-and-privacy\/"},"modified":"2022-06-21T09:30:14","modified_gmt":"2022-06-21T08:30:14","slug":"ciberseguridad-y-privacidad","status":"publish","type":"page","link":"https:\/\/samaniegolaw.com\/es\/que-hacemos\/soluciones-juridicas\/ciberseguridad-y-privacidad\/","title":{"rendered":"CIBERSEGURIDAD Y PRIVACIDAD"},"content":{"rendered":"<h2 class=\"title-sidebar\">Ciberseguridad<br \/>\ny Privacidad<\/h2>\n<p>no-repeat;center top;;<\/p>\n<p>auto<\/p>\n<p>titulo largo<\/p>\n<p><img decoding=\"async\" src=\"\"><\/p>\n<p>no-repeat;center top;;<\/p>\n<p>auto<\/p>\n<p id=\"SeguridadYPrivacidad\">Privacidad y Protecci\u00f3n de Datos<\/p>\n<p>:<\/p>\n<p>Nuestra pr\u00e1ctica de Privacidad y Protecci\u00f3n de Datos es una de las pioneras y m\u00e1s antiguas existente en un despacho de derecho de los negocios de Europa. Llevamos asesorando a clientes en esta materia desde el a\u00f1o 1996, contamos con un gran reconocimiento por los directorios legales y conocemos bien a las distintos reguladores nacionales e internacionales que operan en esta materia.<\/p>\n<p>Javier Fern\u00e1ndez-Samaniego es ampliamente reconocido como uno de los m\u00e1ximos especialistas en este campo, descrito por la Gu\u00eda Chambers Europe como abogado l\u00edder (Banda 1) de IT en Espa\u00f1a y como \u201cun verdadero experto en protecci\u00f3n de datos y uno de los mejores abogados de privacidad en Europa\u201d. Javier fue pionero en representar a un responsable de datos de car\u00e1cter personal del sector privado en la inspecci\u00f3n y procedimiento sancionador subsiguiente abierto por la Agencia Espa\u00f1ola de Protecci\u00f3n de Datos (AEPD) cuando esta comenz\u00f3 sus actividades en Espa\u00f1a (PS\/24\/1996, de julio de 1996). Desde entonces, Javier ha asesorado y representado a multitud de empresas nacionales e internacionales, y es reconocido por su experiencia en proyectos de transferencia internacional de datos a terceros pa\u00edses, Outsourcing y auditor\u00edas en materia de Protecci\u00f3n de Datos.<\/p>\n<p>Nuestro despacho tiene una considerable experiencia en compliance de protecci\u00f3n de datos, y proyectos de auditor\u00eda de protecci\u00f3n de datos internacionales. Adem\u00e1s de un profundo conocimiento regulatorio, contamos con una aproximaci\u00f3n pragm\u00e1tica y adaptada a las necesidades del cliente. Nuestra especialidad en la materia se centra en:<\/p>\n<ul>\n<li>Asistencia en la realizaci\u00f3n de Evaluaciones de Impacto y Auditor\u00edas de Protecci\u00f3n de Datos y de Seguridad (incluyendo programas de formaci\u00f3n)<\/li>\n<li>Transferencias internacionales de datos<\/li>\n<li>Sistemas de informaci\u00f3n de denuncias internas (Whistleblowing reporting systems)<\/li>\n<li>Proyectos de Big Data y programas de marketing (incluyendo programas de fidelizaci\u00f3n)<\/li>\n<li>Proyectos de Protecci\u00f3n de Datos multi-jurisdiccionales.<\/li>\n<li>Defensa en materia contenciosa en procedimientos sancionadores.<\/li>\n<\/ul>\n<p>Entre nuestra experiencia en la materia, merece la pena resaltar:<\/p>\n<ul>\n<li>Defensa ante procedimientos sancionadores iniciados por la Agencia Espa\u00f1ola de Protecci\u00f3n de Datos (AEPD), as\u00ed como recursos contra sus resoluciones ante los tribunales competentes (Audiencia Nacional y Tribunal Supremo).<\/li>\n<li>Planteamiento de denuncias por infracci\u00f3n del derecho de la UE contra Estados Miembros en lo relativo a una incorrecta implementaci\u00f3n del derecho europeo de protecci\u00f3n de datos.<\/li>\n<li>Planteamiento de cuestiones prejudiciales ante el TJUE.<\/li>\n<\/ul>\n<p>Adem\u00e1s, contamos con experiencia en algunas de las cuestiones m\u00e1s candentes en materia de privacidad, tales como: notificaciones de violaci\u00f3n de la seguridad de datos personales y gesti\u00f3n de ciberataques, normas corporativas vinculantes (BCRs: Binding Corporate Rules), transferencias transatl\u00e1nticas (EU-EEUU) de datos, etc.<\/p>\n<p>Debido a la inminente aplicaci\u00f3n del RGPD, resulta pertinente resaltar nuestro papel como coordinadores del Grupo de Trabajo para la implementaci\u00f3n del RGPD de la <a href=\"http:\/\/www.fidefundacion.es\/\" target=\"_blank\" rel=\"noopener\">Fundaci\u00f3n FIDE<\/a>, as\u00ed como nuestra participaci\u00f3n en el Legitimate Interest Assessment Project de la Information Accountability Foundation (<a href=\"http:\/\/informationaccountability.org\/\" target=\"_blank\" rel=\"noopener\">IAF<\/a>).<\/p>\n<p>En los meses anteriores a la efectiva aplicaci\u00f3n del RGPD hemos asesorado a nuestros clientes en:<\/p>\n<ul>\n<li>Planeamiento estrat\u00e9gico en relaci\u00f3n con el RGPD (GDPR Strategic Planning)<\/li>\n<li>La elaboraci\u00f3n de Evaluaciones de Impacto de Privacidad o Privacy Impact Assessments (PIA); y<\/li>\n<li>La adaptaci\u00f3n de sus pol\u00edticas de privacidad a los principios del RGPD<\/li>\n<\/ul>\n<p>accordion<\/p>\n<p id=\"Ciberseguridad\">Ciberseguridad y NIS (Networks and Information Security). Seguridad de Redes y Sistemas de Informaci\u00f3n<\/p>\n<p>:<\/p>\n<p>Las empresas llevan tiempo adoptando medidas para proteger sus sistemas de informaci\u00f3n contra amenazas, tanto internas como externas. Sin embargo, en los \u00faltimos tiempos se ha hecho evidente la necesidad de hacer frente a los crecientes y variados ciberataques, que han convertido la ciberseguridad en un aspecto prioritario y vital que exige un enfoque s\u00f3lido y estricto.<\/p>\n<p>Guiamos a nuestros clientes en todos los pasos, desde la prevenci\u00f3n hasta el plan para responder a los ciberataques, ofreci\u00e9ndoles los siguientes servicios:<\/p>\n<ul>\n<li>Identificaci\u00f3n proactiva del perfil de amenaza a la que el cliente se encuentra expuesto y asesor\u00eda en el cumplimiento de las obligaciones legales y la forma de dar respuestas r\u00e1pidas y efectivas.<\/li>\n<li>Desarrollo de pol\u00edticas internas y de procedimientos, simulaci\u00f3n de respuestas ante incidentes, todo ello sumado a la impartici\u00f3n de programas de formaci\u00f3n a los distintos equipos de nuestros clientes.<\/li>\n<li>Gesti\u00f3n del ciberataque, incluyendo asistencia en la notificaci\u00f3n de la violaci\u00f3n de datos sufrida a las autoridades competentes, gesti\u00f3n de las comunicaciones externas, relaci\u00f3n con los reguladores y los Cuerpos y Fuerzas de Seguridad especializados en Ciberdelincuencia, y coordinaci\u00f3n con los equipos de peritos o expertos forenses en la materia.<\/li>\n<li>Asistencia en el cumplimiento y gesti\u00f3n de las obligaciones derivas de los programas de certificaci\u00f3n suscritos o el sector de actividad propio del cliente.<\/li>\n<li>Asesoramiento sobre las soluciones de ciberseguridad y la tecnolog\u00eda disponibles.<\/li>\n<\/ul>\n<p>accordion<\/p>\n<p id=\"SecretosComerciales\">Protecci\u00f3n de Secretos Comerciales<\/p>\n<p>:<\/p>\n<p>Todos aquellos conocimientos t\u00e9cnicos e informaci\u00f3n empresarial de alto valor que no han sido divulgados y quieren mantenerse confidenciales, para dotar a las empresas de ventajas competitivas, son secretos comerciales. Al proteger esa gran diversidad de conocimientos t\u00e9cnicos e informaci\u00f3n empresarial, ya sea como complemento o como alternativa a los derechos de propiedad intelectual e industrial, los secretos comerciales permiten a los creadores e innovadores sacar provecho de sus creaciones e innovaciones, por lo que son especialmente importantes para la competitividad de las empresas, as\u00ed como para la investigaci\u00f3n, el desarrollo y el rendimiento asociado a la innovaci\u00f3n.<\/p>\n<p>Las empresas innovadoras est\u00e1n cada vez m\u00e1s expuestas a pr\u00e1cticas desleales que persiguen la apropiaci\u00f3n indebida de secretos comerciales, como el robo, la copia no autorizada, el espionaje econ\u00f3mico o el incumplimiento de los requisitos de confidencialidad<\/p>\n<p>Nuestro equipo entiende la gran importancia que tiene la protecci\u00f3n y defensa de los secretos comerciales y, en estrecha cooperaci\u00f3n con nuestros colegas especialistas en propiedad intelectual e industrial, laboral y competencia, ofrecemos un asesoramiento integral en esta materia. El car\u00e1cter protegible de los secretos comerciales depende en gran medida de las precauciones razonables que se hayan adoptado para mantener su confidencialidad.<\/p>\n<p>Nuestros servicios incluyen:<br \/>\n<lu><\/lu><\/p>\n<li>Establecimiento de \u201cPlanes de Protecci\u00f3n de Secretos Comerciales\u201d que comprenden el an\u00e1lisis de riesgo y planes de contingencia para la identificaci\u00f3n y protecci\u00f3n de los secretos comerciales (dise\u00f1ados para asegurar que los secretos comerciales no sean vulnerados) y, en su caso, la interposici\u00f3n de acciones civiles efectivas frente a actuaciones il\u00edcitas.<\/li>\n<li>Asesoramiento para prevenir la obtenci\u00f3n, utilizaci\u00f3n y revelaci\u00f3n il\u00edcitas de secretos comerciales por socios comerciales o empleados.<\/li>\n<li>Defensa y asesoramiento en acciones derivadas del robo de secretos, de incumplimiento de deber fiduciario o del deber de lealtad, de apropiaci\u00f3n indebida de secretos empresariales, de acuerdos de no-competencia o de no-revelaci\u00f3n, etc. Nuestro equipo tiene una amplia experiencia en la utilizaci\u00f3n de estrategias, m\u00e9todos y peritos para la determinaci\u00f3n de los da\u00f1os sufridos.<\/li>\n<p>Tambi\u00e9n impartimos cursos de formaci\u00f3n al personal de nuestros clientes, explicando las particularidades relativas a los secretos comerciales con la finalidad de concienciar y promover su protecci\u00f3n. Estos cursos son una herramienta muy \u00fatil para para proteger la actividad de la propia empresa, ayudando a reducir el riesgo de que la informaci\u00f3n sea usada de manera indebida por clientes, proveedores o terceros.<\/p>\n<p>accordion<\/p>\n<h3>Casos de \u00c9xito<\/h3>\n<p>no-repeat;center top;;<\/p>\n<p>auto<\/p>\n<p>wrap-dispute<\/p>\n<p>security<\/p>\n<p>date<\/p>\n<p>DESC<\/p>\n","protected":false},"excerpt":{"rendered":"<p>Ciberseguridad y Privacidad no-repeat;center top;; auto titulo largo no-repeat;center top;; auto Privacidad y Protecci\u00f3n de Datos : Nuestra pr\u00e1ctica de Privacidad y Protecci\u00f3n de Datos es<span class=\"excerpt-hellip\"> [\u2026]<\/span><\/p>\n","protected":false},"author":2,"featured_media":0,"parent":611,"menu_order":0,"comment_status":"closed","ping_status":"closed","template":"","meta":{"footnotes":""},"class_list":["post-646","page","type-page","status-publish","hentry"],"_links":{"self":[{"href":"https:\/\/samaniegolaw.com\/es\/wp-json\/wp\/v2\/pages\/646","targetHints":{"allow":["GET"]}}],"collection":[{"href":"https:\/\/samaniegolaw.com\/es\/wp-json\/wp\/v2\/pages"}],"about":[{"href":"https:\/\/samaniegolaw.com\/es\/wp-json\/wp\/v2\/types\/page"}],"author":[{"embeddable":true,"href":"https:\/\/samaniegolaw.com\/es\/wp-json\/wp\/v2\/users\/2"}],"replies":[{"embeddable":true,"href":"https:\/\/samaniegolaw.com\/es\/wp-json\/wp\/v2\/comments?post=646"}],"version-history":[{"count":22,"href":"https:\/\/samaniegolaw.com\/es\/wp-json\/wp\/v2\/pages\/646\/revisions"}],"predecessor-version":[{"id":3470,"href":"https:\/\/samaniegolaw.com\/es\/wp-json\/wp\/v2\/pages\/646\/revisions\/3470"}],"up":[{"embeddable":true,"href":"https:\/\/samaniegolaw.com\/es\/wp-json\/wp\/v2\/pages\/611"}],"wp:attachment":[{"href":"https:\/\/samaniegolaw.com\/es\/wp-json\/wp\/v2\/media?parent=646"}],"curies":[{"name":"wp","href":"https:\/\/api.w.org\/{rel}","templated":true}]}}