{"id":655,"date":"2017-11-23T10:42:51","date_gmt":"2017-11-23T09:42:51","guid":{"rendered":"http:\/\/samaniegolaw.com\/que-hacemos\/soluciones-juridicas\/lobbying-and-governmental-affairs\/"},"modified":"2023-03-24T08:53:44","modified_gmt":"2023-03-24T07:53:44","slug":"lobbying-y-asuntos-gubernamentales","status":"publish","type":"page","link":"https:\/\/samaniegolaw.com\/es\/que-hacemos\/soluciones-juridicas\/lobbying-y-asuntos-gubernamentales\/","title":{"rendered":"LOBBYING Y ASUNTOS GUBERNAMENTALES"},"content":{"rendered":"<h2 class=\"title-sidebar\">Lobbying y<br \/>\nAsuntos Gubernamentales<\/h2>\n<p>no-repeat;center top;;<\/p>\n<p>auto<\/p>\n<p>titulo<\/p>\n<p><img decoding=\"async\" src=\"\"><\/p>\n<p>Nuestro equipo de Lobbying y Asuntos Gubernamentales est\u00e1 altamente especializado en el apoyo t\u00e9cnico-jur\u00eddico a las acciones de lobbying y muy acostumbrado a las particularidades que requieren este tipo de acciones.<\/p>\n<p>Cumplimos los est\u00e1ndares \u00e9ticos m\u00e1s altos y estamos acostumbrados a trabajar en los equipos multidisciplinares que esta pr\u00e1ctica exige, contando con gran experiencia en:<\/p>\n<ul>\n<li>Asesoramiento t\u00e9cnico-jur\u00eddico en las normas involucradas;<\/li>\n<li>Soporte t\u00e9cnico a las acciones de comunicaci\u00f3n externa y relaciones p\u00fablicas, gesti\u00f3n reputacional y estrategias de comunicaci\u00f3n; y<\/li>\n<li>Apoyo en la redacci\u00f3n de pol\u00edticas p\u00fablicas y gubernamentales.<\/li>\n<\/ul>\n<p>Adem\u00e1s de nuestros servicios en el \u00e1mbito de los grandes cambios regulatorios que conllevan las tecnolog\u00edas disruptivas y, m\u00e1s recientemente, los nuevos modelos de negocio propios de la econom\u00eda colaborativa, tambi\u00e9n ofrecemos nuestros servicios en el resto de sectores industriales y de negocios.<\/p>\n<p>Prestamos estos servicios en colaboraci\u00f3n estrecha con lobistas profesionales registrados con los que colaboramos de forma habitual.<\/p>\n<p>Contamos con un profundo conocimiento y un entendimiento pol\u00edtico de las instituciones nacionales e internacionales, as\u00ed como de las t\u00e9cnicas de comunicaci\u00f3n que son precisas para hacer llegar los mensajes a los decisores p\u00fablicos. Cuidamos exquisitamente nuestras relaciones y proporcionamos un servicio discreto.<\/p>\n<p>Por \u00faltimo, el estricto cumplimiento con la normativa anticorrupci\u00f3n y la transparencia son fundamentales para nuestro equipo. Cumplimos rigurosamente con los m\u00e1s altos est\u00e1ndares cuando facilitamos nuestra asesor\u00eda jur\u00eddica en el \u00e1rea de lobbying y asuntos gubernamentales.<\/p>\n<p>no-repeat;center top;;<\/p>\n<p>auto<\/p>\n<blockquote>\n<h4>Referencias y testimonios<\/h4>\n<p>\u201cEl equipo de Samaniego Law es nuestro colaborador perfecto a la hora de conseguir soluciones concretas en los complejos retos que nos piden algunas de las empresas globales m\u00e1s exigentes.\u201d<\/p>\n<p>Political Intelligence<\/p>\n<p><!--\n\n<blockquote-->\n<p>no-repeat;center top;;<\/p>\n<p>auto<\/p><\/blockquote>\n","protected":false},"excerpt":{"rendered":"<p>Lobbying y Asuntos Gubernamentales no-repeat;center top;; auto titulo Nuestro equipo de Lobbying y Asuntos Gubernamentales est\u00e1 altamente especializado en el apoyo t\u00e9cnico-jur\u00eddico a las acciones de<span class=\"excerpt-hellip\"> [\u2026]<\/span><\/p>\n","protected":false},"author":2,"featured_media":0,"parent":611,"menu_order":8,"comment_status":"closed","ping_status":"closed","template":"","meta":{"footnotes":""},"class_list":["post-655","page","type-page","status-publish","hentry"],"_links":{"self":[{"href":"https:\/\/samaniegolaw.com\/es\/wp-json\/wp\/v2\/pages\/655","targetHints":{"allow":["GET"]}}],"collection":[{"href":"https:\/\/samaniegolaw.com\/es\/wp-json\/wp\/v2\/pages"}],"about":[{"href":"https:\/\/samaniegolaw.com\/es\/wp-json\/wp\/v2\/types\/page"}],"author":[{"embeddable":true,"href":"https:\/\/samaniegolaw.com\/es\/wp-json\/wp\/v2\/users\/2"}],"replies":[{"embeddable":true,"href":"https:\/\/samaniegolaw.com\/es\/wp-json\/wp\/v2\/comments?post=655"}],"version-history":[{"count":7,"href":"https:\/\/samaniegolaw.com\/es\/wp-json\/wp\/v2\/pages\/655\/revisions"}],"predecessor-version":[{"id":3579,"href":"https:\/\/samaniegolaw.com\/es\/wp-json\/wp\/v2\/pages\/655\/revisions\/3579"}],"up":[{"embeddable":true,"href":"https:\/\/samaniegolaw.com\/es\/wp-json\/wp\/v2\/pages\/611"}],"wp:attachment":[{"href":"https:\/\/samaniegolaw.com\/es\/wp-json\/wp\/v2\/media?parent=655"}],"curies":[{"name":"wp","href":"https:\/\/api.w.org\/{rel}","templated":true}]}}