{"id":660,"date":"2017-11-23T10:37:31","date_gmt":"2017-11-23T09:37:31","guid":{"rendered":"http:\/\/samaniegolaw.com\/que-hacemos\/legal-interim-management\/"},"modified":"2021-08-20T11:49:45","modified_gmt":"2021-08-20T10:49:45","slug":"legal-interim-management","status":"publish","type":"page","link":"https:\/\/samaniegolaw.com\/es\/que-hacemos\/legal-interim-management\/","title":{"rendered":"LEGAL INTERIM MANAGEMENT"},"content":{"rendered":"<h2 class=\"title-sidebar\">Legal Interim<br \/> Management<\/h2>\n<p>no-repeat;center top;;<\/p>\n<p>auto<\/p>\n<p><img decoding=\"async\" src=\"\"><\/p>\n<p>Por \u201cLegal Interim Management\u201d (LIM) entendemos la prestaci\u00f3n temporal de recursos especializados durante un per\u00edodo de transici\u00f3n, una crisis empresarial, situaciones de cambio de control, etc. Los supuestos en que una empresa puede necesitar un LIM son muy variados: un per\u00edodo de sobrecarga de trabajo, una crisis empresarial, bajas inesperadas de empleados clave, situaciones de excedencia o baja temporal; proyectos especiales, situaciones de reestructuraci\u00f3n o de auditor\u00eda de la empresa; un aumento en la necesidad de servicios jur\u00eddicos debido a fusiones o adquisiciones, o expansi\u00f3n internacional; cambios regulatorios, proyectos de transformaci\u00f3n digital, o simplemente (aunque -sin embargo- conlleva su complejidad) un repentino pico en las necesidades jur\u00eddicas de la empresa.<\/p>\n<p>En todos estos casos se necesita una ayuda externa, pero la realidad demuestra que encontrar buenos abogados de negocios disponibles a un coste razonable es una tarea muy complicada. Nuestros servicios LIM permiten proveer de manera r\u00e1pida y efectiva soluciones a las situaciones anteriormente descritas.<\/p>\n<p>El \u00e9xito de nuestro servicio LIM se basa en su simplicidad y flexibilidad.<\/p>\n<p>Con nuestra red de profesionales \u201cLIMers\u201d, especializados por sectores industriales y por \u00e1reas de pr\u00e1ctica del derecho, podemos proporcionar a los clientes la persona que necesitan. El LIM designado ser\u00e1 seleccionado conforme a los requisitos del cliente y de acuerdo con las habilidades, experiencia y otras cualidades profesionales y personales que sean necesarias en cada proyecto. Nuestro LIM ser\u00e1 una persona familiarizada con su sector y tendr\u00e1 la involucraci\u00f3n necesaria.<\/p>\n<p>No obstante, frente a otros servicios de \u201cprofesionales bajo demanda\u201d nuestro despacho har\u00e1 un seguimiento estrecho y estar\u00e1 en contacto permanente con el cliente para evaluar la adaptaci\u00f3n y rendimiento del LIM designado. Nuestro equipo s\u00e9nior actuar\u00e1 como \u201cGestor del Proyecto\u201d y asegurar\u00e1 la alta calidad del servicio que muchos proveedores de servicios de abogados \u201cbajo demanda\u201d no son capaces de suministrar.<\/p>\n<p>Nuestro sofisticado servicio LIM facilita a nuestros clientes conseguir \u201cm\u00e1s por menos\u201d optimizando su presupuesto. Adaptamos el coste de este servicio a su duraci\u00f3n y a la complejidad de las tareas encomendadas. Nuestros acuerdos LIM son flexibles y su duraci\u00f3n puede ser ampliada o reducida, cuando sea posible y sea necesario para el cliente.<\/p>\n<p>Tambi\u00e9n ofrecemos nuestro servicio LIM a empresas que no cuentan con equipos jur\u00eddicos internos. El aumento de las obligaciones regulatorias y de compliance en la mayor\u00eda de los sectores, del aumento de la litigaci\u00f3n y la necesidad de interpretar las avalanchas normativas, son circunstancias que exigen de asesor\u00eda jur\u00eddica, y la ausencia de equipos de asesor\u00eda internos evidencia la necesidad de estos servicios. Nuestros profesionales LIM pueden gestionar las situaciones descritas con \u00e9xito ofreciendo sus servicios ya varios d\u00edas a la semana, a trav\u00e9s de secondments virtuales y siendo capaces de implantar buenas pr\u00e1cticas incluso en empresas que no cuentan con asesor\u00eda jur\u00eddica interna.<\/p>\n<blockquote>\n<h4>Referencias y testimonios<\/h4>\n<p>\u201cSiempre he quedado impresionada con el resultado de todos los proyectos que hemos gestionado con SAMANIEGO. Nuestros clientes se han beneficiado de nuestros servicios complementarios y nuestra experiencia en el sector legal que ha sido capaz de proveer de soluciones eficientes a un precio muy competitivo haciendo que las preocupaciones de cliente desapareciesen\u201d<\/p>\n<p>Iterlegis<\/p>\n<p><\/\n\n<blockquote>\n<p>no-repeat;center top;;<\/p>\n<p>auto<\/p>\n","protected":false},"excerpt":{"rendered":"<p>Legal Interim Management no-repeat;center top;; auto Por \u201cLegal Interim Management\u201d (LIM) entendemos la prestaci\u00f3n temporal de recursos especializados durante un per\u00edodo de transici\u00f3n, una crisis empresarial,<span class=\"excerpt-hellip\"> [\u2026]<\/span><\/p>\n","protected":false},"author":2,"featured_media":0,"parent":624,"menu_order":9,"comment_status":"closed","ping_status":"closed","template":"","meta":{"footnotes":""},"class_list":["post-660","page","type-page","status-publish","hentry"],"_links":{"self":[{"href":"https:\/\/samaniegolaw.com\/es\/wp-json\/wp\/v2\/pages\/660","targetHints":{"allow":["GET"]}}],"collection":[{"href":"https:\/\/samaniegolaw.com\/es\/wp-json\/wp\/v2\/pages"}],"about":[{"href":"https:\/\/samaniegolaw.com\/es\/wp-json\/wp\/v2\/types\/page"}],"author":[{"embeddable":true,"href":"https:\/\/samaniegolaw.com\/es\/wp-json\/wp\/v2\/users\/2"}],"replies":[{"embeddable":true,"href":"https:\/\/samaniegolaw.com\/es\/wp-json\/wp\/v2\/comments?post=660"}],"version-history":[{"count":6,"href":"https:\/\/samaniegolaw.com\/es\/wp-json\/wp\/v2\/pages\/660\/revisions"}],"predecessor-version":[{"id":728,"href":"https:\/\/samaniegolaw.com\/es\/wp-json\/wp\/v2\/pages\/660\/revisions\/728"}],"up":[{"embeddable":true,"href":"https:\/\/samaniegolaw.com\/es\/wp-json\/wp\/v2\/pages\/624"}],"wp:attachment":[{"href":"https:\/\/samaniegolaw.com\/es\/wp-json\/wp\/v2\/media?parent=660"}],"curies":[{"name":"wp","href":"https:\/\/api.w.org\/{rel}","templated":true}]}}