{"id":665,"date":"2017-11-23T10:38:00","date_gmt":"2017-11-23T09:38:00","guid":{"rendered":"http:\/\/samaniegolaw.com\/que-hacemos\/contracts-and-legal-projects-management\/"},"modified":"2021-08-20T11:30:50","modified_gmt":"2021-08-20T10:30:50","slug":"legal-tech-contract-management-y-gestion-de-proyectos-de-transformacion-digital","status":"publish","type":"page","link":"https:\/\/samaniegolaw.com\/es\/que-hacemos\/legal-tech-contract-management-y-gestion-de-proyectos-de-transformacion-digital\/","title":{"rendered":"Soluciones Legal Tech &#038; Managed Services"},"content":{"rendered":"<h2 class=\"title-sidebar\">Legal Tech,<br \/> Contract Management <br \/> y Gesti\u00f3n de <br \/> Proyectos de<br \/> Transformaci\u00f3n Digital<\/h2>\n<p>no-repeat;center top;;<\/p>\n<p>auto<\/p>\n<p><img decoding=\"async\" src=\"\"><\/p>\n<p>Los contratos contienen informaci\u00f3n muy valiosa: plazos y vencimientos que pueden resultar en penalizaciones por retraso, hitos contractuales a los que se encuentran asociados bonus, eventos que exigen llevar a cabo ciertas actuaciones, renovaciones autom\u00e1ticas, etc., y, en consecuencia, es cr\u00edtico controlar esa informaci\u00f3n contractual con atenci\u00f3n. Para algunas empresas el contar con el sistema adecuado de gesti\u00f3n jur\u00eddica no es s\u00f3lo es conveniente, sino que es una aut\u00e9ntica obligaci\u00f3n legal ligada a sus deberes de transparencia o informaci\u00f3n a accionistas, en el caso de sociedades cotizadas. Para conseguir los mejores resultados de una manera eficiente, las empresas deber\u00edan implementar procesos sensatos basados en la tecnolog\u00eda y mecanismos de control mediante herramientas ERP o sistemas de gesti\u00f3n legal de \u201cCM\u201d (contract management), y otras herramientas similares.<\/p>\n<p>Gracias a nuestra alianza con <a href=\"https:\/\/www.unitedlex.com\/\" target=\"_blank\">United Lex<\/a>, somos capaces de prestar estos servicios tecnol\u00f3gicos -totalmente cr\u00edticos- en el sector legal que van desde la contrataci\u00f3n digital, soluciones tecnol\u00f3gicas de adaptaci\u00f3n al  RGPD, gesti\u00f3n de Propiedad Industrial, procesamiento masivo de informaci\u00f3n legal, herramientas de \u201cContract Management\u201d, etc. UnitedLex es una empresa l\u00edder en tecnolog\u00eda que cuenta con casi un centenar de desarrolladores de software internos, y es la \u00fanica compa\u00f1\u00eda capaz de prestar servicios de BPO y KPO a los departamentos legales internos Tambi\u00e9n es pionera en ofrecer un servicio de gesti\u00f3n de asesor\u00eda jur\u00eddica completa a Secretar\u00edas Generales y Direcciones de Asesor\u00eda Jur\u00eddica de empresas, despachos de abogados y universidades.<\/p>\n<blockquote>\n<h4>Referencias y testimonios<\/h4>\n<p>\u201cEstamos muy orgullosos de nuestra alianza con SAMANIEGO LAW, una firma muy innovadora especialmente centrada en Tecnolog\u00eda y Resoluci\u00f3n de Conflictos.<br \/>\nSAMANIEGO LAW se ha volcado en la relaci\u00f3n con nuestra entidad para ser capaz de ofrecer soluciones basadas en la tecnolog\u00eda a sus clientes, a los que es capaz de proveer con un alto valor a\u00f1adido. Al contrario que muchos otros despachos, Javier Samaniego ha entendido la forma en la que van a prestarse los servicios legales en el futuro\u201d.<\/p>\n<p>United Lex<\/p>\n<p><\/\n\n<blockquote>\n<p>no-repeat;center top;;<\/p>\n<p>auto<\/p>\n","protected":false},"excerpt":{"rendered":"<p>Legal Tech, Contract Management y Gesti\u00f3n de Proyectos de Transformaci\u00f3n Digital no-repeat;center top;; auto Los contratos contienen informaci\u00f3n muy valiosa: plazos y vencimientos que pueden resultar<span class=\"excerpt-hellip\"> [\u2026]<\/span><\/p>\n","protected":false},"author":2,"featured_media":0,"parent":624,"menu_order":10,"comment_status":"closed","ping_status":"closed","template":"","meta":{"footnotes":""},"class_list":["post-665","page","type-page","status-publish","hentry"],"_links":{"self":[{"href":"https:\/\/samaniegolaw.com\/es\/wp-json\/wp\/v2\/pages\/665","targetHints":{"allow":["GET"]}}],"collection":[{"href":"https:\/\/samaniegolaw.com\/es\/wp-json\/wp\/v2\/pages"}],"about":[{"href":"https:\/\/samaniegolaw.com\/es\/wp-json\/wp\/v2\/types\/page"}],"author":[{"embeddable":true,"href":"https:\/\/samaniegolaw.com\/es\/wp-json\/wp\/v2\/users\/2"}],"replies":[{"embeddable":true,"href":"https:\/\/samaniegolaw.com\/es\/wp-json\/wp\/v2\/comments?post=665"}],"version-history":[{"count":11,"href":"https:\/\/samaniegolaw.com\/es\/wp-json\/wp\/v2\/pages\/665\/revisions"}],"predecessor-version":[{"id":2568,"href":"https:\/\/samaniegolaw.com\/es\/wp-json\/wp\/v2\/pages\/665\/revisions\/2568"}],"up":[{"embeddable":true,"href":"https:\/\/samaniegolaw.com\/es\/wp-json\/wp\/v2\/pages\/624"}],"wp:attachment":[{"href":"https:\/\/samaniegolaw.com\/es\/wp-json\/wp\/v2\/media?parent=665"}],"curies":[{"name":"wp","href":"https:\/\/api.w.org\/{rel}","templated":true}]}}