{"id":683,"date":"2017-11-21T15:19:44","date_gmt":"2017-11-21T14:19:44","guid":{"rendered":"http:\/\/samaniegolaw.com\/our-clients\/"},"modified":"2021-08-17T11:27:02","modified_gmt":"2021-08-17T10:27:02","slug":"nuestros-clientes","status":"publish","type":"page","link":"https:\/\/samaniegolaw.com\/es\/nuestros-clientes\/","title":{"rendered":"NUESTROS CLIENTES"},"content":{"rendered":"<h2 class=\"title-sidebar\">Nuestros Clientes<\/h2>\n<p class=\"desc-sidebar\"><strong>Nuestros clientes suelen ser empresas tecnol\u00f3gicas, proveedores y fabricantes de soluciones de transformaci\u00f3n digital, as\u00ed como -por otro lado- aquellas organizaciones que quieren reinventar sus negocios<\/strong><\/p>\n<p>no-repeat;center top;;<\/p>\n<p>auto<\/p>\n<p><img decoding=\"async\" src=\"><\/p>\n<p>Ayudamos a los disruptores y los afectados por las disrupciones que necesitan asesor\u00eda a respaldar sus nuevos modelos de negocio, en la configuraci\u00f3n de los nuevos l\u00edmites regulatorios y en la gesti\u00f3n de contratos complejos, grandes proyectos y en cumplir con las nuevas regulaciones de compliance. Nuestros clientes van desde corporaciones multinacionales a grandes instituciones financieras, gobiernos y, excepcionalmente, grandes patrimonios.<\/p>\n<p>no-repeat;center top;;<\/p>\n<p>auto<\/p>\n<p>header<\/p>\n<div class=\"center\">\n<p>Empresas de Tecnolog\u00eda<\/p>\n<p class=\"subtitle\">Proveedores de soluciones tecnol\u00f3gicas y sus clientes<\/p>\n<\/div>\n<p>: <\/p>\n<div class=\"box\">\n<img decoding=\"async\" src=\">\n<\/div>\n<div class=\"box\">\n<p>Las compa\u00f1\u00edas tecnol\u00f3gicas de hoy en d\u00eda est\u00e1n desarrollando tecnolog\u00edas digitales nuevas y cada vez m\u00e1s complicadas que crean nuevas oportunidades para el consumidor; por otro lado, los consumidores est\u00e1n ganando gradualmente m\u00e1s control sobre la tecnolog\u00eda. Esta interacci\u00f3n, por un lado, ha causado que la industria se mueva hacia una mayor consolidaci\u00f3n y hacia una creciente escala, pero por otro tambi\u00e9n conduce al surgimiento de gran variedad de consecuencias legales. Con nuestros expertos en seguridad, en IT y con nuestros economistas, ofrecemos una asesor\u00eda legal completa tanto para entidades clientes como para proveedores de soluciones tecnol\u00f3gicas.<\/p>\n<p>Los l\u00edderes de nuestros equipos han estado durante muchos a\u00f1os a la vanguardia de los desarrollos legales que est\u00e1n acaeciendo en el sector tecnol\u00f3gico, habiendo asesorado en asuntos que van desde peque\u00f1os proyectos a algunos de los conflictos con m\u00e1s impacto de los \u00faltimos a\u00f1os.<\/p>\n<\/div>\n<p>accordion<\/p>\n<div class=\"center\">\n<p>Disruptores y las industrias afectadas por la disrupci\u00f3n<\/p>\n<\/div>\n<p>: <\/p>\n<div class=\"box\">\n<img decoding=\"async\" src=\">\n<\/div>\n<div class=\"box\">\n<p>Somos un despacho apasionado por la innovaci\u00f3n. Ofrecemos una amplia gama de servicios legales a empresas innovadoras, que optan por nuevas formas de entender la forma de trabajar, tanto si se trata de \u201cstart-up\u201d como de empresas ya muy consolidadas. <\/p>\n<p><i>\u201cA lo largo de los siglos, ha habido hombres que dieron los primeros pasos por nuevos caminos armados tan solo con su propia visi\u00f3n. Sus prop\u00f3sitos eran diferentes, pero todos ten\u00edan algo en com\u00fan: que su paso fue el primero, el camino nuevo, su visi\u00f3n original y la respuesta que recibieron \u2014odio. Los grandes creadores \u2014los pensadores, artistas, cient\u00edficos, inventores\u2014 hicieron frente en solitario a los hombres de su tiempo. Cada nuevo pensamiento encontr\u00f3 oposici\u00f3n. Cada gran invenci\u00f3n fue denunciada. El primer motor fue considerado est\u00fapido. El aeroplano era considerado imposible. El telar mec\u00e1nico fue considerado imp\u00edo. La anestesia fue considerada como un pecado. Pero todos los hombres de visi\u00f3n original continuaron adelante. Lucharon, sufrieron y lo pagaron. Pero vencieron\u201d<\/i> (Ayn Rand, \u00abEl Manantial\u00bb).<\/p>\n<p>Tambi\u00e9n solemos asesorar a empresas afectadas por las disrupciones tecnol\u00f3gicas cuyos modelos de negocios se derrumban ante los cambios disruptivos en su sector y que necesitan asesoramiento para su reconstrucci\u00f3n.<\/p>\n<\/div>\n<p>accordion<\/p>\n<p>default<\/p>\n<div class=\"center\">\n<p>Reguladores y sus supervisados<\/p>\n<\/div>\n<p>: <\/p>\n<div class=\"box\">\n<img decoding=\"async\" src=\">\n<\/div>\n<div class=\"box\">\n<p>Ante la constante y creciente avalancha regulatoria tanto sectorial como multi-jurisdiccional, para las empresas es un aut\u00e9ntico reto adaptarse a la creciente presi\u00f3n regulatoria. Gracias a nuestra dimensi\u00f3n internacional y nuestro profundo conocimiento tanto de las normas locales como de las entidades supervisoras internacionales, somos el despacho id\u00f3neo para enfrentarse de forma eficiente a estos retos.<\/p>\n<p>Ayudamos a nuestros clientes a entender sus obligaciones y responsabilidades, ayud\u00e1ndoles a minimizar las cargas que implican. Mantenemos unas estrechas relaciones con los distintos reguladores y supervisores, y ayudamos a nuestros clientes a adaptarse con \u00e9xito a los continuos cambios y exigencias regulatorias<\/p>\n<\/div>\n<p>accordion<\/p>\n<div class=\"center\">\n<p>Gobiernos e Inversores<\/p>\n<\/div>\n<p>: <\/p>\n<div class=\"box\">\n<img decoding=\"async\" src=\">\n<\/div>\n<div class=\"box\">\n<p>Tenemos mucha experiencia a la hora de representar tanto a los Estados como a inversores en disputas complejas derivadas de la protecci\u00f3n de sus inversiones.<\/p>\n<p>Somos capaces de gestionar disputas sobre comercio e inversi\u00f3n que surjan de tratados bilaterales o multilaterales en varias jurisdicciones.<\/p>\n<p>Podemos ayudar a los clientes a comprender los beneficios y riesgos de sus acciones empresariales, y a negociar escenarios de \u00e9xito. Si surgen conflictos, protegeremos sus intereses y le ayudaremos a conseguir los mejores resultados. Nuestro \u00e9xito se basa en la comprensi\u00f3n del negocio y de los intereses de nuestros clientes, combinado con nuestra experiencia tratando con funcionarios y expertos legales. <\/p>\n<\/div>\n<p>accordion<\/p>\n<h2 class=\"title-content\">Nuestros Sectores<\/h2>\n<p>no-repeat;center top;;<\/p>\n<p>auto<\/p>\n<p class=\"text-content\">Aviaci\u00f3n<\/p>\n<p class=\"text-content\">Energ\u00eda y Tecnolog\u00edas Limpias<\/p>\n<p class=\"text-content\">Sector P\u00fablico y gubernamental<\/p>\n<p class=\"text-content\">Infraestructuras y Servicios P\u00fablicos<\/p>\n<p class=\"text-content\">Compa\u00f1\u00edas Aseguradoras<\/p>\n<p class=\"text-content\">Servicios Profesionales<\/p>\n<p class=\"text-content\">Econom\u00eda Colaborativa<\/p>\n<p class=\"text-content\">Transportes<\/p>\n<p class=\"text-content\">Deporte<\/p>\n<p>no-repeat;center top;;<\/p>\n<p>auto<\/p>\n<p class=\"text-content\">Servicios Bancarios y Financieros<\/p>\n<p class=\"text-content\">Fintech<\/p>\n<p class=\"text-content\">Informaci\u00f3n, Bases de Datos y Empresas Digitales<\/p>\n<p class=\"text-content\">Industria y Manufactura<\/p>\n<p class=\"text-content\">Medios de Comunicaci\u00f3n y Entretenimiento| New Media<\/p>\n<p class=\"text-content\">Distribuci\u00f3n y Productos para el Consumo<\/p>\n<p class=\"text-content\">Tecnolog\u00eda y Comunicaciones<\/p>\n<p class=\"text-content\">Capital de Riesgo y capital privado<\/p>\n<p>no-repeat;center top;;<\/p>\n<p>auto<\/p>\n<p><b><\/b><\/p>\n<blockquote>\n<h4>Testimonios de Clientes<\/h4>\n<p>\u201cA lo largo de nuestra relaci\u00f3n, Javier y su equipo siempre han sido y contin\u00faan siendo, un gran recurso para consejos comprensivos, concisos y \u00fatiles. Han creado valor para nuestra compa\u00f1\u00eda.\u201d<\/p>\n<p><b>Antonio Romero Sanchiz, Presidente, Datacentric<\/b><\/p>\n<p>\u201cJavier Fern\u00e1ndez-Samaniego y su equipo han proporcionado a varios de nuestros clientes soluciones innovadoras cuando se trata de problemas desafiantes en Europa. Ellos entienden la mentalidad y las expectativas de los clientes estadounidenses. Piensan fuera de la caja y forman equipos multidisciplinarios que incluyen cabilderos profesionales y otros profesionales a los que los clientes valoran.\u201d<\/p>\n<p><b>Carlos Abarca, Partner, Foley &#038; Lardner<\/b><\/p>\n<p><p>\u201cHe trabajado con el equipo de Samaniego durante muchos a\u00f1os, en transacciones con el continente americano y el sur de Europa y he disfrutado trabajar con este equipo, formado por abogados fiables, trabajadores y totalmente dedicados.\u201d<\/p>\n<p><b><\/p>\n<p><i>Alain Costantini, Partner, DKW-Law<\/i><\/p>\n<p><\/b>\n<\/p><\/blockquote>\n<p>right<\/p>\n<p>no-repeat;left top;;<\/p>\n<p>auto<\/p>\n","protected":false},"excerpt":{"rendered":"<p>Nuestros Clientes Nuestros clientes suelen ser empresas tecnol\u00f3gicas, proveedores y fabricantes de soluciones de transformaci\u00f3n digital, as\u00ed como -por otro lado- aquellas organizaciones que quieren reinventar<span class=\"excerpt-hellip\"> [\u2026]<\/span><\/p>\n","protected":false},"author":2,"featured_media":0,"parent":0,"menu_order":12,"comment_status":"closed","ping_status":"closed","template":"","meta":{"footnotes":""},"class_list":["post-683","page","type-page","status-publish","hentry"],"_links":{"self":[{"href":"https:\/\/samaniegolaw.com\/es\/wp-json\/wp\/v2\/pages\/683","targetHints":{"allow":["GET"]}}],"collection":[{"href":"https:\/\/samaniegolaw.com\/es\/wp-json\/wp\/v2\/pages"}],"about":[{"href":"https:\/\/samaniegolaw.com\/es\/wp-json\/wp\/v2\/types\/page"}],"author":[{"embeddable":true,"href":"https:\/\/samaniegolaw.com\/es\/wp-json\/wp\/v2\/users\/2"}],"replies":[{"embeddable":true,"href":"https:\/\/samaniegolaw.com\/es\/wp-json\/wp\/v2\/comments?post=683"}],"version-history":[{"count":9,"href":"https:\/\/samaniegolaw.com\/es\/wp-json\/wp\/v2\/pages\/683\/revisions"}],"predecessor-version":[{"id":2080,"href":"https:\/\/samaniegolaw.com\/es\/wp-json\/wp\/v2\/pages\/683\/revisions\/2080"}],"wp:attachment":[{"href":"https:\/\/samaniegolaw.com\/es\/wp-json\/wp\/v2\/media?parent=683"}],"curies":[{"name":"wp","href":"https:\/\/api.w.org\/{rel}","templated":true}]}}