{"id":691,"date":"2017-11-21T15:19:58","date_gmt":"2017-11-21T14:19:58","guid":{"rendered":"http:\/\/samaniegolaw.com\/contact-us\/"},"modified":"2021-08-17T12:09:39","modified_gmt":"2021-08-17T11:09:39","slug":"contactanos","status":"publish","type":"page","link":"https:\/\/samaniegolaw.com\/es\/contactanos\/","title":{"rendered":"CONT\u00c1CTANOS"},"content":{"rendered":"<div class=\"content\">\n<p class=\"title\">Oficina de Madrid<\/p>\n<\/div>\n<p>\/wp-content\/uploads\/2017\/12\/madrid-office.jpg<\/p>\n<p>no-repeat;center top;;<\/p>\n<p>auto<\/p>\n<p>wrap-city<\/p>\n<p><iframe loading=\"lazy\" src=\"https:\/\/www.google.com\/maps\/embed?pb=!1m18!1m12!1m3!1d3037.368794671646!2d-3.69026028425992!3d40.422831963191705!2m3!1f0!2f0!3f0!3m2!1i1024!2i768!4f13.1!3m3!1m2!1s0xd42289a04ec92d7%3A0x52ccd7d5cbb486b8!2sCalle+de+Serrano%2C+16%2C+28001+Madrid!5e0!3m2!1ses!2ses!4v1513269256677\" width=\"515\" height=\"284\" frameborder=\"0\" style=\"border:0\" allowfullscreen><\/iframe><\/p>\n<p class=\"address\">\n<strong>SAMANIEGO Law, S.L.<\/strong><br \/>\n<span>Serrano 16, 6D<\/span><br \/>\n<span>28001 Madrid<\/span><br \/>\n<span>Espa\u00f1a<\/span><br \/>\n<span>Tel.+34 910 66 41 06<\/span><br \/>\n<span>info@samaniegolaw.com<\/span>\n<\/p>\n<p>no-repeat;center top;;<\/p>\n<p>auto<\/p>\n<p>Map<\/p>\n<div class=\"content\">\n<p  class=\"title\">Oficina de Miami<\/p>\n<\/div>\n<p>\/wp-content\/uploads\/2017\/12\/miami-office.jpg<\/p>\n<p>no-repeat;center top;;<\/p>\n<p>auto<\/p>\n<p>wrap-city<\/p>\n<p><iframe loading=\"lazy\" src=\"https:\/\/www.google.com\/maps\/embed?pb=!1m18!1m12!1m3!1d3593.6466557547965!2d-80.26146208450407!3d25.749196115401315!2m3!1f0!2f0!3f0!3m2!1i1024!2i768!4f13.1!3m3!1m2!1s0x88d9b7975b0d0855%3A0x64d76e350baeff8!2s220+Miracle+Mile+%23219%2C+Coral+Gables%2C+FL+33134%2C+EE.+UU.!5e0!3m2!1ses!2ses!4v1511443092705\" width=\"515\" height=\"284\" frameborder=\"0\" style=\"border:0\" allowfullscreen><\/iframe><\/p>\n<p class=\"address\">\n<strong>SAMANIEGO Law PA<\/strong><br \/>\n<span>220 Miracle Mile, suite 219<\/span><br \/>\n<span>Miami FL 33134<\/span><br \/>\n<span>USA<\/span><br \/>\n<span>info@samaniegolaw.com<\/span>\n<\/p>\n<p>no-repeat;center top;;<\/p>\n<p>auto<\/p>\n<p>Map<\/p>\n<p>Cont\u00e1ctanos<\/p>\n\n<div class=\"wpcf7 no-js\" id=\"wpcf7-f697-o1\" lang=\"en-US\" dir=\"ltr\" data-wpcf7-id=\"697\">\n<div class=\"screen-reader-response\"><p role=\"status\" aria-live=\"polite\" aria-atomic=\"true\"><\/p> <ul><\/ul><\/div>\n<form action=\"\/es\/wp-json\/wp\/v2\/pages\/691#wpcf7-f697-o1\" method=\"post\" class=\"wpcf7-form init wpcf7-acceptance-as-validation\" aria-label=\"Contact form\" novalidate=\"novalidate\" data-status=\"init\">\n<div style=\"display: none;\">\n<input type=\"hidden\" name=\"_wpcf7\" value=\"697\" \/>\n<input type=\"hidden\" name=\"_wpcf7_version\" value=\"6.0.5\" \/>\n<input type=\"hidden\" name=\"_wpcf7_locale\" value=\"en_US\" \/>\n<input type=\"hidden\" name=\"_wpcf7_unit_tag\" value=\"wpcf7-f697-o1\" \/>\n<input type=\"hidden\" name=\"_wpcf7_container_post\" value=\"0\" \/>\n<input type=\"hidden\" name=\"_wpcf7_posted_data_hash\" value=\"\" \/>\n<input type=\"hidden\" name=\"_wpcf7_recaptcha_response\" value=\"\" \/>\n<\/div>\n<div class=\"left\">\n<div class=\"inputWrap\">\n\t<div class=\"input\">\n\t     <span class=\"wpcf7-form-control-wrap\" data-name=\"nombre\"><input size=\"40\" maxlength=\"400\" class=\"wpcf7-form-control wpcf7-text wpcf7-validates-as-required\" aria-required=\"true\" aria-invalid=\"false\" value=\"\" type=\"text\" name=\"nombre\" \/><\/span>\n\t     <div class=\"nombreWrap\">Nombre<\/div>\n\t<\/div>\n\t<div class=\"subrayado\"><\/div>\n\t<div class=\"subrayadoActivo\"><\/div>\n<\/div>\n\n<div class=\"inputWrap\">\n\t<div class=\"input\">\n             <span class=\"wpcf7-form-control-wrap\" data-name=\"email\"><input size=\"40\" maxlength=\"400\" class=\"wpcf7-form-control wpcf7-email wpcf7-validates-as-required wpcf7-text wpcf7-validates-as-email\" aria-required=\"true\" aria-invalid=\"false\" value=\"\" type=\"email\" name=\"email\" \/><\/span>\n\t     <div class=\"nombreWrap\">Email<\/div>\n\t<\/div>\n\t<div class=\"subrayado\"><\/div>\n\t<div class=\"subrayadoActivo\"><\/div>\n<\/div>\n\n<div class=\"inputWrap\">\n\t<div class=\"input\">\n             <span class=\"wpcf7-form-control-wrap\" data-name=\"organizacion\"><input size=\"40\" maxlength=\"400\" class=\"wpcf7-form-control wpcf7-text wpcf7-validates-as-required\" aria-required=\"true\" aria-invalid=\"false\" value=\"\" type=\"text\" name=\"organizacion\" \/><\/span>\n\t     <div class=\"nombreWrap\">Organizaci\u00f3n<\/div>\n\t<\/div>\n\t<div class=\"subrayado\"><\/div>\n\t<div class=\"subrayadoActivo\"><\/div>\n<\/div>\n\n<\/div>\n\n\n<div class=\"right\">\n<div class=\"inputWrap\">\n\t<div class=\"input\">\n\t     <span class=\"wpcf7-form-control-wrap\" data-name=\"asunto\"><input size=\"40\" maxlength=\"400\" class=\"wpcf7-form-control wpcf7-text wpcf7-validates-as-required\" aria-required=\"true\" aria-invalid=\"false\" value=\"\" type=\"text\" name=\"asunto\" \/><\/span>\n\t     <div class=\"nombreWrap\">Asunto<\/div>\n\t<\/div>\n\t<div class=\"subrayado\"><\/div>\n\t<div class=\"subrayadoActivo\"><\/div>\n<\/div>\n\n<div class=\"inputWrap text-area\">\n<div class=\"nombreWrap\">Mensaje<\/div>\n\t<div class=\"input\">             \n             <span class=\"wpcf7-form-control-wrap\" data-name=\"mensaje\"><textarea cols=\"10\" rows=\"3\" maxlength=\"2000\" class=\"wpcf7-form-control wpcf7-textarea\" aria-invalid=\"false\" name=\"mensaje\"><\/textarea><\/span>\n\t<\/div>\n<\/div>\n<\/div>\n\n\n\n<p class=\"check-acceptance\"><span class=\"wpcf7-form-control-wrap\" data-name=\"acceptance-622\"><span class=\"wpcf7-form-control wpcf7-acceptance\"><span class=\"wpcf7-list-item\"><input type=\"checkbox\" name=\"acceptance-622\" value=\"1\" aria-invalid=\"false\" \/><\/span><\/span><\/span> <span class=\"txt\">Aceptar<a href=\"\/es\/politica-de-privacidad-cookies\/\" target=\"_blank\"> privacidad y pol\u00edtica de cookies<\/a><\/span><\/p>\n<p class=\"btn-send\"><input class=\"wpcf7-form-control wpcf7-submit has-spinner\" type=\"submit\" value=\"ENVIAR\" \/><p><div class=\"wpcf7-response-output\" aria-hidden=\"true\"><\/div>\n<\/form>\n<\/div>\n\n<p>no-repeat;center top;;<\/p>\n<p>auto<\/p>\n<p class=\"title\" id=\"JoinUs\">TRABAJA CON NOSOTROS<\/p>\n<p><strong>Ofrecemos una oportunidad \u00fanica de trabajar en un ambiente de innovaci\u00f3n para abogados comprometidos y talentosos, personal estrat\u00e9gico y consultores de IT.<\/strong><\/p>\n<p>Nuestros profesionales m\u00e1s j\u00f3venes trabajar\u00e1n estrechamente con nuestros profesionales s\u00e9nior, con el apoyo necesario para desarrollar su propia carrera profesional con el m\u00e1s alto nivel de libertad posible y sin las restricciones de una jerarqu\u00eda interna.<\/p>\n<p>Esperamos recibir solicitudes de profesionales que crean que nuestro despacho puede ser el lugar perfecto para ellos. Escr\u00edbenos a  <strong><a href=\"mailto:info@samaniegolaw.com \">info@samaniegolaw.com<\/a><\/strong><\/p>\n<p>no-repeat;center top;;<\/p>\n<p>auto<\/p>\n<p>default<\/p>\n<p class=\"cv\"> Env\u00edenos su CV<\/p>\n<p>no-repeat;center top;;<\/p>\n<p>auto<\/p>\n\n<div class=\"wpcf7 no-js\" id=\"wpcf7-f700-o2\" lang=\"en-US\" dir=\"ltr\" data-wpcf7-id=\"700\">\n<div class=\"screen-reader-response\"><p role=\"status\" aria-live=\"polite\" aria-atomic=\"true\"><\/p> <ul><\/ul><\/div>\n<form action=\"\/es\/wp-json\/wp\/v2\/pages\/691#wpcf7-f700-o2\" method=\"post\" class=\"wpcf7-form init wpcf7-acceptance-as-validation\" aria-label=\"Contact form\" enctype=\"multipart\/form-data\" novalidate=\"novalidate\" data-status=\"init\">\n<div style=\"display: none;\">\n<input type=\"hidden\" name=\"_wpcf7\" value=\"700\" \/>\n<input type=\"hidden\" name=\"_wpcf7_version\" value=\"6.0.5\" \/>\n<input type=\"hidden\" name=\"_wpcf7_locale\" value=\"en_US\" \/>\n<input type=\"hidden\" name=\"_wpcf7_unit_tag\" value=\"wpcf7-f700-o2\" \/>\n<input type=\"hidden\" name=\"_wpcf7_container_post\" value=\"0\" \/>\n<input type=\"hidden\" name=\"_wpcf7_posted_data_hash\" value=\"\" \/>\n<input type=\"hidden\" name=\"_wpcf7_recaptcha_response\" value=\"\" \/>\n<\/div>\n<div class=\"inputWrap\">\n\t<div class=\"input archivo\">\n\t     <span class=\"wpcf7-form-control-wrap\" data-name=\"file\"><input size=\"40\" class=\"wpcf7-form-control wpcf7-file wpcf7-validates-as-required\" accept=\"audio\/*,video\/*,image\/*\" aria-required=\"true\" aria-invalid=\"false\" type=\"file\" name=\"file\" \/><\/span>\n\t     <div class=\"nombreWrap\">Seleccione Archivo<\/div>\n\t<\/div>\n\t<div class=\"subrayado\"><\/div>\n\t<div class=\"subrayadoActivo\"><\/div>\n<\/div>\n\n<div class=\"inputWrap\">\n\t<div class=\"input\">\n             <span class=\"wpcf7-form-control-wrap\" data-name=\"email\"><input size=\"40\" maxlength=\"400\" class=\"wpcf7-form-control wpcf7-email wpcf7-validates-as-required wpcf7-text wpcf7-validates-as-email\" aria-required=\"true\" aria-invalid=\"false\" value=\"\" type=\"email\" name=\"email\" \/><\/span>\n\t     <div class=\"nombreWrap\">Email<\/div>\n\t<\/div>\n\t<div class=\"subrayado\"><\/div>\n\t<div class=\"subrayadoActivo\"><\/div>\n<\/div>\n\n<p class=\"check-acceptance\"><span class=\"wpcf7-form-control-wrap\" data-name=\"acceptance-622\"><span class=\"wpcf7-form-control wpcf7-acceptance\"><span class=\"wpcf7-list-item\"><input type=\"checkbox\" name=\"acceptance-622\" value=\"1\" aria-invalid=\"false\" \/><\/span><\/span><\/span> <span class=\"txt\">Acepto<a href=\"\/es\/politica-de-privacidad-cookies\/\" target=\"_blank\"> privacidad y pol\u00edtica de cookies<\/a><\/span><\/p>\n<p class=\"btn-send\"><input class=\"wpcf7-form-control wpcf7-submit has-spinner\" type=\"submit\" value=\"ENVIAR\" \/><p><div class=\"wpcf7-response-output\" aria-hidden=\"true\"><\/div>\n<\/form>\n<\/div>\n\n<p>no-repeat;center top;;<\/p>\n<p>auto<\/p>\n","protected":false},"excerpt":{"rendered":"<p>Oficina de Madrid \/wp-content\/uploads\/2017\/12\/madrid-office.jpg no-repeat;center top;; auto wrap-city SAMANIEGO Law, S.L. Serrano 16, 6D 28001 Madrid Espa\u00f1a Tel.+34 910 66 41 06 info@samaniegolaw.com no-repeat;center top;; auto<span class=\"excerpt-hellip\"> [\u2026]<\/span><\/p>\n","protected":false},"author":2,"featured_media":0,"parent":0,"menu_order":13,"comment_status":"closed","ping_status":"closed","template":"","meta":{"footnotes":""},"class_list":["post-691","page","type-page","status-publish","hentry"],"_links":{"self":[{"href":"https:\/\/samaniegolaw.com\/es\/wp-json\/wp\/v2\/pages\/691","targetHints":{"allow":["GET"]}}],"collection":[{"href":"https:\/\/samaniegolaw.com\/es\/wp-json\/wp\/v2\/pages"}],"about":[{"href":"https:\/\/samaniegolaw.com\/es\/wp-json\/wp\/v2\/types\/page"}],"author":[{"embeddable":true,"href":"https:\/\/samaniegolaw.com\/es\/wp-json\/wp\/v2\/users\/2"}],"replies":[{"embeddable":true,"href":"https:\/\/samaniegolaw.com\/es\/wp-json\/wp\/v2\/comments?post=691"}],"version-history":[{"count":6,"href":"https:\/\/samaniegolaw.com\/es\/wp-json\/wp\/v2\/pages\/691\/revisions"}],"predecessor-version":[{"id":916,"href":"https:\/\/samaniegolaw.com\/es\/wp-json\/wp\/v2\/pages\/691\/revisions\/916"}],"wp:attachment":[{"href":"https:\/\/samaniegolaw.com\/es\/wp-json\/wp\/v2\/media?parent=691"}],"curies":[{"name":"wp","href":"https:\/\/api.w.org\/{rel}","templated":true}]}}