{"id":703,"date":"2017-11-21T15:20:06","date_gmt":"2017-11-21T14:20:06","guid":{"rendered":"http:\/\/samaniegolaw.com\/csr\/"},"modified":"2022-04-29T17:06:39","modified_gmt":"2022-04-29T16:06:39","slug":"rsc","status":"publish","type":"page","link":"https:\/\/samaniegolaw.com\/es\/rsc\/","title":{"rendered":"RSC"},"content":{"rendered":"<p><img decoding=\"async\" src=\"\" alt=\"\"><\/p>\n<p>header-csr<\/p>\n<p>Nuestras actividades m\u00e1s recientes incluyen:<\/p>\n<p>no-repeat;center top;;<\/p>\n<p>auto<\/p>\n<p><img decoding=\"async\" src=\"\" alt=\"\"><\/p>\n<p>Programa de Mentor\u00eda de CEA Mujeres<\/p>\n<p><strong> Programa de Mentor\u00eda de CEA Mujeres <\/strong>. Somos mentores en el <a href=\"http:\/\/www.clubarbitraje.com\/en\/cea-mujeres-mentoring-program\" target=\"_blank\" rel=\"noopener\">Programa de mentor\u00eda<\/a> del Club Espa\u00f1ol del Arbitraje Mujeres (CEA Mujeres) lanzado a principios de 2018. El programa est\u00e1 dirigido a mujeres que comienzan su carrera en el mundo del arbitraje internacional y buscan orientaci\u00f3n adicional. Es un honor estar entre el selecto grupo internacional de mentores que est\u00e1n  y tener esta oportunidad de guiar las excepcionales j\u00f3venes colegas que est\u00e1n en los primeros a\u00f1os de sus carrera en el mundo del arbitraje internacional.<\/p>\n<p>no-repeat;center top;;<\/p>\n<p>auto<\/p>\n<p>default<\/p>\n<p><img decoding=\"async\" src=\"\" alt=\"\"><\/p>\n<p>Frozen Peak Adventures (Tanzania)<\/p>\n<p><strong>Frozen Peak Adventures (Tanzania). <\/strong>Tras haber cumplido nuestro sue\u00f1o de hacer cumbre en el pico Uhuru  Kilimanjaro (5.895 m)  en agosto de 2017, hemos apoyado a un grupo de experimentados gu\u00edas locales tanzanos en la creaci\u00f3n de su propia agencia de viajes de aventura <a href=\"http:\/\/frozenpeakadventures.com\/\" target=\"_blank\" rel=\"noopener\">Frozen Peak Adventures <\/a> junto con nuestros  colegas de <a href=\"https:\/\/www.attitude-consulting.com\/\" target=\"_blank\" rel=\"noopener\">Attitude Consulting<\/a> que les han ayudado tambi\u00e9n en la  en la creaci\u00f3n de su p\u00e1gina web y sus acciones de marketing y desarrollo de negocio.<\/p>\n<p>no-repeat;center top;;<\/p>\n<p>auto<\/p>\n<p>default<\/p>\n<p><img decoding=\"async\" src=\"\" alt=\"\"><\/p>\n<p>Fundaci\u00f3n Adelias<\/p>\n<p><strong>Fundaci\u00f3n Adelias<\/strong>: La <a href=\"http:\/\/www.fundacionadelias.org\/\" target=\"_blank\" rel=\"noopener\">Adelias Foundation<\/a> trabaja entre Espa\u00f1a y Marruecos ayudando a ni\u00f1os y adolescentes marroqu\u00edes a combatir la enfermedad, la pobreza y el analfabetismo. Les ayudamos en su programa para apoyar a los talleres de tejedoras locales y para proporcionar alojamiento en Madrid para ni\u00f1os enfermos y sus familias que reciben tratamiento en hospitales espa\u00f1oles.<\/p>\n<p>no-repeat;center top;;<\/p>\n<p>auto<\/p>\n<p>default<\/p>\n<p><img decoding=\"async\" src=\"\" alt=\"\"><\/p>\n<p>TedEx Youth<\/p>\n<p><strong>TedEx Youth<\/strong>. en SAMANIEGO Law apoyamos el desarrollo de tecnolog\u00edas disruptivas, del conocimiento compartido y de las herramientas y pr\u00e1cticas que tienen potencial para transformar el modo en que vivimos y trabajamos y de las que nuestra sociedad y nuestras empresas se pueden beneficiar. Suministramos asesor\u00eda probono en propiedad intelectual, privacidad y protecci\u00f3n de datos al comit\u00e9 organizador de  <a href=\"http:\/\/www.tedxyouthmadrid.com\/colaboradores\/\" target=\"_blank\" rel=\"noopener\">TedEx Youth Madrid<\/a> Como parte de la serie de eventos de TedEx \u00abideas worth spreading\u00bb, the TedEx Iniciativa para la Juventud est\u00e1 dise\u00f1ada para empoderar e inspirar a los j\u00f3venes.<\/p>\n<p>no-repeat;center top;;<\/p>\n<p>auto<\/p>\n<p>default<\/p>\n<p><img decoding=\"async\" src=\"\" alt=\"\"><\/p>\n<p>Conoce tus Leyes y trabajo comunitario<\/p>\n<p><strong>Conoce tus Leyes y trabajo comunitario<\/strong>: Estamos comprometidos con el programa del Gobierno de la Comunidad de Madrid \u201cConoce tus Leyes\u201d (<a href=\"http:\/\/www.madrid.org\/cs\/Satellite?cid=1142678533984&amp;idPaginaAsociada=1142678533984&amp;pagename=PortalInmigrante\/Page\/INMI_pintarContenidoFinal\" target=\"_blank\" rel=\"noopener\">Conoce tus leyes<\/a>), que quiere ayudar a los inmigrantes que viven en Madrid a comprender sus derechos y deberes. Algunos miembros de nuestro equipo han estado implicados en este proyecto desde su primera edici\u00f3n. En algunas noches de s\u00e1bado del a\u00f1o, nuestros abogados dieron sesiones de tres horas sobre varios aspectos del ordenamiento jur\u00eddico espa\u00f1ol, abarcando desde derechos fundamentales a los consejos m\u00e1s pr\u00e1cticos para el d\u00eda a d\u00eda en distintos centros de inmigraci\u00f3n de Madrid. Cada centro generalmente atrae a cerca de 100 asistentes de diversas nacionalidades. Los temas suelen generar debates muy significativos e interesantes y el feedback es muy positivo.<\/p>\n<p>no-repeat;center top;;<\/p>\n<p>auto<\/p>\n<p>default<\/p>\n<p><img decoding=\"async\" src=\"\" alt=\"\"><\/p>\n<p>D\u00eda Europeo para la protecci\u00f3n de Datos<\/p>\n<p><strong>D\u00eda Europeo para la protecci\u00f3n de Datos<\/strong>: Cada a\u00f1o nuestro equipo de abogados de Protecci\u00f3n de Datos pasa el D\u00eda Europeo para la Protecci\u00f3n de Datos y Privacidad dando sesiones informativas a estudiantes adolescentes sobre privacidad en centros educativos de Madrid. El D\u00eda Europeo para la protecci\u00f3n de Datos fue celebrado por primera vez en 1981 cuando el Convenio n\u00ba 108, para la Protecci\u00f3n de las Personas con respecto al Tratamiento Automatizado de Datos de Car\u00e1cter Personal fue adoptado en Estrasburgo. Hoy, con el crecimiento de medios de comunicaci\u00f3n y del uso de internet, los ni\u00f1os y adolescentes son particularmente vulnerables en los asuntos sobre protecci\u00f3n de datos y privacidad. La iniciativa siempre es acogida amigablemente tanto por los estudiantes como por los trabajadores de los centros. Las presentaciones que nuestro equipo realiza incluyen v\u00eddeos que recalcan los riesgos que las redes sociales entra\u00f1an. Aunque la tarea de explicar la importancia de la privacidad personal a los adolescentes es todo un reto, estas sesiones siempre traen resultados extremadamente exitosos.<\/p>\n<p>no-repeat;center top;;<\/p>\n<p>auto<\/p>\n<p>default<\/p>\n<p><img decoding=\"async\" src=\"\" alt=\"\"><\/p>\n<p>Agua en \u00c1frica<\/p>\n<p><strong>Agua en \u00c1frica<\/strong>: colaboramos con la <a href=\"http:\/\/fundacionemalaikat.es\/\" target=\"_blank\" rel=\"noopener\">Emalaikat Foundation<\/a> y la <a href=\"http:\/\/mcspa.org\/\" target=\"_blank\" rel=\"noopener\">Missionary Community of St Paul the Apostle<\/a> para apoyar su gran proyecto con el que ayudan a los habitantes de las aldeas de remotas \u00e1reas des\u00e9rticas entre Kenya y Etiop\u00eda. Estas personas, entre otras desdichas, sufren desnutrici\u00f3n debido a las severas sequ\u00edas en su tierra. El Proyecto \u201cBarcos de Turkana\u201d incluye la construcci\u00f3n de barcos de pesca para los aldeanos que viven en la costa del Lago Turkana que, a pesar de que su agua no es potable, proporciona grandes oportunidades de pesca. Los miembros de nuestro equipo han conseguido la suficiente recaudaci\u00f3n para construir, mantener y comprar redes y otros instrumentos de pesca para un barco de pesca que ya est\u00e1 listo para ser usado. M\u00e1s de 50 personas, incluyendo los miembros de las familias de los pescadores, se benefician de esta contribuci\u00f3n.<\/p>\n<p>no-repeat;center top;;<\/p>\n<p>auto<\/p>\n","protected":false},"excerpt":{"rendered":"<p>header-csr Nuestras actividades m\u00e1s recientes incluyen: no-repeat;center top;; auto Programa de Mentor\u00eda de CEA Mujeres Programa de Mentor\u00eda de CEA Mujeres . Somos mentores en el<span class=\"excerpt-hellip\"> [\u2026]<\/span><\/p>\n","protected":false},"author":2,"featured_media":0,"parent":0,"menu_order":0,"comment_status":"closed","ping_status":"closed","template":"","meta":{"footnotes":""},"class_list":["post-703","page","type-page","status-publish","hentry"],"_links":{"self":[{"href":"https:\/\/samaniegolaw.com\/es\/wp-json\/wp\/v2\/pages\/703","targetHints":{"allow":["GET"]}}],"collection":[{"href":"https:\/\/samaniegolaw.com\/es\/wp-json\/wp\/v2\/pages"}],"about":[{"href":"https:\/\/samaniegolaw.com\/es\/wp-json\/wp\/v2\/types\/page"}],"author":[{"embeddable":true,"href":"https:\/\/samaniegolaw.com\/es\/wp-json\/wp\/v2\/users\/2"}],"replies":[{"embeddable":true,"href":"https:\/\/samaniegolaw.com\/es\/wp-json\/wp\/v2\/comments?post=703"}],"version-history":[{"count":12,"href":"https:\/\/samaniegolaw.com\/es\/wp-json\/wp\/v2\/pages\/703\/revisions"}],"predecessor-version":[{"id":3452,"href":"https:\/\/samaniegolaw.com\/es\/wp-json\/wp\/v2\/pages\/703\/revisions\/3452"}],"wp:attachment":[{"href":"https:\/\/samaniegolaw.com\/es\/wp-json\/wp\/v2\/media?parent=703"}],"curies":[{"name":"wp","href":"https:\/\/api.w.org\/{rel}","templated":true}]}}