{"id":734,"date":"2018-01-16T17:35:34","date_gmt":"2018-01-16T16:35:34","guid":{"rendered":"http:\/\/samaniegolaw.com\/equipo\/javier-fernandez-samaniego\/"},"modified":"2022-12-02T17:34:20","modified_gmt":"2022-12-02T16:34:20","slug":"javier-fernandez-samaniego","status":"publish","type":"page","link":"https:\/\/samaniegolaw.com\/es\/equipo-2\/javier-fernandez-samaniego\/","title":{"rendered":"Javier Fern\u00e1ndez Samaniego"},"content":{"rendered":"<h2>Equipo<\/h2>\n<p>no-repeat;center top;;<\/p>\n<p>auto<\/p>\n<p class=\"enlace\"><a href=\"es\/equipo&quot;\">Volver al Equipo<\/a><\/p>\n<p>right<\/p>\n<p>no-repeat;center top;;<\/p>\n<p>auto<\/p>\n<h2 id=\"LegalTeam\">Javier Fern\u00e1ndez-Samaniego<\/h2>\n<p class=\"position\">Director General<\/p>\n<p>no-repeat;center top;;<\/p>\n<p>auto<\/p>\n<p><img decoding=\"async\" src=\"\" alt=\"><\/p>\n<div class=\" links\"=\"\">\n<p><a href=\"https:\/\/www.linkedin.com\/in\/javier-fernandez-samaniego-7360287\" target=\"_blank\" rel=\"noopener\"><img decoding=\"async\" src=\"&gt;&lt;\/a&gt;&lt;\/p&gt;\n&lt;p&gt;&lt;a href=wp-content\/uploads\/2018\/05\/JavierFSamaniego_CV_May18_web_SPA.pdf\" target=\"_blank\" \"=\"\"><img decoding=\"async\" src=\"&gt; &lt;span&gt;CV&lt;\/span&gt;&lt;\/a&gt;&lt;\/p&gt;\n&lt;p&gt;&lt;a href=wp-content\/uploads\/2018\/01\/javier-fernandez-samaniego.vcf\" target=\"_blank\" \"=\"\"><img decoding=\"async\" src=\"&gt; &lt;span&gt;VCard&lt;\/span&gt;&lt;\/a&gt;&lt;\/p&gt;\n&lt;\/div&gt;\n&lt;div class=\" info\"=\"\"><br \/>\n<\/a><\/p>\n<p class=\"email\"><a href=\"mailto:javier.samaniego@samaniegolaw.com\">javier.samaniego@samaniegolaw.com<\/a><\/p>\n<p class=\"tlf\">+34\t687\t855\t619<\/p>\n<p class=\"tlf\">+1 786 447 4259<\/p>\n<div class=\"des-sidebar\">\n<p>Javier [&#8230;] tiene una amplia pr\u00e1ctica de asesoramiento en asuntos de IT contenciosos y no contenciosos, incluidos outsourcing, protecci\u00f3n de datos y tecnolog\u00edas en la nube. Es especialmente conocido por su experiencia en asuntos transfronterizos entre Espa\u00f1a y los EE. UU. y Am\u00e9rica Latina. Uno de sus clientes comenta: <i>\u00abMuy inteligente, muy pr\u00e1ctico y a la vanguardia del asesoramiento legal. \u00c9l es nuestro hombre para cuestiones de privacidad.<\/i>\u00bb<\/p>\n<p><i>Chambers Europe Guide, 2018, Band 1<\/i><\/p>\n<p>Javier goza de una reputaci\u00f3n de primera clase gracias a su \u00ab<i>muy buen historial en materia de TI y tecnolog\u00eda.<\/i>\u00ab<i>Los entrevistados destacan su <\/i>\u00ab<i>servicio al cliente, entendimiento de su sector, eficiencia y excelentes habilidades ling\u00fc\u00edsticas.<\/i>\u00bb<\/p>\n<p><i>Chambers Europe Guide, 2017, Band 1<\/i><\/p>\n<p>Javier Fern\u00e1ndez-Samaniego tiene una amplia experiencia como mediador y \u00e1rbitro. Recibe elogios de sus clientes, que dicen: \u00ab<i>Tiene mucho sentido com\u00fan y experiencia, y es muy trabajador: un visionario<\/i>\u00bb<\/p>\n<p><i>Chambers Europe Guide, 2016, Band 1<\/i><\/p>\n<p>Javier ha sido elegido uno de los \u201cDiez principales pensadores originales\u201d del a\u00f1o 2017 Seg\u00fan el <i>Informe Abogados Innovadores 2017 de Financial  Times<\/i><\/p>\n<\/div>\n<p>no-repeat;center top;;<\/p>\n<p>auto<\/p>\n<p><strong>Javier Fern\u00e1ndez-Samaniego<\/strong> es el Director de SAMANIEGO Law, despacho de abogados especializado en derecho de las nuevas tecnolog\u00edas y resoluci\u00f3n de conflictos.<\/p>\n<p>Javier tiene m\u00e1s de 22 a\u00f1os de experiencia profesional ejerciendo en despachos l\u00edderes en la abogac\u00eda de negocios. Su pr\u00e1ctica internacional se centra principalmente en asesoramiento a empresas nacionales y multinacionales en nuevos modelos de negocio vertebrados en tecnolog\u00edas disruptivas, y en la prevenci\u00f3n y resoluci\u00f3n de conflictos que involucran cuestiones tecnol\u00f3gicas complejas.<\/p>\n<p>Cuenta con estrechos v\u00ednculos en Estados Unidos y Latinoam\u00e9rica asesorando clientes americanos en su expansi\u00f3n en Europa y vis-versa. Es Foreign Legal Consultant (acreditado por el Bar de Fl\u00f3rida, EEUU).<\/p>\n<p>Es \u00e1rbitro de la secci\u00f3n especializada en TIC de la Corte de Arbitraje de la C\u00e1mara de Comercio de Madrid y asociado del Club Espa\u00f1ol del Arbitraje. Es mediador acreditado por CEDR de Londres y forma parte del Panel de Distinguidos \u201cNeutrales\u201d de CPR en Nueva York.<\/p>\n<p class=\"blue-title\">Carrera profesional<\/p>\n<p>2017 &#8211; Lanzamiento de  <strong>Samaniego Law<\/strong><br \/>\n2005-2016 &#8211; Socio-fundador y socio-director de la oficina en Madrid de <strong>Bird &amp; Bird<\/strong> y responsable de sus equipos de derecho Contencioso y ADR y Nuevas Tecnolog\u00edas.<br \/>\n2000-2005 &#8211; Responsable del departamento de derecho de Nuevas Tecnolog\u00edas y Comunicaciones en la oficina de Madrid de <strong>Linklaters<\/strong>.<br \/>\n1996-2000 &#8211; Responsable del departamento de derecho de  Tecnolog\u00eda y Protecci\u00f3n de Datos en la firma espa\u00f1ola <strong>Cuatrecasas<\/strong>.<br \/>\n1995-1996 &#8211; Abogado de <strong>CDTI<\/strong> (Centro de Desarrollo Tecnol\u00f3gico Industrial), representante en Espa\u00f1a de la Agencia Espacial Europea.<\/p>\n<p class=\"blue-title\">Otra informaci\u00f3n relevante<\/p>\n<p>Javier es ponente habitual en foros nacionales e internacionales en materia de Nuevas Tecnolog\u00edas, Resoluci\u00f3n de conflictos (arbitraje, mediaci\u00f3n y formas alternativas de resoluci\u00f3n de conflictos) y innovaci\u00f3n legal. Es Senior Fellow de la facultad de derecho de Universidad Internacional de Fl\u00f3rida (FIU), donde ha lanzado la iniciativa \u201cLatin Atlantic Tech Law\u201d. Es miembro del Consejo Acad\u00e9mico de la Fundaci\u00f3n FIDE y coordinador de su blog Metamorfosis sobre consecuencias jur\u00eddicas y econ\u00f3micas de los cambios disruptivos<\/p>\n<p>Habla y trabaja en su nativo espa\u00f1ol e ingl\u00e9s y domina tambi\u00e9n el franc\u00e9s e italiano.<\/p>\n<p class=\"blue-title\">Admisiones<\/p>\n<p>&#8211; Ilustre Colegio de Abogados de Madrid, ICAM  (1995)<br \/>\n&#8211; Certified Foreign Legal Consultant. The Florida Bar (2017)<\/p>\n<div class=\"img-team\"><\/div>\n","protected":false},"excerpt":{"rendered":"<p>Equipo no-repeat;center top;; auto Volver al Equipo right no-repeat;center top;; auto Javier Fern\u00e1ndez-Samaniego Director General no-repeat;center top;; auto javier.samaniego@samaniegolaw.com +34 687 855 619 +1 786 447<span class=\"excerpt-hellip\"> [\u2026]<\/span><\/p>\n","protected":false},"author":1,"featured_media":0,"parent":676,"menu_order":0,"comment_status":"closed","ping_status":"closed","template":"","meta":{"footnotes":""},"class_list":["post-734","page","type-page","status-publish","hentry"],"_links":{"self":[{"href":"https:\/\/samaniegolaw.com\/es\/wp-json\/wp\/v2\/pages\/734","targetHints":{"allow":["GET"]}}],"collection":[{"href":"https:\/\/samaniegolaw.com\/es\/wp-json\/wp\/v2\/pages"}],"about":[{"href":"https:\/\/samaniegolaw.com\/es\/wp-json\/wp\/v2\/types\/page"}],"author":[{"embeddable":true,"href":"https:\/\/samaniegolaw.com\/es\/wp-json\/wp\/v2\/users\/1"}],"replies":[{"embeddable":true,"href":"https:\/\/samaniegolaw.com\/es\/wp-json\/wp\/v2\/comments?post=734"}],"version-history":[{"count":12,"href":"https:\/\/samaniegolaw.com\/es\/wp-json\/wp\/v2\/pages\/734\/revisions"}],"predecessor-version":[{"id":3412,"href":"https:\/\/samaniegolaw.com\/es\/wp-json\/wp\/v2\/pages\/734\/revisions\/3412"}],"up":[{"embeddable":true,"href":"https:\/\/samaniegolaw.com\/es\/wp-json\/wp\/v2\/pages\/676"}],"wp:attachment":[{"href":"https:\/\/samaniegolaw.com\/es\/wp-json\/wp\/v2\/media?parent=734"}],"curies":[{"name":"wp","href":"https:\/\/api.w.org\/{rel}","templated":true}]}}