{"id":789,"date":"2018-01-22T11:51:36","date_gmt":"2018-01-22T10:51:36","guid":{"rendered":"http:\/\/samaniegolaw.com\/equipo\/maria-meshcherskaya\/"},"modified":"2021-10-14T09:59:23","modified_gmt":"2021-10-14T08:59:23","slug":"maria-meshcherskaya","status":"publish","type":"page","link":"https:\/\/samaniegolaw.com\/es\/equipo-2\/maria-meshcherskaya\/","title":{"rendered":"Maria Meshcherskaya"},"content":{"rendered":"<h2>Equipo<\/h2>\n<p>no-repeat;center top;;<\/p>\n<p>auto<\/p>\n<p class=\"enlace\"><a href=\"\/es\/equipo\">Volver al Equipo<\/a><\/p>\n<p>no-repeat;center top;;<\/p>\n<p>auto<\/p>\n<h2 id=\"LegalTeam\">Maria Meshcherskaya<\/h2>\n<p>no-repeat;center top;;<\/p>\n<p>auto<\/p>\n<p><img decoding=\"async\" src=\"\" alt=\"\"><\/p>\n<div class=\"links\">\n<p><a href=\"https:\/\/www.linkedin.com\/in\/mariameshcherskaya\/\" target=\"_blank\" rel=\"noopener\"><img decoding=\"async\" src=\"&gt;&lt;\/a&gt;&lt;\/p&gt;\n&lt;p&gt;&lt;a href=\" wp-content=\"\" uploads=\"\" 2018=\"\" 05=\"\" mariameshcherskaya_cv_may18_web_spa.pdf\"=\"\" target=\"_blank\"><img decoding=\"async\" src=\"&gt; &lt;span&gt;CV&lt;\/span&gt;&lt;\/a&gt;&lt;\/p&gt;\n&lt;p&gt;&lt;a href=\" wp-content=\"\" uploads=\"\" 2018=\"\" 01=\"\" maria-meshcherskaya.vcf\"=\"\" target=\"_blank\" \"=\"\"><img decoding=\"async\" src=\"&gt; &lt;span&gt;VCard&lt;\/span&gt;&lt;\/a&gt;&lt;\/p&gt;\n&lt;\/div&gt;\n&lt;div class=\" info\"=\"\"><br \/>\n<\/a><\/p>\n<p class=\"email\"><a href=\"mailto:maria.meshcherskaya@samaniegolaw.com\">maria.meshcherskaya@samaniegolaw.com<\/a><\/p>\n<p class=\"tlf\">+34 687659403<\/p>\n<\/div>\n<p>no-repeat;center top;;<\/p>\n<p>auto<\/p>\n<p>Mar\u00eda Meshcherskaya es la Directora de Desarrollo Corporativo de SAMANIEGO Law. Mar\u00eda coordina  nuestro trabajo en Iberoam\u00e9rica y las alianzas internacionales del despacho. Es la responsable de la gesti\u00f3n del desarrollo de negocio, relaciones p\u00fablicas e institucionales, comunicaci\u00f3n y asistencia ejecutiva en proyectos estrat\u00e9gicos de la firma.<\/p>\n<p class=\"blue-title\">Especializaci\u00f3n y carrera<\/p>\n<p>Mar\u00eda es una profesional creativa y entusiasta con amplia experiencia internacional en servicios profesionales. En la \u00faltima d\u00e9cada su carrera se ha centrado en el sector legal.<\/p>\n<p>Antes de unirse a Samaniego Law, Mar\u00eda era responsable de Marketing y Desarrollo de negocio en la oficina de Madrid de un despacho de abogados internacional, donde tambi\u00e9n coordinaba su estrategia para Iberoam\u00e9rica y daba apoyo al comit\u00e9 ejecutivo de EE.UU. y al grupo de abogados centrados en las relaciones de negocio con Rusia. Anteriormente trabaj\u00f3 en el sector inmobiliario, tur\u00edstico y de selecci\u00f3n y b\u00fasqueda de directivos  as\u00ed como en el Ministerio de Asuntos Exteriores y de Cooperaci\u00f3n de Espa\u00f1a.<\/p>\n<p class=\"blue-title\">Formaci\u00f3n<\/p>\n<p>Maria tiene un grado en Relaciones Internacionales de la Universidad Estatal de San Petersburgo, Rusia (cum laude). Su formaci\u00f3n profesional m\u00e1s reciente se ha centrado en marketing digital y tecnolog\u00edas.<\/p>\n<p class=\"blue-title\">Idiomas y otra informaci\u00f3n relevante<\/p>\n<p>Mar\u00eda es una profesional pol\u00edglota y adem\u00e1s de su ruso nativo domina el espa\u00f1ol e ingl\u00e9s y posee un buen conocimiento de franc\u00e9s. Es miembro de la fundaci\u00f3n FIDE en Madrid y participante habitual en f\u00f3rums de marketing jur\u00eddico e innovaci\u00f3n en el sector legal. Mar\u00eda promueve actividades de responsabilidad social corporativa y proyectos pro-bono de la firma.<\/p>\n<p>no-repeat;center top;;<\/p>\n<p>auto<\/p>\n","protected":false},"excerpt":{"rendered":"<p>Equipo no-repeat;center top;; auto Volver al Equipo no-repeat;center top;; auto Maria Meshcherskaya no-repeat;center top;; auto maria.meshcherskaya@samaniegolaw.com +34 687659403 no-repeat;center top;; auto Mar\u00eda Meshcherskaya es la Directora<span class=\"excerpt-hellip\"> [\u2026]<\/span><\/p>\n","protected":false},"author":1,"featured_media":0,"parent":676,"menu_order":0,"comment_status":"closed","ping_status":"closed","template":"","meta":{"footnotes":""},"class_list":["post-789","page","type-page","status-publish","hentry"],"_links":{"self":[{"href":"https:\/\/samaniegolaw.com\/es\/wp-json\/wp\/v2\/pages\/789","targetHints":{"allow":["GET"]}}],"collection":[{"href":"https:\/\/samaniegolaw.com\/es\/wp-json\/wp\/v2\/pages"}],"about":[{"href":"https:\/\/samaniegolaw.com\/es\/wp-json\/wp\/v2\/types\/page"}],"author":[{"embeddable":true,"href":"https:\/\/samaniegolaw.com\/es\/wp-json\/wp\/v2\/users\/1"}],"replies":[{"embeddable":true,"href":"https:\/\/samaniegolaw.com\/es\/wp-json\/wp\/v2\/comments?post=789"}],"version-history":[{"count":8,"href":"https:\/\/samaniegolaw.com\/es\/wp-json\/wp\/v2\/pages\/789\/revisions"}],"predecessor-version":[{"id":3414,"href":"https:\/\/samaniegolaw.com\/es\/wp-json\/wp\/v2\/pages\/789\/revisions\/3414"}],"up":[{"embeddable":true,"href":"https:\/\/samaniegolaw.com\/es\/wp-json\/wp\/v2\/pages\/676"}],"wp:attachment":[{"href":"https:\/\/samaniegolaw.com\/es\/wp-json\/wp\/v2\/media?parent=789"}],"curies":[{"name":"wp","href":"https:\/\/api.w.org\/{rel}","templated":true}]}}