{"id":980,"date":"2017-12-04T18:18:48","date_gmt":"2017-12-04T17:18:48","guid":{"rendered":"http:\/\/samaniegolaw.com\/privacy-cookies-policy\/"},"modified":"2018-06-05T16:42:09","modified_gmt":"2018-06-05T15:42:09","slug":"politica-de-privacidad-cookies","status":"publish","type":"page","link":"https:\/\/samaniegolaw.com\/es\/politica-de-privacidad-cookies\/","title":{"rendered":"POL\u00cdTICA DE PRIVACIDAD Y COOKIES"},"content":{"rendered":"<p>&nbsp;<\/p>\n<h1 style=\"text-align: center;\"><strong>Pol\u00edtica de Privacidad y Cookies<\/strong><\/h1>\n<h2>Pol\u00edtica de Privacidad de Datos<\/h2>\n<p>Su privacidad es importante para nosotros.<\/p>\n<p>Estamos comprometidos de proteger la privacidad y los datos personales de todos nuestros clientes y otros contactos generados a trav\u00e9s de nuestro sitio \u00a0web, en el marco de encuentros profesionales, en la recepci\u00f3n de candidaturas, etc.<\/p>\n<p>En la presente Pol\u00edtica les informamos en su calidad de interesados acerca de la obtenci\u00f3n y uso por SAMANIEGO Law, como responsable del tratamiento, que sus datos personales ser\u00e1n tratados de conformidad con la normativa aplicable y, en concreto, con el nuevo Reglamento General de Protecci\u00f3n de Datos de la UE (RGPD), Reglamento 2016\/679, de 27 de abril, de aplicaci\u00f3n desde el pasado 25 de mayo de 2018.<br \/>\n&nbsp;<\/p>\n<h4><u>Obtenci\u00f3n de datos personales<\/u><\/h4>\n<p>La obtenci\u00f3n de datos personales por SAMANIEGO Law se rige por el principio de \u201cminimizaci\u00f3n\u201d de datos: s\u00f3lo recogemos los datos que son pertinentes y limitados a lo necesario en relaci\u00f3n con los fines para los que son tratados.<br \/>\n&nbsp;<\/p>\n<h4><u>Base jur\u00eddica y finalidad del tratamiento de datos personales<\/u><\/h4>\n<p>El tratamiento de sus datos personales s\u00f3lo se llevar\u00e1 a cabo de conformidad con la normativa aplicable y, en particular:<\/p>\n<ul>\n<li>cuando resulte necesario para la ejecuci\u00f3n o celebraci\u00f3n de un contrato;<\/li>\n<li>cuando nos haya dado su consentimiento expreso e inequ\u00edvoco (por ejemplo, para el env\u00edo de comunicaciones de marketing);<\/li>\n<li>cuando sea necesario para el cumplimiento de nuestras obligaciones legales (por ejemplo, prevenci\u00f3n de blanqueo de capitales, etc.);<\/li>\n<\/ul>\n<p>El tratamiento de sus datos personales responde siempre a finalidades concretas, expresas y leg\u00edtimas. Dependiendo de cada situaci\u00f3n, sus datos personales podr\u00e1n ser utilizados para los siguientes fines:<\/p>\n<ul>\n<li>comunicarnos con usted en el marco de la prestaci\u00f3n de servicios que nos hayan sido confiados;<\/li>\n<li>recibir o suscribirse a comunicaciones, boletines informativos e invitaciones a eventos;<\/li>\n<li>evaluar su candidatura a una posici\u00f3n en nuestra empresa;<\/li>\n<li>participar en encuestas sobre nuestros servicios y para mejorar la experiencia como cliente o usuario.<\/li>\n<\/ul>\n<p>&nbsp;<\/p>\n<h4><u>Seguridad de los datos personales<\/u><\/h4>\n<p>Para preservar la seguridad de sus datos personales, s\u00f3lo las personas debidamente autorizadas pueden acceder a ellos.\u00a0 Empleamos nuestros mejores esfuerzos y diligencia para preservar la confidencialidad e integridad de sus datos personales as\u00ed como para evitar violaciones de seguridad, manipulaciones deliberadas, alteraciones y p\u00e9rdida de datos y accesos no autorizados y disponemos de medidas t\u00e9cnicas y organizativas apropiadas para asegurar que los datos personales sean tratados y conservados de forma adecuada.<br \/>\n&nbsp;<\/p>\n<h4><u>Sus derechos<\/u><\/h4>\n<p>Con respeto a los l\u00edmites establecidos en la normativa aplicable, usted tiene los derechos siguientes sobre sus datos personales:<\/p>\n<ul>\n<li>Derecho de <u>acceso<\/u> <u>e informaci\u00f3n<\/u> sobre el tratamiento de sus datos personales (art. 15 RGPD): en particular, usted tiene el derecho de solicitarnos informaci\u00f3n sobre las finalidades de tratamiento, la categor\u00eda particular de los datos objeto de tratamiento, las personas destinatarias, el origen de los datos cuando no provengan del interesado, la duraci\u00f3n prevista de conservaci\u00f3n y la utilizaci\u00f3n de decisiones automatizadas.<\/li>\n<li>Derecho de<u> rectificaci\u00f3n<\/u> (art. 16 RGPD): obtener la rectificaci\u00f3n de aquellos de sus datos personales que sean inexactos as\u00ed como, atendiendo a los fines del tratamiento, exigir que se completen los mismos.<\/li>\n<li>Derecho de <u>supresi\u00f3n<\/u> (art. 17 RGPD): obtener la supresi\u00f3n de sus datos personales siempre que su tratamiento no sea requerido para el cumplimiento por nuestra parte de obligaciones legales, para la formulaci\u00f3n, ejercicio o defensa de reclamaciones o por razones de inter\u00e9s p\u00fablico.<\/li>\n<li>Derecho a la <u>limitaci\u00f3n del tratamiento<\/u> (art. 18 RGPD): obtener la limitaci\u00f3n del tratamiento de sus datos personales siempre que (i) nos haya comunicado la inexactitud de sus datos y hasta que procedamos a su rectificaci\u00f3n, (ii) el tratamiento de sus datos no sea conforme a la normativa aplicable y usted opte por la limitaci\u00f3n del uso en lugar de la supresi\u00f3n, o (iii) usted se haya opuesto a un tratamiento concreto de sus datos personales de acuerdo con el art. 21 RGPD y el tratamiento para otros fines sea necesario.<\/li>\n<li>Derecho a la <u>portabilidad<\/u> (art. 20 RGPD): dentro de los l\u00edmites establecidos en la normativa aplicable, cuando el fundamento del tratamiento sea su consentimiento o un contrato, este derecho le faculta a recibir los datos personales que nos haya facilitado en un formato estructurado, de uso com\u00fan, y a transmitirlos a otro responsable de tratamiento sin que nosotros podamos impedirlo. Siempre que sea t\u00e9cnicamente posible, si as\u00ed nos lo requiere, transmitiremos directamente sus datos personales al nuevo responsable que usted designe.<\/li>\n<li>Derecho a <u>revocar su consentimiento<\/u> (art. 7.3 RGPD): cuando el tratamiento de sus datos personales est\u00e9 fundado en su consentimiento, usted podr\u00e1 revocar el mismo en cualquier momento.<\/li>\n<li>Derecho a <u>presentar una reclamaci\u00f3n<\/u> (art. 77 RGPD): en caso que, no obstante nuestros esfuerzos por preservar la seguridad y confidencialidad de sus datos, usted considere que sus derechos han sido vulnerados, estar\u00e1 facultado para presentar una reclamaci\u00f3n ante una autoridad de control, en particular, la autoridad de su residencia habitual, lugar de trabajo o lugar de la supuesta infracci\u00f3n. En cualquier caso, usted tiene acceso al listado de autoridades de control que debe publicar la Comisi\u00f3n Europea en el siguiente enlace (<a href=\"http:\/\/ec.europa.eu\/justice\/article-29\/structure\/data-protection-authorities\/index_en.htm\" target=\"_blank\">http:\/\/ec.europa.eu\/justice\/article-29\/structure\/data-protection-authorities\/index_en.htm<\/a>).<\/li>\n<\/ul>\n<p>&nbsp;<\/p>\n<h4><u>Ejercicio de sus derechos<\/u><\/h4>\n<p>Para ejercer sus derechos as\u00ed como para cualquier cuesti\u00f3n o duda que tenga sobre esta Pol\u00edtica, puede dirigirse a nosotros a correo electr\u00f3nico: <a href=\"mailto:info@samaniegolaw.com\">info@samaniegolaw.com<\/a><\/p>\n<p>&nbsp;<br \/>\n&nbsp;<\/p>\n<h2>Aviso de Cookies<\/h2>\n<p style=\"border: 1px solid black; text-align: center;\">Este sitio web utiliza cookies en la forma que se describe en nuestra Pol\u00edtica de Privacidad y Aviso de Cookies que le invitamos a revisar. Si acepta nuestro uso de cookies, contin\u00fae utilizando nuestro sitio web.<\/p>\n<p>Su privacidad es importante para nosotros.<\/p>\n<p>No recogemos informaci\u00f3n personal e identificable sobre Ud., como su nombre, direcci\u00f3n de correo electr\u00f3nico, etc., salvo que cumplimente un formulario de contacto o nos env\u00ede un correo electr\u00f3nico directamente.<\/p>\n<p>Recopilamos autom\u00e1ticamente cierta informaci\u00f3n personal no identificable cuando Ud. visita nuestro sitio, como el tipo de navegador que est\u00e1 utilizando, etc., a trav\u00e9s de las llamadas \u00abcookies\u00bb de nuestro sitio web WWW.SAMANIEGOLAW.COM. Usamos esta informaci\u00f3n para analizar el uso de nuestro sitio web lo que nos permite mejorar su dise\u00f1o y contenidos.<\/p>\n<p>Al acceder a nuestro sitio web, acepta la instalaci\u00f3n y utilizaci\u00f3n de las cookies de acuerdo con este Aviso de cookies. Si no acepta el uso de cookies, deshabil\u00edtelas siguiendo las instrucciones aqu\u00ed indicadas, por ejemplo, visitando el \u201cAsistente para el consentimiento de cookies\u201d o cambiando la configuraci\u00f3n de su navegador para que las cookies de este sitio web no se activen en su ordenador o dispositivo m\u00f3vil.<\/p>\n<h4><u>Qu\u00e9 es una cookie?<\/u><\/h4>\n<p>Las cookies son ficheros de texto que contienen peque\u00f1as cantidades de informaci\u00f3n que se descargan en su ordenador o dispositivo m\u00f3vil cuando visita un sitio web. Las cookies se env\u00edan al sitio web de origen en cada visita posterior, y a otros sitios web que reconoce esa cookie.<\/p>\n<p>Las cookies tienen varias funciones, como permitirle navegar entre las p\u00e1ginas de manera eficiente, recordar sus preferencias y, en general, mejorar la experiencia del usuario. Tambi\u00e9n pueden ayudar que los anuncios que se visualicen en el entorno online resulten m\u00e1s apropiados a sus intereses.<br \/>\n&nbsp;<\/p>\n<h4><u>Qu\u00e9 cookies utilizamos?<\/u><\/h4>\n<p><strong>Cookies anal\u00edticas:<\/strong><\/p>\n<ul>\n<li>_gat<\/li>\n<li>_ga<\/li>\n<li>_gid<\/li>\n<li>_unam<\/li>\n<li>AMCV_AdobeOrg<\/li>\n<li>utag_main<\/li>\n<\/ul>\n<p>Estas cookies recogen informaci\u00f3n sobre la manera en la cual los visitantes usan un sitio web, por ejemplo, qu\u00e9 p\u00e1ginas visitan con m\u00e1s frecuencia y si reciben mensajes de error procedentes de los sitios web.<\/p>\n<p><strong>Cookies t\u00e9cnicas:<\/strong><\/p>\n<ul>\n<li>Cg_cookie_accepted<\/li>\n<\/ul>\n<p>&nbsp;<\/p>\n<h4><u>\u00bfC\u00f3mo controlar y eliminar cookies a trav\u00e9s del navegador?<\/u><\/h4>\n<p>La posibilidad de aceptar, bloquear o eliminar las cookies anal\u00edticas de su equipo puede llevarse tambi\u00e9n a cabo a trav\u00e9s de la configuraci\u00f3n del navegador instalado en su ordenador o dispositivo m\u00f3vil.. Para ello, siga las instrucciones proporcionadas por su navegador (generalmente ubicado dentro de las funciones \u00abAyuda\u00bb, \u00abHerramientas\u00bb o \u00abEditar\u00bb).<\/p>\n<p>Pulsa aqu\u00ed m\u00e1s informaci\u00f3n sobre:<\/p>\n<p>Chrome:\u00a0<a href=\"https:\/\/support.google.com\/accounts\/answer\/61416?co=GENIE.Platform%3DDesktop&amp;hl=es&amp;oco=1\" target=\"_blank\" rel=\"noopener\">https:\/\/support.google.com\/accounts\/answer\/61416?co=GENIE.Platform%3DDesktop&amp;hl=es&amp;oco=1<\/a><\/p>\n<p>Firefox:\u00a0<a href=\"https:\/\/support.mozilla.org\/es\/kb\/habilitar-y-deshabilitar-cookies-sitios-web-rastrear-preferencias\" target=\"_blank\" rel=\"noopener\">https:\/\/support.mozilla.org\/es\/kb\/habilitar-y-deshabilitar-cookies-sitios-web-rastrear-preferencias<\/a><\/p>\n<p>Opera:\u00a0<a href=\"http:\/\/help.opera.com\/Windows\/11.50\/es-ES\/cookies.html\" target=\"_blank\" rel=\"noopener\">http:\/\/help.opera.com\/Windows\/11.50\/es-ES\/cookies.html<\/a><\/p>\n<p>IE:\u00a0<a href=\"https:\/\/support.microsoft.com\/es-es\/help\/17442\/windows-internet-explorer-delete-manage-cookies\" target=\"_blank\" rel=\"noopener\">https:\/\/support.microsoft.com\/es-es\/help\/17442\/windows-internet-explorer-delete-manage-cookies<\/a><\/p>\n<p>Safari:\u00a0<a href=\"https:\/\/support.apple.com\/kb\/ph21411?locale=es_ES\" target=\"_blank\" rel=\"noopener\">https:\/\/support.apple.com\/kb\/ph21411?locale=es_ES<\/a><br \/>\n&nbsp;<\/p>\n<h4><u>Nuestro compromiso con la seguridad<\/u><\/h4>\n<p>Contamos con medidas de seguridad para evitar el acceso no autorizado a la informaci\u00f3n recogida online.<br \/>\n&nbsp;<\/p>\n<h4><u>C\u00f3mo contactarnos<\/u><\/h4>\n<p>Si tiene alguna pregunta o duda sobre nuestra pol\u00edtica de privacidad o su implementaci\u00f3n, puede contactarnos en: <a href=\"mailto:info@samaniegolaw.com\" target=\"_top\">info@samaniegolaw.com <\/a><br \/>\n&nbsp;<br \/>\n&nbsp;<\/p>\n","protected":false},"excerpt":{"rendered":"<p>&nbsp; Pol\u00edtica de Privacidad y Cookies Pol\u00edtica de Privacidad de Datos Su privacidad es importante para nosotros. Estamos comprometidos de proteger la privacidad y los datos<span class=\"excerpt-hellip\"> [\u2026]<\/span><\/p>\n","protected":false},"author":2,"featured_media":0,"parent":0,"menu_order":0,"comment_status":"closed","ping_status":"closed","template":"","meta":{"footnotes":""},"class_list":["post-980","page","type-page","status-publish","hentry"],"_links":{"self":[{"href":"https:\/\/samaniegolaw.com\/es\/wp-json\/wp\/v2\/pages\/980","targetHints":{"allow":["GET"]}}],"collection":[{"href":"https:\/\/samaniegolaw.com\/es\/wp-json\/wp\/v2\/pages"}],"about":[{"href":"https:\/\/samaniegolaw.com\/es\/wp-json\/wp\/v2\/types\/page"}],"author":[{"embeddable":true,"href":"https:\/\/samaniegolaw.com\/es\/wp-json\/wp\/v2\/users\/2"}],"replies":[{"embeddable":true,"href":"https:\/\/samaniegolaw.com\/es\/wp-json\/wp\/v2\/comments?post=980"}],"version-history":[{"count":19,"href":"https:\/\/samaniegolaw.com\/es\/wp-json\/wp\/v2\/pages\/980\/revisions"}],"predecessor-version":[{"id":1044,"href":"https:\/\/samaniegolaw.com\/es\/wp-json\/wp\/v2\/pages\/980\/revisions\/1044"}],"wp:attachment":[{"href":"https:\/\/samaniegolaw.com\/es\/wp-json\/wp\/v2\/media?parent=980"}],"curies":[{"name":"wp","href":"https:\/\/api.w.org\/{rel}","templated":true}]}}