{"id":986,"date":"2017-11-29T14:41:35","date_gmt":"2017-11-29T13:41:35","guid":{"rendered":"http:\/\/samaniegolaw.com\/legal-notice\/"},"modified":"2026-02-23T19:26:26","modified_gmt":"2026-02-23T18:26:26","slug":"aviso-legal","status":"publish","type":"page","link":"https:\/\/samaniegolaw.com\/es\/aviso-legal\/","title":{"rendered":"AVISO LEGAL"},"content":{"rendered":"<h1 style=\"text-align: center;\">Aviso Legal<\/h1>\n<p>Operamos a trav\u00e9s de dos entidades legales: SAMANIEGO LAW, S.L., que opera desde nuestra oficina en Madrid (Espa\u00f1a), y SAMANIEGO LAW P.A., que facilita servicios de Asesor\u00eda Legal Extranjera desde Miami (Florida). SAMANIEGO LAW es un nombre comercial usado internacionalmente.<\/p>\n<h4>Oficina de Madrid (Espa\u00f1a)<\/h4>\n<p>SAMANIEGO LAW, S.L. es una sociedad espa\u00f1ola de responsabilidad limitada con CIF B87706800. Se encuentra inscrita en el Registro Mercantil de Madrid, Tomo 3590, P\u00e1gina 125, Hoja M-636198, entrada n\u00ba 1, con domicilio social en la c\/ Serrano 16, 6\u00baD, 28001 Madrid (Espa\u00f1a).<\/p>\n<p>Nuestros Consultores y Abogados ejercientes en Espa\u00f1a est\u00e1n sujetos a las m\u00e1s estrictas normas \u00e9ticas. Nuestros abogados ejercientes en Espa\u00f1a est\u00e1n regulados por el C\u00f3digo Deontol\u00f3gico, ver <a href=\"http:\/\/www.cgae.es\" target=\"_blank\" rel=\"noopener\">http:\/\/www.cgae.es<\/a>, y por su Colegio Profesional, el Ilustre Colegio de Abogados de Madrid, cuyas normas pueden ser encontradas en <a href=\"http:\/\/www.icam.es\" target=\"_blank\" rel=\"noopener\">http:\/\/www.icam.es<\/a>.<\/p>\n<h4>Oficina de Miami (Florida, EEUU)<\/h4>\n<p>SAMANIEGO LAW P.A. es una P.A. (Asociaci\u00f3n Profesional) registrada en el Estado de Florida, EE.UU., con domicilio social en el 2222 Ponce de Leon, Suite 300, 33134 Coral Gables-Miami, FL (USA).<\/p>\n<p>Nuestro \u201cforeign legal consultant\u201d en Miami, Javier Fern\u00e1ndez-Samaniego, es un Consultor Jur\u00eddico Extranjero certificado y sujeto a las reglas del Colegio Profesional de Florida sobre los consultores jur\u00eddicos extranjeros, que se pueden encontrar aqu\u00ed: <a href=\"https:\/\/www.floridabar.org\/rules\/rrtfb\/\" target=\"_blank\" rel=\"noopener\">https:\/\/www.floridabar.org\/rules\/rrtfb\/<\/a><\/p>\n<p>LOS CONSULTORES LEGALES EXTRANJEROS NO EST\u00c1N AUTORIZADOS A EJERCER EL DERECHO EN EL ESTADO DE FLORIDA. LOS SERVICIOS PRESTADOS POR UN CONSULTOR JUR\u00cdDICO EXTRANJERO EST\u00c1N LIMITADOS A LAS LEYES DEL PA\u00cdS DONDE ESA PERSONA PUEDE EJERCER.<\/p>\n","protected":false},"excerpt":{"rendered":"<p>Aviso Legal Operamos a trav\u00e9s de dos entidades legales: SAMANIEGO LAW, S.L., que opera desde nuestra oficina en Madrid (Espa\u00f1a), y SAMANIEGO LAW P.A., que facilita<span class=\"excerpt-hellip\"> [\u2026]<\/span><\/p>\n","protected":false},"author":2,"featured_media":0,"parent":0,"menu_order":0,"comment_status":"closed","ping_status":"closed","template":"","meta":{"footnotes":""},"class_list":["post-986","page","type-page","status-publish","hentry"],"_links":{"self":[{"href":"https:\/\/samaniegolaw.com\/es\/wp-json\/wp\/v2\/pages\/986","targetHints":{"allow":["GET"]}}],"collection":[{"href":"https:\/\/samaniegolaw.com\/es\/wp-json\/wp\/v2\/pages"}],"about":[{"href":"https:\/\/samaniegolaw.com\/es\/wp-json\/wp\/v2\/types\/page"}],"author":[{"embeddable":true,"href":"https:\/\/samaniegolaw.com\/es\/wp-json\/wp\/v2\/users\/2"}],"replies":[{"embeddable":true,"href":"https:\/\/samaniegolaw.com\/es\/wp-json\/wp\/v2\/comments?post=986"}],"version-history":[{"count":8,"href":"https:\/\/samaniegolaw.com\/es\/wp-json\/wp\/v2\/pages\/986\/revisions"}],"predecessor-version":[{"id":3657,"href":"https:\/\/samaniegolaw.com\/es\/wp-json\/wp\/v2\/pages\/986\/revisions\/3657"}],"wp:attachment":[{"href":"https:\/\/samaniegolaw.com\/es\/wp-json\/wp\/v2\/media?parent=986"}],"curies":[{"name":"wp","href":"https:\/\/api.w.org\/{rel}","templated":true}]}}