{"id":1349,"date":"2017-11-21T15:19:25","date_gmt":"2017-11-21T14:19:25","guid":{"rendered":"http:\/\/samaniegolaw.com\/who-we-are\/"},"modified":"2022-06-23T21:29:15","modified_gmt":"2022-06-23T20:29:15","slug":"qui-sommes-nous","status":"publish","type":"page","link":"https:\/\/samaniegolaw.com\/fr\/qui-sommes-nous\/","title":{"rendered":"QUI SOMMES-NOUS"},"content":{"rendered":"<h2 class=\"title-sidebar\">A notre sujet<\/h2>\n<p>no-repeat;center top;;<\/p>\n<p>auto<\/p>\n<p><img decoding=\"async\" src=\"\"><\/p>\n<h2 id=\"OurStory\" class=\"title\">Histoire<\/h2>\n<p>Le cabinet SAMANIEGO LAW a \u00e9t\u00e9 cr\u00e9\u00e9 en janvier 2017 \u00e0 l\u2019initiative de Javier Fern\u00e1ndez-Samaniego, l\u2019un des avocats leader en Europe, tant dans le domaine du droit des nouvelles technologies que dans celui du r\u00e8glement des litiges. Fort de plus de 20 ans d\u2019exp\u00e9rience dans le secteur en Europe, il est habilit\u00e9 par le barreau de Floride (\u00c9tats-Unis) comme \u00ab\u00a0Foreign Legal Consultant\u00a0\u00bb.<\/p>\n<p>Le cabinet a ouvert simultan\u00e9ment ses bureaux \u00e0 Madrid et \u00e0 Miami, deux villes au centre du triangle d&rsquo;affaires form\u00e9 par les \u00c9tats-Unis, l&rsquo;Am\u00e9rique latine et l&rsquo;Europe.<\/p>\n<p>Notre cabinet est form\u00e9 de personnes comptant \u00e0 leurs actifs plus de vingt ans d\u2019exp\u00e9riences acquises dans certains des plus grands cabinets d&rsquo;avocats nationaux et internationaux op\u00e9rant en Europe. De prime abord, nous comptons sur la magie de ce nouveau projet, et nous avons l&rsquo;humble conviction que nous sommes \u00e0 l\u2019avant-garde d\u2019une nouvelle mani\u00e8re de fournir des services juridiques.<\/p>\n<h2 id=\"OurBusinessModel\" class=\"title\">Notre strat\u00e9gie et notre philosophie<\/h2>\n<p>SAMANIEGO LAW est un cabinet hybride, au croisement d\u2019un cabinet d&rsquo;avocats d&rsquo;affaires, d\u2019un cabinet de conseil juridique et strat\u00e9gique, et d\u2019une plateforme technologique apportant des solutions \u00e0 des probl\u00e8mes complexes.<\/p>\n<p>Pour faire face aux probl\u00e8mes concrets auxquels il est confront\u00e9, SAMANIEGO LAW propose des solutions et des \u00e9quipes adapt\u00e9es. Le cabinet fournit un service adapt\u00e9 aux nouveaux d\u00e9fis du monde des affaires en constante \u00e9volution, o\u00f9 le mod\u00e8le de \u201cone-stop-shop\u201d (lorsqu\u2019un cabinet pr\u00e9tendait avoir les meilleures \u00e9quipes professionnelles pour chaque cas particulier) n\u2019est dans de nombreux cas plus l\u2019option la plus appropri\u00e9e ou la plus cr\u00e9dible. Notre mod\u00e8le innovateur de cabinet plus couramment qualifi\u00e9 comme \u00e9tant un mod\u00e8le \u00ab alternatif \u00bb ou \u00ab virtuel \u00bb, est, selon nous, le mod\u00e8le logique et la r\u00e9ponse logique aux besoins de nos clients dans ce monde transform\u00e9 par la technologie.<\/p>\n<p>Nous avons pour conviction de donner des r\u00e9ponses juridiques ouvertes, simples et sur mesure. Cette conviction guide le service rendu \u00e0 notre client\u00e8le : la fa\u00e7on dont nous organisons nos \u00e9quipes de travail, notre mod\u00e8le d\u2019honoraires, ainsi que la conduite de nos nouvelles relations.<\/p>\n<h2 id=\"OurTeam\" class=\"title\">Notre \u00e9quipe<\/h2>\n<p>Notre \u00e9quipe est compos\u00e9e d\u2019avocats d\u2019affaires internationales et de consultants, \u00e0 la fois strat\u00e9giques et techniques, sp\u00e9cialis\u00e9s dans la Technologie et le R\u00e8glement des Litiges. En outre, nous b\u00e9n\u00e9ficions du soutien d\u2019un solide r\u00e9seau de professionnels reconnus et de legal interim managers travaillant \u00abpar projet\u00bb.<\/p>\n<p>Par ailleurs, nous avons un partenariat privil\u00e9gi\u00e9 avec <a href=\"https:\/\/www.unitedlex.com\/\" target=\"_blank\" rel=\"noopener\">UnitedLex<\/a>, un fournisseur mondial de solutions technologiques et d\u2019intelligence artificielle dans le secteur juridique. Les membres de notre \u00e9quipe et ceux de notre r\u00e9seau de legal interim managers poss\u00e8dent les connaissances et les comp\u00e9tences techniques et commerciales n\u00e9cessaires pour fournir des solutions g\u00e9n\u00e9rales et param\u00e9tr\u00e9es aux d\u00e9fis auxquels nos clients font face. Nos professionnels ont une mentalit\u00e9 positive et ouverte. Ils sont toujours consciencieux et d\u00e9vou\u00e9s.<\/p>\n<h2 id=\"OurGeographicalReach\" class=\"title\">Implantation g\u00e9ographique<\/h2>\n<p>Bien que nous exercions nos activit\u00e9s \u00e0 l\u2019\u00e9chelle mondiale, nous nous focalisons sur ce que nous appelons la r\u00e9gion \u201cib\u00e9ro-atlantique\u201d, et nous conseillons r\u00e9guli\u00e8rement des entreprises pr\u00e9sentes sur le continent am\u00e9ricain (tant en Am\u00e9rique du Nord qu\u2019en Am\u00e9rique latine) souhaitant s\u2019implanter en Europe, et r\u00e9ciproquement, des entreprises europ\u00e9ennes ayant des projets d\u2019expansion dans les deux Am\u00e9riques.<\/p>\n<p>N\u00e9anmoins, beaucoup de nos clients comptent sur nous en tant que conseillers fiables pour les aider \u00e0 relever de nouveaux d\u00e9fis dans d&rsquo;autres r\u00e9gions telles que la Russie, l&rsquo;Afrique de l&rsquo;Est ou le Moyen-Orient, o\u00f9 nous les avons assist\u00e9s et conseill\u00e9s avec brio conjointement avec des partenaires locaux de confiance.<\/p>\n<h2 id=\"OurClients\" class=\"title\">Nos clients<\/h2>\n<p>Nos clients sont g\u00e9n\u00e9ralement des entreprises technologiques, des fournisseurs et des d\u00e9veloppeurs de solutions de transformation num\u00e9rique, ainsi que des entreprises -clientes des ant\u00e9rieures- voulant r\u00e9inventer leurs activit\u00e9s. Les \u00ab\u00a0disrupteurs\u00a0\u00bb et les personnes affect\u00e9es par la disruption technologique ont besoin de conseils, de d\u00e9fense ou d\u2019\u00eatre accompagn\u00e9es pour soutenir leurs nouveaux mod\u00e8les d&rsquo;affaires (en les aidant \u00e0 d\u00e9finir les nouvelles r\u00e9glementations dont ils ont besoin) ou pour fournir des solutions pour la gestion et la n\u00e9gociation de leurs r\u00e9alit\u00e9s contractuelles complexes, de projets complexes ou d&rsquo;exigences de compliance (conformit\u00e9 r\u00e9glementaire affectant leurs industries).<\/p>\n<h2 id=\"OurBusinessRelationships\" class=\"title\">Notre fa\u00e7on de comprendre la relation avec nos clients<\/h2>\n<p>Notre objectif est d&rsquo;\u00e9tablir des relations solides, saines et durables avec nos clients. Nous \u00e9laborons m\u00e9ticuleusement nos propositions de collaboration et de services afin d&rsquo;\u00eatre toujours en ad\u00e9quation avec les objectifs de nos clients, en offrant des honoraires \u00e9quilibr\u00e9s, raisonnables, justes et pr\u00e9visibles.<\/p>\n<p>Notre relation avec nos clients d\u00e9passe le cadre de la mission, nous les informons des derni\u00e8res nouvelles juridiques, des changements r\u00e9glementaires ou des domaines susceptibles d&rsquo;affecter leur activit\u00e9, et nous les aidons \u00e0 identifier de nouvelles opportunit\u00e9s d\u2019affaires. Notre relation va au-del\u00e0 des newsletters classiques, et nous sommes fiers d&rsquo;avoir aid\u00e9 certains de nos clients \u00e0 identifier de nouveaux mod\u00e8les d&rsquo;affaires, de nouveaux march\u00e9s g\u00e9ographiques ou \u00e0 cr\u00e9er de nouvelles relations commerciales fructueuses.<\/p>\n<h2 id=\"OurFees\" class=\"title\">Nos honoraires<\/h2>\n<p>Gr\u00e2ce \u00e0 notre structure organisationnelle (radicalement nouvelle, simple et flexible, all\u00e9g\u00e9e des frais fixes \u00e9lev\u00e9s), notre utilisation intelligente de la technologie et notre s\u00e9lection rigoureuse de professionnels (qualifi\u00e9s du monde entier pour chaque sujet), nous offrons \u00e0 nos clients un service d&rsquo;une qualit\u00e9 exceptionnelle pouvant mener \u00e0 des \u00e9conomies allant jusqu&rsquo;\u00e0 60% en moyenne sur nos honoraires par rapport aux offres traditionnelles. Cela quel que soit le lieu o\u00f9 les services sont fournis.<\/p>\n<p>Nous partageons l\u2019opinion de nombreux clients affirmant depuis de nombreuses ann\u00e9es que la facturation horaire est \u00ab morte \u00bb. En effet, \u00e0 quelques exceptions pr\u00e8s, la facturation horaire est devenue d\u00e9su\u00e8te. C&rsquo;est pourquoi nous prenons le temps d&rsquo;\u00e9laborer avec soin des propositions d&rsquo;honoraires garantissant au client un service \u00e0 la hauteur du prix propos\u00e9.<\/p>\n<p>no-repeat;center top;;<\/p>\n<p>auto<\/p>\n","protected":false},"excerpt":{"rendered":"<p>A notre sujet no-repeat;center top;; auto Histoire Le cabinet SAMANIEGO LAW a \u00e9t\u00e9 cr\u00e9\u00e9 en janvier 2017 \u00e0 l\u2019initiative de Javier Fern\u00e1ndez-Samaniego, l\u2019un des avocats leader<span class=\"excerpt-hellip\"> [\u2026]<\/span><\/p>\n","protected":false},"author":2,"featured_media":0,"parent":0,"menu_order":0,"comment_status":"closed","ping_status":"closed","template":"","meta":{"footnotes":""},"class_list":["post-1349","page","type-page","status-publish","hentry"],"_links":{"self":[{"href":"https:\/\/samaniegolaw.com\/fr\/wp-json\/wp\/v2\/pages\/1349","targetHints":{"allow":["GET"]}}],"collection":[{"href":"https:\/\/samaniegolaw.com\/fr\/wp-json\/wp\/v2\/pages"}],"about":[{"href":"https:\/\/samaniegolaw.com\/fr\/wp-json\/wp\/v2\/types\/page"}],"author":[{"embeddable":true,"href":"https:\/\/samaniegolaw.com\/fr\/wp-json\/wp\/v2\/users\/2"}],"replies":[{"embeddable":true,"href":"https:\/\/samaniegolaw.com\/fr\/wp-json\/wp\/v2\/comments?post=1349"}],"version-history":[{"count":9,"href":"https:\/\/samaniegolaw.com\/fr\/wp-json\/wp\/v2\/pages\/1349\/revisions"}],"predecessor-version":[{"id":3476,"href":"https:\/\/samaniegolaw.com\/fr\/wp-json\/wp\/v2\/pages\/1349\/revisions\/3476"}],"wp:attachment":[{"href":"https:\/\/samaniegolaw.com\/fr\/wp-json\/wp\/v2\/media?parent=1349"}],"curies":[{"name":"wp","href":"https:\/\/api.w.org\/{rel}","templated":true}]}}