{"id":1420,"date":"2017-11-21T15:19:58","date_gmt":"2017-11-21T14:19:58","guid":{"rendered":"http:\/\/samaniegolaw.com\/contact-us\/"},"modified":"2021-08-17T12:15:20","modified_gmt":"2021-08-17T11:15:20","slug":"contact","status":"publish","type":"page","link":"https:\/\/samaniegolaw.com\/fr\/contact\/","title":{"rendered":"CONTACT"},"content":{"rendered":"<div class=\"content\">\n<p class=\"title\">Cabinet de Madrid<\/p>\n<\/div>\n<p>\/wp-content\/uploads\/2017\/12\/madrid-office.jpg<\/p>\n<p>no-repeat;center top;;<\/p>\n<p>auto<\/p>\n<p>wrap-city<\/p>\n<p><iframe loading=\"lazy\" src=\"https:\/\/www.google.com\/maps\/embed?pb=!1m18!1m12!1m3!1d3037.368794671646!2d-3.69026028425992!3d40.422831963191705!2m3!1f0!2f0!3f0!3m2!1i1024!2i768!4f13.1!3m3!1m2!1s0xd42289a04ec92d7%3A0x52ccd7d5cbb486b8!2sCalle+de+Serrano%2C+16%2C+28001+Madrid!5e0!3m2!1ses!2ses!4v1513269256677\" width=\"515\" height=\"284\" frameborder=\"0\" style=\"border:0\" allowfullscreen><\/iframe><\/p>\n<p class=\"address\">\n<strong>SAMANIEGO Law<\/strong><br \/>\n<span>Serrano 16, 6D<\/span><br \/>\n<span>28001 Madrid<\/span><br \/>\n<span>Espagne<\/span><br \/>\n<span>Tel.+34 910 66 41 06<\/span><br \/>\n<span>info@samaniegolaw.com<\/span>\n<\/p>\n<p>no-repeat;center top;;<\/p>\n<p>auto<\/p>\n<p>Map<\/p>\n<div class=\"content\">\n<p  class=\"title\">Cabinet de Miami<\/p>\n<\/div>\n<p>\/wp-content\/uploads\/2017\/12\/miami-office.jpg<\/p>\n<p>no-repeat;center top;;<\/p>\n<p>auto<\/p>\n<p>wrap-city<\/p>\n<p><iframe loading=\"lazy\" src=\"https:\/\/www.google.com\/maps\/embed?pb=!1m18!1m12!1m3!1d3593.6466557547965!2d-80.26146208450407!3d25.749196115401315!2m3!1f0!2f0!3f0!3m2!1i1024!2i768!4f13.1!3m3!1m2!1s0x88d9b7975b0d0855%3A0x64d76e350baeff8!2s220+Miracle+Mile+%23219%2C+Coral+Gables%2C+FL+33134%2C+EE.+UU.!5e0!3m2!1ses!2ses!4v1511443092705\" width=\"515\" height=\"284\" frameborder=\"0\" style=\"border:0\" allowfullscreen><\/iframe><\/p>\n<p class=\"address\">\n<strong>SAMANIEGO Law<\/strong><br \/>\n<span>220 Miracle Mile, suite 219<\/span><br \/>\n<span>Miami FL 33134<\/span><br \/>\n<span>USA<\/span><br \/>\n<span>info@samaniegolaw.com<\/span>\n<\/p>\n<p>no-repeat;center top;;<\/p>\n<p>auto<\/p>\n<p>Map<\/p>\n<p>Contact<\/p>\n\n<div class=\"wpcf7 no-js\" id=\"wpcf7-f1698-o1\" lang=\"en-US\" dir=\"ltr\" data-wpcf7-id=\"1698\">\n<div class=\"screen-reader-response\"><p role=\"status\" aria-live=\"polite\" aria-atomic=\"true\"><\/p> <ul><\/ul><\/div>\n<form action=\"\/fr\/wp-json\/wp\/v2\/pages\/1420#wpcf7-f1698-o1\" method=\"post\" class=\"wpcf7-form init wpcf7-acceptance-as-validation\" aria-label=\"Contact form\" novalidate=\"novalidate\" data-status=\"init\">\n<div style=\"display: none;\">\n<input type=\"hidden\" name=\"_wpcf7\" value=\"1698\" \/>\n<input type=\"hidden\" name=\"_wpcf7_version\" value=\"6.0.5\" \/>\n<input type=\"hidden\" name=\"_wpcf7_locale\" value=\"en_US\" \/>\n<input type=\"hidden\" name=\"_wpcf7_unit_tag\" value=\"wpcf7-f1698-o1\" \/>\n<input type=\"hidden\" name=\"_wpcf7_container_post\" value=\"0\" \/>\n<input type=\"hidden\" name=\"_wpcf7_posted_data_hash\" value=\"\" \/>\n<input type=\"hidden\" name=\"_wpcf7_recaptcha_response\" value=\"\" \/>\n<\/div>\n<div class=\"left\">\n<div class=\"inputWrap\">\n\t<div class=\"input\">\n\t     <span class=\"wpcf7-form-control-wrap\" data-name=\"nombre\"><input size=\"40\" maxlength=\"400\" class=\"wpcf7-form-control wpcf7-text wpcf7-validates-as-required\" aria-required=\"true\" aria-invalid=\"false\" value=\"\" type=\"text\" name=\"nombre\" \/><\/span>\n\t     <div class=\"nombreWrap\">Nom<\/div>\n\t<\/div>\n\t<div class=\"subrayado\"><\/div>\n\t<div class=\"subrayadoActivo\"><\/div>\n<\/div>\n\n<div class=\"inputWrap\">\n\t<div class=\"input\">\n             <span class=\"wpcf7-form-control-wrap\" data-name=\"email\"><input size=\"40\" maxlength=\"400\" class=\"wpcf7-form-control wpcf7-email wpcf7-validates-as-required wpcf7-text wpcf7-validates-as-email\" aria-required=\"true\" aria-invalid=\"false\" value=\"\" type=\"email\" name=\"email\" \/><\/span>\n\t     <div class=\"nombreWrap\">Email<\/div>\n\t<\/div>\n\t<div class=\"subrayado\"><\/div>\n\t<div class=\"subrayadoActivo\"><\/div>\n<\/div>\n\n<div class=\"inputWrap\">\n\t<div class=\"input\">\n             <span class=\"wpcf7-form-control-wrap\" data-name=\"organization\"><input size=\"40\" maxlength=\"400\" class=\"wpcf7-form-control wpcf7-text wpcf7-validates-as-required\" aria-required=\"true\" aria-invalid=\"false\" value=\"\" type=\"text\" name=\"organization\" \/><\/span>\n\t     <div class=\"nombreWrap\">Soci\u00e9t\u00e9<\/div>\n\t<\/div>\n\t<div class=\"subrayado\"><\/div>\n\t<div class=\"subrayadoActivo\"><\/div>\n<\/div>\n\n<\/div>\n\n\n<div class=\"right\">\n<div class=\"inputWrap\">\n\t<div class=\"input\">\n\t     <span class=\"wpcf7-form-control-wrap\" data-name=\"subject\"><input size=\"40\" maxlength=\"400\" class=\"wpcf7-form-control wpcf7-text wpcf7-validates-as-required\" aria-required=\"true\" aria-invalid=\"false\" value=\"\" type=\"text\" name=\"subject\" \/><\/span>\n\t     <div class=\"nombreWrap\">Sujet<\/div>\n\t<\/div>\n\t<div class=\"subrayado\"><\/div>\n\t<div class=\"subrayadoActivo\"><\/div>\n<\/div>\n\n<div class=\"inputWrap text-area\">\n<div class=\"nombreWrap\">Message<\/div>\n\t<div class=\"input\">             \n             <span class=\"wpcf7-form-control-wrap\" data-name=\"message\"><textarea cols=\"10\" rows=\"3\" maxlength=\"2000\" class=\"wpcf7-form-control wpcf7-textarea\" aria-invalid=\"false\" name=\"message\"><\/textarea><\/span>\n\t<\/div>\n<\/div>\n<\/div>\n\n\n\n<p class=\"check-acceptance\"><span class=\"wpcf7-form-control-wrap\" data-name=\"acceptance-622\"><span class=\"wpcf7-form-control wpcf7-acceptance\"><span class=\"wpcf7-list-item\"><input type=\"checkbox\" name=\"acceptance-622\" value=\"1\" aria-invalid=\"false\" \/><\/span><\/span><\/span> <span class=\"txt\">Accepter <a href=\"\/privacy-cookies-policy\/\" target=\"_blank\">la politique de confidentialit\u00e9 et de cookies<\/a><\/span><\/p>\n<p class=\"btn-send\"><input class=\"wpcf7-form-control wpcf7-submit has-spinner\" type=\"submit\" value=\"ENVOI\" \/><p><div class=\"wpcf7-response-output\" aria-hidden=\"true\"><\/div>\n<\/form>\n<\/div>\n\n<p>no-repeat;center top;;<\/p>\n<p>auto<\/p>\n<p class=\"title\" id=\"Rejoindre\">REJOINDRE NOTRE \u00c9QUIPE<\/p>\n<p><strong>Nous offrons aux avocats engag\u00e9s et talentueux, le personnel strat\u00e9gique et les consultants en TI, une occasion unique de travailler dans un environnement innovateur. <\/strong><\/p>\n<p>Nos plus jeunes professionnels travailleront en \u00e9troite collaboration avec nos professionnels s\u00e9niors, avec le soutien n\u00e9cessaire pour d\u00e9velopper leur propre carri\u00e8re professionnelle avec le plus haut niveau de libert\u00e9 possible et sans les restrictions d&rsquo;une hi\u00e9rarchie interne.<\/p>\n<p>Nous attendons de recevoir des demandes de professionnels pensant que notre bureau peut \u00eatre l&rsquo;endroit parfait pour eux. Pour cela \u00e9crivez-nous \u00e0 <strong> <a href=\"mailto:info@samaniegolaw.com \">info@samaniegolaw.com<\/a><\/strong><\/p>\n<p>no-repeat;center top;;<\/p>\n<p>auto<\/p>\n<p>default<\/p>\n<p class=\"cv\">Envoyez votre CV<\/p>\n<p>no-repeat;center top;;<\/p>\n<p>auto<\/p>\n\n<div class=\"wpcf7 no-js\" id=\"wpcf7-f1701-o2\" lang=\"en-US\" dir=\"ltr\" data-wpcf7-id=\"1701\">\n<div class=\"screen-reader-response\"><p role=\"status\" aria-live=\"polite\" aria-atomic=\"true\"><\/p> <ul><\/ul><\/div>\n<form action=\"\/fr\/wp-json\/wp\/v2\/pages\/1420#wpcf7-f1701-o2\" method=\"post\" class=\"wpcf7-form init wpcf7-acceptance-as-validation\" aria-label=\"Contact form\" enctype=\"multipart\/form-data\" novalidate=\"novalidate\" data-status=\"init\">\n<div style=\"display: none;\">\n<input type=\"hidden\" name=\"_wpcf7\" value=\"1701\" \/>\n<input type=\"hidden\" name=\"_wpcf7_version\" value=\"6.0.5\" \/>\n<input type=\"hidden\" name=\"_wpcf7_locale\" value=\"en_US\" \/>\n<input type=\"hidden\" name=\"_wpcf7_unit_tag\" value=\"wpcf7-f1701-o2\" \/>\n<input type=\"hidden\" name=\"_wpcf7_container_post\" value=\"0\" \/>\n<input type=\"hidden\" name=\"_wpcf7_posted_data_hash\" value=\"\" \/>\n<input type=\"hidden\" name=\"_wpcf7_recaptcha_response\" value=\"\" \/>\n<\/div>\n<div class=\"inputWrap\">\n\t<div class=\"input archivo\">\n\t     <span class=\"wpcf7-form-control-wrap\" data-name=\"file\"><input size=\"40\" class=\"wpcf7-form-control wpcf7-file wpcf7-validates-as-required\" accept=\"audio\/*,video\/*,image\/*\" aria-required=\"true\" aria-invalid=\"false\" type=\"file\" name=\"file\" \/><\/span>\n\t     <div class=\"nombreWrap\">Choisir le fichier<\/div>\n\t<\/div>\n\t<div class=\"subrayado\"><\/div>\n\t<div class=\"subrayadoActivo\"><\/div>\n<\/div>\n\n<div class=\"inputWrap\">\n\t<div class=\"input\">\n             <span class=\"wpcf7-form-control-wrap\" data-name=\"email\"><input size=\"40\" maxlength=\"400\" class=\"wpcf7-form-control wpcf7-email wpcf7-validates-as-required wpcf7-text wpcf7-validates-as-email\" aria-required=\"true\" aria-invalid=\"false\" value=\"\" type=\"email\" name=\"email\" \/><\/span>\n\t     <div class=\"nombreWrap\">Email<\/div>\n\t<\/div>\n\t<div class=\"subrayado\"><\/div>\n\t<div class=\"subrayadoActivo\"><\/div>\n<\/div>\n\n<p class=\"check-acceptance\"><span class=\"wpcf7-form-control-wrap\" data-name=\"acceptance-622\"><span class=\"wpcf7-form-control wpcf7-acceptance\"><span class=\"wpcf7-list-item\"><input type=\"checkbox\" name=\"acceptance-622\" value=\"1\" aria-invalid=\"false\" \/><\/span><\/span><\/span> <span class=\"txt\">J\u2019accepte la <a href=\"\/privacy-cookies-policy\/\" target=\"_blank\">politique de confidentialit\u00e9 et de cookies<\/a><\/span><\/p>\n<p class=\"btn-send\"><input class=\"wpcf7-form-control wpcf7-submit has-spinner\" type=\"submit\" value=\"ENVOI\" \/><p><div class=\"wpcf7-response-output\" aria-hidden=\"true\"><\/div>\n<\/form>\n<\/div>\n\n<p>no-repeat;center top;;<\/p>\n<p>auto<\/p>\n","protected":false},"excerpt":{"rendered":"<p>Cabinet de Madrid \/wp-content\/uploads\/2017\/12\/madrid-office.jpg no-repeat;center top;; auto wrap-city SAMANIEGO Law Serrano 16, 6D 28001 Madrid Espagne Tel.+34 910 66 41 06 info@samaniegolaw.com no-repeat;center top;; auto Map<span class=\"excerpt-hellip\"> [\u2026]<\/span><\/p>\n","protected":false},"author":2,"featured_media":0,"parent":0,"menu_order":0,"comment_status":"closed","ping_status":"closed","template":"","meta":{"footnotes":""},"class_list":["post-1420","page","type-page","status-publish","hentry"],"_links":{"self":[{"href":"https:\/\/samaniegolaw.com\/fr\/wp-json\/wp\/v2\/pages\/1420","targetHints":{"allow":["GET"]}}],"collection":[{"href":"https:\/\/samaniegolaw.com\/fr\/wp-json\/wp\/v2\/pages"}],"about":[{"href":"https:\/\/samaniegolaw.com\/fr\/wp-json\/wp\/v2\/types\/page"}],"author":[{"embeddable":true,"href":"https:\/\/samaniegolaw.com\/fr\/wp-json\/wp\/v2\/users\/2"}],"replies":[{"embeddable":true,"href":"https:\/\/samaniegolaw.com\/fr\/wp-json\/wp\/v2\/comments?post=1420"}],"version-history":[{"count":8,"href":"https:\/\/samaniegolaw.com\/fr\/wp-json\/wp\/v2\/pages\/1420\/revisions"}],"predecessor-version":[{"id":1703,"href":"https:\/\/samaniegolaw.com\/fr\/wp-json\/wp\/v2\/pages\/1420\/revisions\/1703"}],"wp:attachment":[{"href":"https:\/\/samaniegolaw.com\/fr\/wp-json\/wp\/v2\/media?parent=1420"}],"curies":[{"name":"wp","href":"https:\/\/api.w.org\/{rel}","templated":true}]}}