{"id":1436,"date":"2017-11-23T10:38:00","date_gmt":"2017-11-23T09:38:00","guid":{"rendered":"http:\/\/samaniegolaw.com\/que-faisons-nous\/contracts-and-legal-projects-management\/"},"modified":"2021-08-20T11:33:56","modified_gmt":"2021-08-20T10:33:56","slug":"legal-tech-contract-management-et-gestion-des-projets-de-transformation-digitale","status":"publish","type":"page","link":"https:\/\/samaniegolaw.com\/fr\/que-faisons-nous\/legal-tech-contract-management-et-gestion-des-projets-de-transformation-digitale\/","title":{"rendered":"Solutions Legal Tech &#038; Managed Services"},"content":{"rendered":"<h2 class=\"title-sidebar\">\u00ab\u00a0Legal Tech\u00a0\u00bb, \u00ab\u00a0Contract Management\u00a0\u00bb<br \/> et gestion des projets de transformation digitale<\/h2>\n<p>no-repeat;center top;;<\/p>\n<p>auto<\/p>\n<p><img decoding=\"async\" src=\"\"><\/p>\n<p>Les contrats contiennent des informations tr\u00e8s utiles: d\u00e9lais pouvant se transformer en des p\u00e9nalit\u00e9s de retard, \u00e9tapes contractuelles se trouvant associ\u00e9es \u00e0 des bonus, \u00e9v\u00e9nements rendant l\u2019actualisation du contrat n\u00e9cessaire, r\u00e9novations automatiques du contrat etc. Par cons\u00e9quent, il est important de contr\u00f4ler les informations contractuelles avec prudence. Pour certaines entreprises, se doter d\u2019un syst\u00e8me ad\u00e9quat de gestion juridique n\u2019est pas seulement confortable, c\u2019est une r\u00e9elle obligation l\u00e9gale li\u00e9e aux n\u00e9cessit\u00e9s de transparence et d\u2019information aux actionnaires, pour le cas des entreprises cot\u00e9es. Afin d\u2019obtenir de mani\u00e8re efficace les meilleurs r\u00e9sultats possibles, les entreprises devraient mettre en place des processus clairs et logiques bas\u00e9s sur la technologie et les m\u00e9canismes de contr\u00f4le ERP ou sur les syst\u00e8mes de gestion l\u00e9gale de \u00ab contract management \u00bb, et autres outils similaires.<\/p>\n<p>Gr\u00e2ce \u00e0 notre alliance avec <a href=\"https:\/\/www.unitedlex.com\/\" target=\"_blank\">United Lex<\/a>, nous pouvons rendre des services technologiques (totalement critiques) dans le secteur l\u00e9gal, allant du contrat digital aux solutions technologiques d\u2019adaptation aux RGPD, \u00e0 la gestion de la propri\u00e9t\u00e9 industrielle, aux proc\u00e9dures massives d\u2019information l\u00e9gale, aux outils de \u00abcontract managment\u00bb etc. UnitedLex est une entreprise leader dans le domaine de la technologie. Form\u00e9e par plus d\u2019une centaine de d\u00e9veloppeurs internes de software, elle est la seule entreprise capable d\u2019offrir des services de BPO et KPO aux d\u00e9partements juridiques internes. Elle est aussi une des premi\u00e8res entreprises \u00e0 offrir un service de gestion de conseil juridique complet aux d\u00e9partements juridiques des entreprises, aux cabinets d\u2019avocats et aux universit\u00e9s.<\/p>\n<blockquote>\n<h4>R\u00e9f\u00e9rences et t\u00e9moignages<\/h4>\n<p>\u00ab Nous sommes particuli\u00e8rement fiers de notre collaboration avec SAMANIEGO LAW, un cabinet innovateur et sp\u00e9cialis\u00e9 dans la Technologie et la r\u00e9solution des litiges. SAMANIEGO LAW a su trouver sa place dans cette collaboration, c\u2019est un cabinet capable de proposer des solutions bas\u00e9es sur la technologie \u00e0 ses clients, \u00e0 qui il offre une grande valeur ajout\u00e9e. Contrairement aux autres cabinets, Javier Samaniego a compris comment les services juridiques \u00e9volueront dans un futur proche. \u00bb\n<\/p>\n<p>UnitedLex<\/p>\n<p><\/\n\n<blockquote>\n<p>no-repeat;center top;;<\/p>\n<p>auto<\/p>\n","protected":false},"excerpt":{"rendered":"<p>\u00ab\u00a0Legal Tech\u00a0\u00bb, \u00ab\u00a0Contract Management\u00a0\u00bb et gestion des projets de transformation digitale no-repeat;center top;; auto Les contrats contiennent des informations tr\u00e8s utiles: d\u00e9lais pouvant se transformer en<span class=\"excerpt-hellip\"> [\u2026]<\/span><\/p>\n","protected":false},"author":2,"featured_media":0,"parent":1374,"menu_order":0,"comment_status":"closed","ping_status":"closed","template":"","meta":{"footnotes":""},"class_list":["post-1436","page","type-page","status-publish","hentry"],"_links":{"self":[{"href":"https:\/\/samaniegolaw.com\/fr\/wp-json\/wp\/v2\/pages\/1436","targetHints":{"allow":["GET"]}}],"collection":[{"href":"https:\/\/samaniegolaw.com\/fr\/wp-json\/wp\/v2\/pages"}],"about":[{"href":"https:\/\/samaniegolaw.com\/fr\/wp-json\/wp\/v2\/types\/page"}],"author":[{"embeddable":true,"href":"https:\/\/samaniegolaw.com\/fr\/wp-json\/wp\/v2\/users\/2"}],"replies":[{"embeddable":true,"href":"https:\/\/samaniegolaw.com\/fr\/wp-json\/wp\/v2\/comments?post=1436"}],"version-history":[{"count":6,"href":"https:\/\/samaniegolaw.com\/fr\/wp-json\/wp\/v2\/pages\/1436\/revisions"}],"predecessor-version":[{"id":2569,"href":"https:\/\/samaniegolaw.com\/fr\/wp-json\/wp\/v2\/pages\/1436\/revisions\/2569"}],"up":[{"embeddable":true,"href":"https:\/\/samaniegolaw.com\/fr\/wp-json\/wp\/v2\/pages\/1374"}],"wp:attachment":[{"href":"https:\/\/samaniegolaw.com\/fr\/wp-json\/wp\/v2\/media?parent=1436"}],"curies":[{"name":"wp","href":"https:\/\/api.w.org\/{rel}","templated":true}]}}