{"id":1464,"date":"2017-12-04T18:18:48","date_gmt":"2017-12-04T17:18:48","guid":{"rendered":"http:\/\/samaniegolaw.com\/privacy-cookies-policy\/"},"modified":"2018-08-13T17:44:09","modified_gmt":"2018-08-13T16:44:09","slug":"confidentialite-et-cookies","status":"publish","type":"page","link":"https:\/\/samaniegolaw.com\/fr\/confidentialite-et-cookies\/","title":{"rendered":"Politique de Confidentialit\u00e9 et de Cookies"},"content":{"rendered":"<p>&nbsp;<\/p>\n<h1 style=\"text-align: center;\"><strong>Politique de Confidentialit\u00e9 et de Cookies<\/strong><\/h1>\n<h2>Politique de Confidentialit\u00e9 des Donn\u00e9es Personnelles<\/h2>\n<p>Nous attachons une grande importance \u00e0 votre vie priv\u00e9e.<\/p>\n<p>Nous nous engageons \u00e0 prot\u00e9ger la vie priv\u00e9e ainsi que la confidentialit\u00e9 des donn\u00e9es personnelles de tous nos clients tout comme des diff\u00e9rents contacts g\u00e9n\u00e9r\u00e9s au moyen de notre site internet, dans le cadre de rencontres professionnelles, de la r\u00e9ception de candidatures, etc. <\/p>\n<p>La pr\u00e9sente politique de confidentialit\u00e9 vous informe, en tant qu\u2019int\u00e9ress\u00e9, que vos donn\u00e9es personnelles seront collect\u00e9es et utilis\u00e9es par SAMANIEGO LAW conform\u00e9ment \u00e0 la l\u00e9gislation applicable, plus exactement au R\u00e8glement (UE) 2016\/679 du Parlement europ\u00e9en et du Conseil du 27 avril 2016, relatif \u00e0 la protection des personnes physiques \u00e0 l\u2019\u00e9gard du traitement des donn\u00e9es \u00e0 caract\u00e8re personnel et \u00e0 la libre circulation de ces donn\u00e9es (RGPD), applicable depuis le 25 mai 2018.<br \/>\n&nbsp;<\/p>\n<h4><u>La Collecte des Donn\u00e9es Personnelles<\/u><\/h4>\n<p>La collecte de donn\u00e9es personnelles par SAMANIEGO Law est r\u00e9gie par le principe de \u00ab\u00a0minimisation\u00a0\u00bb des donn\u00e9es: nous ne collectons que les donn\u00e9es pertinentes et nous nous limitons strictement aux donn\u00e9es n\u00e9cessaires aux finalit\u00e9s pour lesquelles elles sont trait\u00e9es.<br \/>\n&nbsp;<\/p>\n<h4><u>Base juridique et finalit\u00e9 du traitement des donn\u00e9es personnelles<\/u><\/h4>\n<p>Le traitement de vos donn\u00e9es personnelles se fera uniquement dans le respect de la loi applicable, et notamment : <\/p>\n<ul>\n<li>Lorsque cela est n\u00e9cessaire \u00e0 l\u2019ex\u00e9cution ou la conclusion d\u2019un contrat ;<\/li>\n<li>Si vous nous avez donn\u00e9 votre consentement expr\u00e8s et \u00e9clair\u00e9 (par exemple, pour l\u2019envoi de communication de marketing) ;<\/li>\n<li>Lorsque cela est n\u00e9cessaire \u00e0 la bonne ex\u00e9cution de nos obligations l\u00e9gales (par exemple, la pr\u00e9vention du blanchiment d\u2019argent, etc.) <\/li>\n<\/ul>\n<p>Vos donn\u00e9es personnelles sont collect\u00e9es et trait\u00e9es pour des finalit\u00e9s concr\u00e8tes, expresses et l\u00e9gitimes. En fonction de la situation, vos donn\u00e9es personnelles peuvent \u00eatre utilis\u00e9es aux fins suivantes :<\/p>\n<ul>\n<li>Communiquer avec vous dans le cadre de la prestation des services qui nous ont \u00e9t\u00e9 confi\u00e9s ; <\/li>\n<li>Recevoir ou s\u2019abonner \u00e0 des communications, des bulletins d\u2019informations et des invitations \u00e0 des \u00e9v\u00e8nements ;<\/li>\n<li>\u00c9valuer votre candidature pour un poste au sein de notre cabinet <\/li>\n<li>Participer \u00e0 des enqu\u00eates sur nos services en vue d\u2019am\u00e9liorer l\u2019exp\u00e9rience en tant que client ou utilisateur ;<\/li>\n<\/ul>\n<p>&nbsp;<\/p>\n<h4><u>Protection des donn\u00e9es personnelles<\/u><\/h4>\n<p>Afin de pr\u00e9server la protection de vos donn\u00e9es personnelles, seules les personnes d\u00fbment autoris\u00e9es peuvent y acc\u00e9der. Nous engageons tous nos moyens pour pr\u00e9server la confidentialit\u00e9 et l\u2019int\u00e9grit\u00e9 de vos donn\u00e9es personnelles ainsi que pour \u00e9viter les atteintes \u00e0 la s\u00e9curit\u00e9, les manipulations d\u00e9lib\u00e9r\u00e9es, l\u2019alt\u00e9ration et la perte des donn\u00e9es ainsi que l\u2019acc\u00e8s non autoris\u00e9. En outre, nous avons mis en place des moyens techniques et organisationnels appropri\u00e9s afin d\u2019assurer un traitement et un stockage correct des donn\u00e9es personnelles.<br \/>\n&nbsp;<\/p>\n<h4><u>Vos droits <\/u><\/h4>\n<p>Conform\u00e9ment \u00e0 la r\u00e8glementation en vigueur concernant vos donn\u00e9es personnelles, vous jouissez des droits \u00e9nonc\u00e9s ci-apr\u00e8s :<\/p>\n<ul>\n<li>Droit <u>d&rsquo;acc\u00e8s et d&rsquo;information sur le traitement de vos donn\u00e9es personnelles<\/u> (art. 15 RGPD) : vous avez notamment le droit de nous r\u00e9clamer des informations sur les finalit\u00e9s du traitement, la nature sp\u00e9cifique des donn\u00e9es trait\u00e9es, les personnes auxquelles les donn\u00e9es sont adress\u00e9es, l&rsquo;origine des donn\u00e9es lorsqu&rsquo;elles ne proviennent pas de la personne concern\u00e9e, la dur\u00e9e de stockage des donn\u00e9es pr\u00e9vue et la mani\u00e8re d&rsquo;utiliser les d\u00e9cisions automatis\u00e9es.<\/li>\n<li>Droit de <u>rectification<\/u> (art. 16 RGPD) : obtenir la rectification des donn\u00e9es personnelles inexactes et, conform\u00e9ment aux fins du traitement, exiger que celles-ci soient compl\u00e9t\u00e9es.<\/li>\n<li>Droit \u00e0 <u>l\u2019effacement<\/u> ou <u>\u201cdroit \u00e0 l\u2019oubli\u201d<\/u> (art. 17 RGPD) : obtenir du responsable du traitement l\u2019effacement, dans les meilleurs d\u00e9lais, de donn\u00e9es \u00e0 caract\u00e8re personnelles vous concernant \u00e0 condition que le traitement ne soit pas n\u00e9cessaire au respect de nos obligations l\u00e9gales, \u00e0 la constatation, \u00e0 l\u2019exercice ou \u00e0 la d\u00e9fense de droits en justice, ou pour des motifs d\u2019int\u00e9r\u00eat public.<\/li>\n<li>Droit \u00e0 <u>la limitation du traitement<\/u> (art. 18 RGPD): obtenir la limitation du traitement de vos donn\u00e9es personnelles (i) lorsque vous contestez l\u2019exactitude du traitement (ii), que ce m\u00eame traitement est illicite et que vous vous opposez \u00e0 l\u2019effacement de vos donn\u00e9es et exigez \u00e0 la place la limitation de leur utilisation (iii) ou que vous vous soyez oppos\u00e9 au traitement de vos donn\u00e9es personnelles en vertu de l\u2019art. 21 RGPD et que le traitement soit n\u00e9cessaire pour d\u2019autres fins n\u00e9cessaires.<\/li>\n<li>Droit \u00e0 <u>la portabilit\u00e9 des donn\u00e9es<\/u> (art. 20 RGPD) : conform\u00e9ment au r\u00e8glement, lorsque la base du traitement est votre consentement ou un contrat, vous avez le droit de r\u00e9cup\u00e9rer les donn\u00e9es que vous nous avez fournies dans un format structur\u00e9, couramment utilis\u00e9 et lisible par machine, et de les transmettre \u00e0 un autre responsable de traitement sans que nous puissions nous y opposer. Nous transmettrons vos donn\u00e9es au nouveau responsable de votre choix lorsque cela est techniquement r\u00e9alisable. Ce droit ne peut \u00eatre utilis\u00e9 que si le traitement des donn\u00e9es est bas\u00e9 sur votre consentement ou sur un contrat. Tant que cela est techniquement possible, si vous nous en faites la demande, nous transmettrons  directement vos donn\u00e9es personnelles au nouveau responsable que vous avez d\u00e9sign\u00e9. <\/li>\n<li>Droit au <u>retrait de votre consentement<\/u> (art. 7.3 RGPD): lorsque le traitement de vos donn\u00e9es personnelles repose sur votre consentement, vous avez le droit de le retirer \u00e0 tout moment. <\/li>\n<li>Droit <u>d&rsquo;introduire une r\u00e9clamation<\/u> (art. 77 RGPD): malgr\u00e9 nos efforts pour pr\u00e9server la s\u00e9curit\u00e9 et la confidentialit\u00e9 de vos donn\u00e9es, si vous consid\u00e9rez que le traitement de donn\u00e9es \u00e0 caract\u00e8re personnel vous concernant constitue une violation, vous avez la possibilit\u00e9 d\u2019introduire une r\u00e9clamation aupr\u00e8s d\u2019une autorit\u00e9 de contr\u00f4le, en particulier l\u2019autorit\u00e9 de l\u2019\u00c9tat membre dans lequel se trouve votre r\u00e9sidence habituelle, votre lieu de travail ou le lieu o\u00f9 la violation aurait \u00e9t\u00e9 commise. En tout \u00e9tat de cause, vous avez acc\u00e8s \u00e0 la liste des autorit\u00e9s de contr\u00f4le publi\u00e9e par la Commission europ\u00e9enne sur le lien suivant (<a href=\"http:\/\/ec.europa.eu\/justice\/article-29\/structure\/data-protection-authorities\/index_en.htm\" target=\"_blank\">http:\/\/ec.europa.eu\/justice\/article-29\/structure\/data-protection-authorities\/index_en.htm<\/a>)<\/li>\n<\/ul>\n<p>&nbsp;<\/p>\n<h4><u>Exercice de vos droits<\/u><\/h4>\n<p>Pour exercer vos droits ainsi que pour toute autre question ou demande concernant cette politique, veuillez nous contacter \u00e0 <a href=\"mailto:info@samaniegolaw.com\">info@samaniegolaw.com<\/a><br \/>\n&nbsp;<br \/>\n&nbsp;<\/p>\n<h2>Politique de gestion des Cookies<\/h2>\n<p style=\"border: 1px solid black; text-align: center;\">Ce site internet utilise des cookies de la mani\u00e8re d\u00e9crite dans la pr\u00e9sente Politique de Confidentialit\u00e9 et de gestion des Cookies que nous vous invitons \u00e0 relire. <i>En utilisant notre site internet vous acceptez l\u2019utilisation de cookies.<\/i><\/p>\n<p>Nous attachons une grande importance \u00e0 votre vie priv\u00e9e. <\/p>\n<p>Nous ne recueillons pas de renseignements personnels et identifiables \u00e0 votre sujet, comme votre nom, votre adresse \u00e9lectronique, etc., \u00e0 moins que vous ne remplissiez un formulaire de contact ou que vous nous transmettiez un e-mail directement.<\/p>\n<p>Nous recueillons automatiquement certains renseignements personnels non identifiables vous concernant lorsque vous visitez notre site, comme le type de navigateur que vous utilisez, etc., au moyen des \u00ab\u00a0cookies\u00a0\u00bb sur notre site internet WWW.SAMANIEGOLAW.COM. Nous utilisons ces informations afin d\u2019analyser l\u2019utilisation de notre site internet et de ce fait d\u2019am\u00e9liorer sa forme et ses fonctionnalit\u00e9s. <\/p>\n<p>En consultant notre site Web, vous acceptez l&rsquo;installation et l&rsquo;utilisation de cookies conform\u00e9ment \u00e0 la pr\u00e9sente politique de gestion des cookies. Si vous refusez l&rsquo;utilisation de cookies, veuillez les d\u00e9sactiver en suivant les instructions donn\u00e9es ci-dessous, par exemple en vous rendant sur \u00ab l\u2019assistant de configuration des cookies\u00a0\u00bb ou en modifiant les param\u00e8tres de votre navigateur afin que les cookies de ce site internet ne soient pas activ\u00e9s sur votre ordinateur ou sur votre t\u00e9l\u00e9phone.<br \/>\n&nbsp;<\/p>\n<h4><u>Qu\u2019est-ce qu\u2019un cookie?<\/u><\/h4>\n<p>Les cookies sont des fichiers texte contenant de petites quantit\u00e9s d&rsquo;informations qui sont t\u00e9l\u00e9charg\u00e9es sur votre ordinateur ou t\u00e9l\u00e9phone lorsque vous visitez un site internet. Ils sont envoy\u00e9s au site internet d&rsquo;origine lors de chaque utilisation ult\u00e9rieure, ainsi qu&rsquo;\u00e0 tout autre site Web reconnaissant ce cookie.<\/p>\n<p>Les cookies ont un certain nombre de fonctions, notamment vous permettre de naviguer efficacement sur le site internet, de m\u00e9moriser vos pr\u00e9f\u00e9rences et d&rsquo;am\u00e9liorer l&rsquo;exp\u00e9rience de l&rsquo;utilisateur. Ils contribuent \u00e9galement \u00e0 adapter les publicit\u00e9s affich\u00e9es sur le web \u00e0 vos int\u00e9r\u00eats.<br \/>\n&nbsp;<\/p>\n<h4><u>Quels cookies utilisons-nous ?<\/u><\/h4>\n<p><strong>Cookies analytiques:<\/strong><\/p>\n<ul>\n<li>_gat<\/li>\n<li>_ga<\/li>\n<li>_gid<\/li>\n<li>_unam<\/li>\n<li>AMCV_AdobeOrg<\/li>\n<li>utag_main<\/li>\n<\/ul>\n<p>Ces cookies recueillent des informations sur la fa\u00e7on dont les utilisateurs naviguent sur un site Web, telles que les pages les plus visit\u00e9es, et si des messages d&rsquo;erreur leur sont envoy\u00e9s par les sites Web. <\/p>\n<p><strong>Cookies techniques :<\/strong><\/p>\n<ul>\n<li>Cg_cookie_accepted<\/li>\n<\/ul>\n<p>&nbsp;<\/p>\n<h4><u>Comment contr\u00f4ler et \u00e9liminer les cookies dans son navigateur ?<\/u><\/h4>\n<p>Cliquez ici pour plus d&rsquo;informations sur: Cliquez ici pour plus d&rsquo;informations sur:<\/p>\n<p>Chrome:\u00a0<a href=\"https:\/\/support.google.com\/accounts\/answer\/61416?co=GENIE.Platform%3DDesktop&#038;hl=fr&#038;oco=1\" target=\"_blank\" rel=\"noopener\">https:\/\/support.google.com\/accounts\/answer\/61416?co=GENIE.Platform%3DDesktop&#038;hl=fr&#038;oco=1<\/a><\/p>\n<p>Firefox:\u00a0<a href=\"https:\/\/support.mozilla.org\/fr\/kb\/activer-desactiver-cookies-preferences\" target=\"_blank\" rel=\"noopener\">https:\/\/support.mozilla.org\/fr\/kb\/activer-desactiver-cookies-preferences<\/a><\/p>\n<p>Opera:\u00a0<a href=\"https:\/\/www.opera.com\/help\/tutorials\/security\/privacy\/\" target=\"_blank\" rel=\"noopener\">https:\/\/www.opera.com\/help\/tutorials\/security\/privacy\/<\/a><\/p>\n<p>IE:\u00a0<a href=\"https:\/\/support.microsoft.com\/fr-fr\/help\/17442\/windows-internet-explorer-delete-manage-cookies\" target=\"_blank\" rel=\"noopener\">https:\/\/support.microsoft.com\/fr-fr\/help\/17442\/windows-internet-explorer-delete-manage-cookies<\/a><\/p>\n<p>Safari:\u00a0<a href=\"https:\/\/support.apple.com\/kb\/PH21411?locale=es_ES&#038;viewlocale=fr_FR\" target=\"_blank\" rel=\"noopener\">https:\/\/support.apple.com\/kb\/PH21411?locale=es_ES&#038;viewlocale=fr_FR<\/a><br \/>\n&nbsp;<\/p>\n<h4><u>Notre engagement pour la s\u00e9curit\u00e9<\/u><\/h4>\n<p>Nous disposons de m\u00e9canismes de s\u00e9curit\u00e9 pour emp\u00eacher l&rsquo;acc\u00e8s non autoris\u00e9 aux renseignements collect\u00e9s en ligne.<br \/>\n&nbsp;<\/p>\n<h4><u>Comment nous contacter<\/u><\/h4>\n<p>Si vous avez des questions ou des doutes concernant notre politique de confidentialit\u00e9 ou sa mise en \u0153uvre, vous pouvez nous contacter \u00e0 l&rsquo;adresse suivante : <a href=\"mailto:info@samaniegolaw.com\" target=\"_top\">info@samaniegolaw.com<\/a><\/p>\n<p>&nbsp;<\/p>\n","protected":false},"excerpt":{"rendered":"<p>&nbsp; Politique de Confidentialit\u00e9 et de Cookies Politique de Confidentialit\u00e9 des Donn\u00e9es Personnelles Nous attachons une grande importance \u00e0 votre vie priv\u00e9e. Nous nous engageons \u00e0<span class=\"excerpt-hellip\"> [\u2026]<\/span><\/p>\n","protected":false},"author":2,"featured_media":0,"parent":0,"menu_order":0,"comment_status":"closed","ping_status":"closed","template":"","meta":{"footnotes":""},"class_list":["post-1464","page","type-page","status-publish","hentry"],"_links":{"self":[{"href":"https:\/\/samaniegolaw.com\/fr\/wp-json\/wp\/v2\/pages\/1464","targetHints":{"allow":["GET"]}}],"collection":[{"href":"https:\/\/samaniegolaw.com\/fr\/wp-json\/wp\/v2\/pages"}],"about":[{"href":"https:\/\/samaniegolaw.com\/fr\/wp-json\/wp\/v2\/types\/page"}],"author":[{"embeddable":true,"href":"https:\/\/samaniegolaw.com\/fr\/wp-json\/wp\/v2\/users\/2"}],"replies":[{"embeddable":true,"href":"https:\/\/samaniegolaw.com\/fr\/wp-json\/wp\/v2\/comments?post=1464"}],"version-history":[{"count":5,"href":"https:\/\/samaniegolaw.com\/fr\/wp-json\/wp\/v2\/pages\/1464\/revisions"}],"predecessor-version":[{"id":1469,"href":"https:\/\/samaniegolaw.com\/fr\/wp-json\/wp\/v2\/pages\/1464\/revisions\/1469"}],"wp:attachment":[{"href":"https:\/\/samaniegolaw.com\/fr\/wp-json\/wp\/v2\/media?parent=1464"}],"curies":[{"name":"wp","href":"https:\/\/api.w.org\/{rel}","templated":true}]}}