{"id":1471,"date":"2017-11-29T14:41:35","date_gmt":"2017-11-29T13:41:35","guid":{"rendered":"http:\/\/samaniegolaw.com\/legal-notice\/"},"modified":"2026-02-23T19:27:36","modified_gmt":"2026-02-23T18:27:36","slug":"avertissement-legal","status":"publish","type":"page","link":"https:\/\/samaniegolaw.com\/fr\/avertissement-legal\/","title":{"rendered":"Avertissement l\u00e9gal"},"content":{"rendered":"<h1 style=\"text-align: center;\">Avertissement l\u00e9gal<\/h1>\n<p>Nous effectuons notre travail \u00e0 travers deux entit\u00e9s l\u00e9gales : SAMANIEGO LAW, S.L., qui op\u00e8re depuis notre bureau de Madrid (Espagne), et SAMANIEGO LAW P.A., qui fournit des services juridiques \u00e9trangers depuis Miami (Floride). SAMANIEGO LAW est un nom commercial utilis\u00e9 \u00e0 l&rsquo;\u00e9chelle internationale.<\/p>\n<h4>Cabinet de Madrid (Espagne)<\/h4>\n<p>SAMANIEGO LAW, S.L. est une soci\u00e9t\u00e9 espagnole \u00e0 responsabilit\u00e9 limit\u00e9e dont le CIF est le B87706800. Elle est inscrite au Registre du Commerce de Madrid, Tome 3590, Page 125, Feuille M-636198, entr\u00e9e n\u00ba 1, avec son domicile social dans la rue Serrano 16, 6\u00baD, 28001 Madrid (Espagne).<\/p>\n<p>Nos Consultants et Avocats pratiquant en Espagne sont soumis aux normes \u00e9thiques les plus strictes. Nos avocats pratiquant en Espagne (\u201c<em>abogados<\/em>\u201d) sont r\u00e9gis par le Code de D\u00e9ontologie (<em>C\u00f3digo Deontol\u00f3gico<\/em>), voir <a href=\"http:\/\/www.cgae.es\" target=\"_blank\" rel=\"noopener\">http:\/\/www.cgae.es<\/a>, et par les normes \u00e9mises par l\u2019Ordre des Avocats de Madrid (<a href=\"http:\/\/www.icam.es\" target=\"_blank\" rel=\"noopener\">http:\/\/www.icam.es<\/a>).<\/p>\n<h4>Cabinet de Miami (Floride, Etats-Unis)<\/h4>\n<p>SAMANIEGO LAW P.A. est une P.A c\u2019est \u00e0 dire une Association de professionnels inscrite au registre de l\u2019Etat de Floride aux Etats-Unis. Son domicile social se situe 2222 Ponce de Leon, Suite 300, 33134 Coral Gables-Miami, FL (USA).<\/p>\n<p>Notre consultant juridique \u00e9tranger \u00e0 Miami, Javier Fern\u00e1ndez-Samaniego, est certifi\u00e9 et soumis aux r\u00e8gles du Barreau de Floride sur les consultants juridiques \u00e9trangers, que vous pouvez trouver ici: <a href=\"https:\/\/www.floridabar.org\/rules\/rrtfb\/\" target=\"_blank\" rel=\"noopener\">https:\/\/www.floridabar.org\/rules\/rrtfb\/<\/a><\/p>\n<p>LES CONSULTANTS JURIDIQUES \u00c9TRANGERS NE SONT PAS AUTORIS\u00c9S \u00c0 PRATIQUER LE DROIT DANS L&rsquo;\u00c9TAT DE FLORIDE. LES SERVICES FOURNIS PAR UN CONSULTANT JURIDIQUE \u00c9TRANGER SONT LIMIT\u00c9S AUX LOIS DU PAYS O\u00d9 CETTE PERSONNE PEUT EXERCER.<\/p>\n","protected":false},"excerpt":{"rendered":"<p>Avertissement l\u00e9gal Nous effectuons notre travail \u00e0 travers deux entit\u00e9s l\u00e9gales : SAMANIEGO LAW, S.L., qui op\u00e8re depuis notre bureau de Madrid (Espagne), et SAMANIEGO LAW<span class=\"excerpt-hellip\"> [\u2026]<\/span><\/p>\n","protected":false},"author":2,"featured_media":0,"parent":0,"menu_order":0,"comment_status":"closed","ping_status":"closed","template":"","meta":{"footnotes":""},"class_list":["post-1471","page","type-page","status-publish","hentry"],"_links":{"self":[{"href":"https:\/\/samaniegolaw.com\/fr\/wp-json\/wp\/v2\/pages\/1471","targetHints":{"allow":["GET"]}}],"collection":[{"href":"https:\/\/samaniegolaw.com\/fr\/wp-json\/wp\/v2\/pages"}],"about":[{"href":"https:\/\/samaniegolaw.com\/fr\/wp-json\/wp\/v2\/types\/page"}],"author":[{"embeddable":true,"href":"https:\/\/samaniegolaw.com\/fr\/wp-json\/wp\/v2\/users\/2"}],"replies":[{"embeddable":true,"href":"https:\/\/samaniegolaw.com\/fr\/wp-json\/wp\/v2\/comments?post=1471"}],"version-history":[{"count":5,"href":"https:\/\/samaniegolaw.com\/fr\/wp-json\/wp\/v2\/pages\/1471\/revisions"}],"predecessor-version":[{"id":3658,"href":"https:\/\/samaniegolaw.com\/fr\/wp-json\/wp\/v2\/pages\/1471\/revisions\/3658"}],"wp:attachment":[{"href":"https:\/\/samaniegolaw.com\/fr\/wp-json\/wp\/v2\/media?parent=1471"}],"curies":[{"name":"wp","href":"https:\/\/api.w.org\/{rel}","templated":true}]}}