{"id":1499,"date":"2018-01-16T17:35:34","date_gmt":"2018-01-16T16:35:34","guid":{"rendered":"http:\/\/samaniegolaw.com\/equipe\/javier-fernandez-samaniego\/"},"modified":"2022-12-02T17:37:32","modified_gmt":"2022-12-02T16:37:32","slug":"javier-fernandez-samaniego","status":"publish","type":"page","link":"https:\/\/samaniegolaw.com\/fr\/equipe\/javier-fernandez-samaniego\/","title":{"rendered":"Javier Fern\u00e1ndez Samaniego"},"content":{"rendered":"<h2>Equipe<\/h2>\n<p>no-repeat;center top;;<\/p>\n<p>auto<\/p>\n<p class=\"enlace\"><a href=\"fr\/equipe&quot;\">Back to Team<\/a><\/p>\n<p>right<\/p>\n<p>no-repeat;center top;;<\/p>\n<p>auto<\/p>\n<h2 id=\"LegalTeam\">Javier Fern\u00e1ndez-Samaniego<\/h2>\n<p class=\"position\">Directeur G\u00e9n\u00e9ral<\/p>\n<p>no-repeat;center top;;<\/p>\n<p>auto<\/p>\n<p><img decoding=\"async\" src=\"\" alt=\"><\/p>\n<div class=\" links\"=\"\">\n<p><a href=\"https:\/\/www.linkedin.com\/in\/javier-fernandez-samaniego-7360287\" target=\"_blank\" rel=\"noopener\"><img decoding=\"async\" src=\"&gt;&lt;\/a&gt;&lt;\/p&gt;\n&lt;p&gt;&lt;a href=wp-content\/uploads\/2018\/08\/JavierFSamaniego_CV_FR.pdf\" target=\"_blank\" \"=\"\"><img decoding=\"async\" src=\"&gt; &lt;span&gt;CV&lt;\/span&gt;&lt;\/a&gt;&lt;\/p&gt;\n&lt;p&gt;&lt;a href=wp-content\/uploads\/2018\/01\/javier-fernandez-samaniego.vcf\" target=\"_blank\" \"=\"\"><img decoding=\"async\" src=\"&gt; &lt;span&gt;VCard&lt;\/span&gt;&lt;\/a&gt;&lt;\/p&gt;\n&lt;\/div&gt;\n&lt;div class=\" info\"=\"\"><br \/>\n<\/a><\/p>\n<p class=\"email\"><a href=\"mailto:javier.samaniego@samaniegolaw.com\">javier.samaniego@samaniegolaw.com<\/a><\/p>\n<p class=\"tlf\">+34\t687\t855\t619<\/p>\n<p class=\"tlf\">+1 786 447 4259<\/p>\n<div class=\"des-sidebar\">\n<p>Javier [&#8230;] a une grande exp\u00e9rience du conseil en entreprises dans les litiges de TI, contentieux  ou non, y compris l\u2019outsourcing, la protection des donn\u00e9es et le \u201ccloud\u201d. Il est sp\u00e9cialement reconnu pour sa pratique dan des cas transfrontaliers entre l\u2019Espagne, les Etats-Unis et l\u2019Am\u00e9rique latine. Un de ses clients a dit de lui qu\u2019il \u00e9tait \u00ab\u00a0<i>tr\u00e8s intelligent, tr\u00e8s pratique et toujours en avance dans son conseil juridique. Pour toutes les questions de privacit\u00e9 c\u2019est votre homme<\/i>\u00a0\u00bb<\/p>\n<p><i>Chambers Europe Guide, 2018, Bande 1<\/i><\/p>\n<p>Javier a une tr\u00e8s bonne r\u00e9putation gr\u00e2ce \u00e0 son \u00ab\u00a0<i>tr\u00e8s bon historique en mati\u00e8re de IT et de Technologie<\/i>\u00ab\u00a0.Les personnes interview\u00e9es ont toutes \u00e9t\u00e9 unanimes par rapport \u00e0 son \u00ab\u00a0<i>service au client, sa compr\u00e9hension du secteur, son efficience ainsi que ses excellentes comp\u00e9tences linguistiques<\/i>\u00ab\u00a0.<\/p>\n<p><i>Chambers Europe Guide, 2017, Bande 1<\/i><\/p>\n<p>Javier Fern\u00e1ndez-Samaniego a une grande exp\u00e9rience en tant que m\u00e9diateur et arbitre. Ses clients ne cessent de la complimenter : \u00ab\u00a0<i>Il a beaucoup de sens commun et d\u2019exp\u00e9rience, c\u2019est un bosseur: un visionnaire<\/i>\u00a0\u00bb<\/p>\n<p><i>Chambers Europe Guide, 2016, Bande 1<\/i><\/p>\n<p>Javier a \u00e9t\u00e9 choisi comme \u00e9tant l\u2019un des \u201cdix principaux nouveaux penseurs\u201d de <i>2017 par le Financial Times.<\/i><\/p>\n<\/div>\n<p>no-repeat;center top;;<\/p>\n<p>auto<\/p>\n<p><strong>Javier Fern\u00e1ndez-Samaniego<\/strong> est le directeur de SAMANIEGO Law, un cabinet d&rsquo;avocats sp\u00e9cialis\u00e9 dans le droit des nouvelles technologies et dans la r\u00e9solution des litiges.<\/p>\n<p>Javier a plus de 22 ans d&rsquo;exp\u00e9rience professionnelle dans des cabinets d&rsquo;avocats d&rsquo;affaires de renom. Son exp\u00e9rience internationale se concentre essentiellement sur le conseil aux entreprises nationales et multinationales souhaitant baser leurs business plan sur l\u2019innovation technologique. Il a aussi une grande exp\u00e9rience en mati\u00e8re de r\u00e9solution des conflits, plus particuli\u00e8rement ceux portant sur des probl\u00e9matiques technologiques complexes.<\/p>\n<p>Fort de son exp\u00e9rience internationale, Javier a su \u00e9tablir des relations solides et durables aux Etats-Unis et en Am\u00e9rique latine en conseillant ses clients am\u00e9ricains sur leur implantation en Europe et vice versa. Il a \u00e9t\u00e9 certifi\u00e9 par le Barreau de Floride aux Etats-Unis comme <i>Foreign Legal Consultant<\/i> (un consultant juridique \u00e9tranger).<\/p>\n<p>Javier est arbitre \u00e0 la Cour d&rsquo;Arbitrage de la Chambre de Commerce de Madrid dans le d\u00e9partement sp\u00e9cialis\u00e9 dans les Nouvelles Technologies de l\u2019Information et de la Communication (NTIC), et il est membre associ\u00e9 du Club Espagnol d\u2019Arbitrage.<br \/>\nEn plus d\u2019\u00eatre un m\u00e9diateur certifi\u00e9 par le CEDR de Londres, il fait partie du Panel del <i>Personnalit\u00e9s distingu\u00e9es \u2018Neutres \u00bbdu CPR \u00e0 New York.<\/i><\/p>\n<p class=\"blue-title\">Parcours professionnel<\/p>\n<p>2017 \u2013 lancement de <strong>Samaniego Law<\/strong><br \/>\n2005-2016 \u2013 Associ\u00e9 Fondateur et directeur associ\u00e9 de <strong>Bird &amp; Bird<\/strong> \u00e0 Madrid et responsable des \u00e9quipes de Contentieux, Arbitrage et autres modes alternatifs de r\u00e9solution des litiges (ADR) ainsi que du d\u00e9partement des Nouvelles Technologies.<br \/>\n2000-2005 \u2013 Responsable du d\u00e9partement de droit des Nouvelles Technologies et Communications dans le cabinet <strong>Linklaters<\/strong> \u00e0 Madrid.<br \/>\n1996-2000 \u2013 Responsable du d\u00e9partement de droit de la  Technologie et de Protection des Donn\u00e9es dans le cabinet espagnol <strong>Cuatrecasas<\/strong>.<br \/>\n1995-1996 \u2013 Avocat au CDTI (Centre de D\u00e9veloppement Technologique et Industriel), repr\u00e9sentant en Espagne de l\u2019Agence Spatiale Europ\u00e9enne.<\/p>\n<p class=\"blue-title\">Autres informations pertinentes<\/p>\n<p>Javier intervient r\u00e9guli\u00e8rement dans les conf\u00e9rences nationales et internationales portant sur les Nouvelles Technologies, la R\u00e9solution de conflits (arbitrage, m\u00e9diation et autres modes de r\u00e9solution de litiges) et l&rsquo;innovation juridique. Il est Senior Fellow de la Facult\u00e9 de droit de l&rsquo;Universit\u00e9 Internationale de Floride (FIU), o\u00f9 il a lanc\u00e9 l&rsquo;initiative \u201cLatin Atlantic Tech Law\u201d. Il est membre du Conseil acad\u00e9mique de la Fondation FIDE et coordinateur de leur blog Metamorfosis sur les cons\u00e9quences juridiques et \u00e9conomiques des changements disruptifs.<\/p>\n<p>Javier parle et travaille en espagnol, sa langue maternelle, et en anglais. Il domine aussi le fran\u00e7ais et l\u2019italien.<\/p>\n<p class=\"blue-title\">Distinctions :<\/p>\n<p>&#8211;  Ilustre Colegio de Abogados de Madrid, ICAM (1995)<br \/>\n&#8211; Certified Foreign Legal Consultant. The Florida Bar (2017)<\/p>\n<div class=\"img-team\"><\/div>\n","protected":false},"excerpt":{"rendered":"<p>Equipe no-repeat;center top;; auto Back to Team right no-repeat;center top;; auto Javier Fern\u00e1ndez-Samaniego Directeur G\u00e9n\u00e9ral no-repeat;center top;; auto javier.samaniego@samaniegolaw.com +34 687 855 619 +1 786 447<span class=\"excerpt-hellip\"> [\u2026]<\/span><\/p>\n","protected":false},"author":1,"featured_media":0,"parent":1409,"menu_order":0,"comment_status":"closed","ping_status":"closed","template":"","meta":{"footnotes":""},"class_list":["post-1499","page","type-page","status-publish","hentry"],"_links":{"self":[{"href":"https:\/\/samaniegolaw.com\/fr\/wp-json\/wp\/v2\/pages\/1499","targetHints":{"allow":["GET"]}}],"collection":[{"href":"https:\/\/samaniegolaw.com\/fr\/wp-json\/wp\/v2\/pages"}],"about":[{"href":"https:\/\/samaniegolaw.com\/fr\/wp-json\/wp\/v2\/types\/page"}],"author":[{"embeddable":true,"href":"https:\/\/samaniegolaw.com\/fr\/wp-json\/wp\/v2\/users\/1"}],"replies":[{"embeddable":true,"href":"https:\/\/samaniegolaw.com\/fr\/wp-json\/wp\/v2\/comments?post=1499"}],"version-history":[{"count":9,"href":"https:\/\/samaniegolaw.com\/fr\/wp-json\/wp\/v2\/pages\/1499\/revisions"}],"predecessor-version":[{"id":3410,"href":"https:\/\/samaniegolaw.com\/fr\/wp-json\/wp\/v2\/pages\/1499\/revisions\/3410"}],"up":[{"embeddable":true,"href":"https:\/\/samaniegolaw.com\/fr\/wp-json\/wp\/v2\/pages\/1409"}],"wp:attachment":[{"href":"https:\/\/samaniegolaw.com\/fr\/wp-json\/wp\/v2\/media?parent=1499"}],"curies":[{"name":"wp","href":"https:\/\/api.w.org\/{rel}","templated":true}]}}