{"id":1515,"date":"2018-01-22T11:51:36","date_gmt":"2018-01-22T10:51:36","guid":{"rendered":"http:\/\/samaniegolaw.com\/equipe\/maria-meshcherskaya\/"},"modified":"2021-10-14T10:15:48","modified_gmt":"2021-10-14T09:15:48","slug":"maria-meshcherskaya","status":"publish","type":"page","link":"https:\/\/samaniegolaw.com\/fr\/equipe\/maria-meshcherskaya\/","title":{"rendered":"Maria Meshcherskaya"},"content":{"rendered":"<h2>Equipe<\/h2>\n<p>no-repeat;center top;;<\/p>\n<p>auto<\/p>\n<p class=\"enlace\"><a href=\"\/fr\/equipe\">Back to Team<\/a><\/p>\n<p>no-repeat;center top;;<\/p>\n<p>auto<\/p>\n<h2 id=\"LegalTeam\">Maria Meshcherskaya<\/h2>\n<p>no-repeat;center top;;<\/p>\n<p>auto<\/p>\n<p><img decoding=\"async\" src=\"\" alt=\"\"><\/p>\n<div class=\"links\">\n<p><a href=\"https:\/\/www.linkedin.com\/in\/mariameshcherskaya\/\" target=\"_blank\" rel=\"noopener\"><img decoding=\"async\" src=\"&gt;&lt;\/a&gt;&lt;\/p&gt;\n&lt;p&gt;&lt;a href=\" wp-content=\"\" uploads=\"\" 2018=\"\" 08=\"\" mariameshcherskaya_cv_fr.pdf\"=\"\" target=\"_blank\"><img decoding=\"async\" src=\"&gt; &lt;span&gt;CV&lt;\/span&gt;&lt;\/a&gt;&lt;\/p&gt;\n&lt;p&gt;&lt;a href=\" wp-content=\"\" uploads=\"\" 2018=\"\" 01=\"\" maria-meshcherskaya.vcf\"=\"\" target=\"_blank\" \"=\"\"><img decoding=\"async\" src=\"&gt; &lt;span&gt;VCard&lt;\/span&gt;&lt;\/a&gt;&lt;\/p&gt;\n&lt;\/div&gt;\n&lt;div class=\" info\"=\"\"><br \/>\n<\/a><\/p>\n<p class=\"email\"><a href=\"mailto:maria.meshcherskaya@samaniegolaw.com\">maria.meshcherskaya@samaniegolaw.com<\/a><\/p>\n<p class=\"tlf\">+34 687659403<\/p>\n<\/div>\n<p>no-repeat;center top;;<\/p>\n<p>auto<\/p>\n<p>Maria Meshcherskaya est la Directrice du D\u00e9veloppement de SAMANIEGO Law. En plus de coordonner le travail du cabinet en Am\u00e9rique latine ainsi que les partenariats internationaux du cabinet, elle est aussi la responsable du d\u00e9veloppement des affaires, des relations publiques et institutionnelles, de la communication et de l\u2019assistance \u00e0 la direction dans les projets strat\u00e9giques du cabinet.<\/p>\n<p class=\"blue-title\">Expertise et parcours professionnel<\/p>\n<p>Maria est une professionnelle cr\u00e9ative et enthousiaste poss\u00e9dant une vaste exp\u00e9rience internationale dans le domaine des services professionnels. Ces dix derni\u00e8res ann\u00e9es, son activit\u00e9 professionnelle s\u2019est principalement orient\u00e9e vers le domaine juridique.<\/p>\n<p>Avant de rejoindre SAMANIEGO Law, Maria \u00e9tait responsable du Marketing et du D\u00e9veloppement des affaires d\u2019un cabinet d\u2019avocats international \u00e0 Madrid, dans lequel elle coordonnait \u00e9galement la strat\u00e9gie du cabinet pour l\u2019Am\u00e9rique latine et apportait son soutien au comit\u00e9 de direction am\u00e9ricain et au groupe d&rsquo;avocats sp\u00e9cialis\u00e9s dans les relations commerciales avec la Russie. Auparavant, elle a travaill\u00e9 dans les secteurs de l&rsquo;immobilier, du tourisme, de la recherche et de la s\u00e9lection de cadres, ainsi qu&rsquo;au Minist\u00e8re espagnol des Affaires \u00c9trang\u00e8res.<\/p>\n<p class=\"blue-title\">Formation professionnelle<\/p>\n<p>Maria est titulaire d\u2019un dipl\u00f4me en Relations Internationales de l&rsquo;Universit\u00e9 d&rsquo;\u00c9tat de Saint-P\u00e9tersbourg, Russie (cum laude). Sa plus r\u00e9cente formation professionnelle s&rsquo;est ax\u00e9e sur le marketing digital et les nouvelles technologies.<\/p>\n<p class=\"blue-title\">Langues et autres informations pertinentes<\/p>\n<p>Maria domine non seulement sa langue maternelle russe, mais aussi l\u2019espagnol et l\u2019anglais, et a un tr\u00e8s bon niveau de fran\u00e7ais. Elle est membre de la fondation FIDE \u00e0 Madrid et participe r\u00e9guli\u00e8rement \u00e0 des s\u00e9minaires de marketing juridique et d\u2019innovation dans le domaine du droit. Maria encourage les activit\u00e9s de responsabilit\u00e9 sociale de l&rsquo;entreprise et les projets b\u00e9n\u00e9voles du cabinet.<\/p>\n<p>no-repeat;center top;;<\/p>\n<p>auto<\/p>\n","protected":false},"excerpt":{"rendered":"<p>Equipe no-repeat;center top;; auto Back to Team no-repeat;center top;; auto Maria Meshcherskaya no-repeat;center top;; auto maria.meshcherskaya@samaniegolaw.com +34 687659403 no-repeat;center top;; auto Maria Meshcherskaya est la Directrice<span class=\"excerpt-hellip\"> [\u2026]<\/span><\/p>\n","protected":false},"author":1,"featured_media":0,"parent":1409,"menu_order":0,"comment_status":"closed","ping_status":"closed","template":"","meta":{"footnotes":""},"class_list":["post-1515","page","type-page","status-publish","hentry"],"_links":{"self":[{"href":"https:\/\/samaniegolaw.com\/fr\/wp-json\/wp\/v2\/pages\/1515","targetHints":{"allow":["GET"]}}],"collection":[{"href":"https:\/\/samaniegolaw.com\/fr\/wp-json\/wp\/v2\/pages"}],"about":[{"href":"https:\/\/samaniegolaw.com\/fr\/wp-json\/wp\/v2\/types\/page"}],"author":[{"embeddable":true,"href":"https:\/\/samaniegolaw.com\/fr\/wp-json\/wp\/v2\/users\/1"}],"replies":[{"embeddable":true,"href":"https:\/\/samaniegolaw.com\/fr\/wp-json\/wp\/v2\/comments?post=1515"}],"version-history":[{"count":7,"href":"https:\/\/samaniegolaw.com\/fr\/wp-json\/wp\/v2\/pages\/1515\/revisions"}],"predecessor-version":[{"id":3418,"href":"https:\/\/samaniegolaw.com\/fr\/wp-json\/wp\/v2\/pages\/1515\/revisions\/3418"}],"up":[{"embeddable":true,"href":"https:\/\/samaniegolaw.com\/fr\/wp-json\/wp\/v2\/pages\/1409"}],"wp:attachment":[{"href":"https:\/\/samaniegolaw.com\/fr\/wp-json\/wp\/v2\/media?parent=1515"}],"curies":[{"name":"wp","href":"https:\/\/api.w.org\/{rel}","templated":true}]}}